{"id":508,"date":"2025-01-08T11:27:24","date_gmt":"2025-01-08T11:27:24","guid":{"rendered":"https:\/\/naisgarden.rs\/?post_type=product&#038;p=508"},"modified":"2025-01-08T11:27:24","modified_gmt":"2025-01-08T11:27:24","slug":"tsuga-canadensis","status":"publish","type":"product","link":"https:\/\/naisgarden.rs\/index.php\/product\/tsuga-canadensis\/","title":{"rendered":"Tsuga canadensis"},"content":{"rendered":"<p>Tsuga canadensis, poznata kao kanadska \u010duga, je elegantan zimzeleni \u010detinar poreklom iz Severne Amerike, koji se \u010desto koristi za pejza\u017eno oblikovanje zahvaljuju\u0107i svom gracioznom izgledu. Ovo drvo ima meke, tamnozelene iglice raspore\u0111ene du\u017e tankih, vise\u0107ih grana, \u0161to mu daje prepoznatljivu, opu\u0161tenu formu. Tsuga canadensis mo\u017ee dosti\u0107i visinu od 15-20 metara u prirodnim uslovima, dok u vrtovima \u010desto ostaje manjih dimenzija zahvaljuju\u0107i orezivanju. Idealna je za formiranje prirodnih ograda, vetrobrana ili kao soliter u ve\u0107im vrtovima. Tsuga uspeva na delimi\u010dno zasenjenim mestima, u vla\u017enim, dobro dreniranim i blago kiselim zemlji\u0161tima. Ova biljka je cenjena zbog svoje otpornosti na hladno\u0107u i dugove\u010dnosti, a uz pravilnu negu postaje centralni dekorativni element u svakom pejza\u017eu.<\/p>\n","protected":false},"excerpt":{"rendered":"<p>Tsuga canadensis \u2013 elegantni \u010detinar sa vise\u0107im granama, savr\u0161en za stvaranje prirodne harmonije u vrtu<\/p>\n","protected":false},"featured_media":509,"template":"","meta":[],"product_brand":[],"product_cat":[20,21],"product_tag":[125,85,158,75,157,160,159],"class_list":{"0":"post-508","1":"product","2":"type-product","3":"status-publish","4":"has-post-thumbnail","6":"product_cat-cetinari","7":"product_cat-visoki-cetinari","8":"product_tag-biljke-za-senku","9":"product_tag-dekorativno-zelenilo","10":"product_tag-elegantni-cetinari","11":"product_tag-pejzazno-uredjenje","12":"product_tag-tsuga-canadensis","13":"product_tag-vetrobran","14":"product_tag-zimzeleni-visoki-cetinari","16":"first","17":"instock","18":"shipping-taxable","19":"purchasable","20":"product-type-simple"},"yoast_head":"<!-- This site is optimized with the Yoast SEO plugin v24.8.1 - https:\/\/yoast.com\/wordpress\/plugins\/seo\/ -->\n<title>Tsuga canadensis - Nais Garden<\/title>\n<meta name=\"description\" content=\"Cenjena zbog svoje otpornosti na hladno\u0107u i dugove\u010dnosti, uz pravilnu negu postaje centralni dekorativni element u svakom pejza\u017eu\" \/>\n<meta name=\"robots\" content=\"index, follow, max-snippet:-1, max-image-preview:large, max-video-preview:-1\" \/>\n<link rel=\"canonical\" href=\"https:\/\/naisgarden.rs\/index.php\/product\/tsuga-canadensis\/\" \/>\n<meta property=\"og:locale\" content=\"sr_RS\" \/>\n<meta property=\"og:type\" content=\"article\" \/>\n<meta property=\"og:title\" content=\"Tsuga canadensis - Nais Garden\" \/>\n<meta property=\"og:description\" content=\"Cenjena zbog svoje otpornosti na hladno\u0107u i dugove\u010dnosti, uz pravilnu negu postaje centralni dekorativni element u svakom pejza\u017eu\" \/>\n<meta property=\"og:url\" content=\"https:\/\/naisgarden.rs\/index.php\/product\/tsuga-canadensis\/\" \/>\n<meta property=\"og:site_name\" content=\"Nais Garden\" \/>\n<meta property=\"article:publisher\" content=\"https:\/\/www.facebook.com\/people\/Nais-Garden\/61564041879860\/\" \/>\n<meta property=\"og:image\" content=\"https:\/\/naisgarden.rs\/wp-content\/uploads\/2025\/01\/tsuga3.jpg\" \/>\n\t<meta property=\"og:image:width\" content=\"360\" \/>\n\t<meta property=\"og:image:height\" content=\"336\" \/>\n\t<meta property=\"og:image:type\" content=\"image\/jpeg\" \/>\n<meta name=\"twitter:card\" content=\"summary_large_image\" \/>\n<meta name=\"twitter:label1\" content=\"\u041f\u0440\u043e\u0446\u0435\u045a\u0435\u043d\u043e \u0432\u0440\u0435\u043c\u0435 \u0447\u0438\u0442\u0430\u045a\u0430\" \/>\n\t<meta name=\"twitter:data1\" content=\"1 \u043c\u0438\u043d\u0443\u0442\" \/>\n<script type=\"application\/ld+json\" class=\"yoast-schema-graph\">{\"@context\":\"https:\/\/schema.org\",\"@graph\":[{\"@type\":\"WebPage\",\"@id\":\"https:\/\/naisgarden.rs\/index.php\/product\/tsuga-canadensis\/\",\"url\":\"https:\/\/naisgarden.rs\/index.php\/product\/tsuga-canadensis\/\",\"name\":\"Tsuga canadensis - Nais Garden\",\"isPartOf\":{\"@id\":\"https:\/\/naisgarden.rs\/#website\"},\"primaryImageOfPage\":{\"@id\":\"https:\/\/naisgarden.rs\/index.php\/product\/tsuga-canadensis\/#primaryimage\"},\"image\":{\"@id\":\"https:\/\/naisgarden.rs\/index.php\/product\/tsuga-canadensis\/#primaryimage\"},\"thumbnailUrl\":\"https:\/\/naisgarden.rs\/wp-content\/uploads\/2025\/01\/tsuga3.jpg\",\"datePublished\":\"2025-01-08T11:27:24+00:00\",\"description\":\"Cenjena zbog svoje otpornosti na hladno\u0107u i dugove\u010dnosti, uz pravilnu negu postaje centralni dekorativni element u svakom pejza\u017eu\",\"breadcrumb\":{\"@id\":\"https:\/\/naisgarden.rs\/index.php\/product\/tsuga-canadensis\/#breadcrumb\"},\"inLanguage\":\"sr-RS\",\"potentialAction\":[{\"@type\":\"ReadAction\",\"target\":[\"https:\/\/naisgarden.rs\/index.php\/product\/tsuga-canadensis\/\"]}]},{\"@type\":\"ImageObject\",\"inLanguage\":\"sr-RS\",\"@id\":\"https:\/\/naisgarden.rs\/index.php\/product\/tsuga-canadensis\/#primaryimage\",\"url\":\"https:\/\/naisgarden.rs\/wp-content\/uploads\/2025\/01\/tsuga3.jpg\",\"contentUrl\":\"https:\/\/naisgarden.rs\/wp-content\/uploads\/2025\/01\/tsuga3.jpg\",\"width\":360,\"height\":336,\"caption\":\"nais-garden-tsuga-canadensis\"},{\"@type\":\"BreadcrumbList\",\"@id\":\"https:\/\/naisgarden.rs\/index.php\/product\/tsuga-canadensis\/#breadcrumb\",\"itemListElement\":[{\"@type\":\"ListItem\",\"position\":1,\"name\":\"\u041f\u043e\u0447\u0435\u0442\u043d\u0430\",\"item\":\"https:\/\/naisgarden.rs\/\"},{\"@type\":\"ListItem\",\"position\":2,\"name\":\"Shop\",\"item\":\"https:\/\/naisgarden.rs\/index.php\/shop\/\"},{\"@type\":\"ListItem\",\"position\":3,\"name\":\"Tsuga canadensis\"}]},{\"@type\":\"WebSite\",\"@id\":\"https:\/\/naisgarden.rs\/#website\",\"url\":\"https:\/\/naisgarden.rs\/\",\"name\":\"Nais Garden\",\"description\":\"\",\"publisher\":{\"@id\":\"https:\/\/naisgarden.rs\/#organization\"},\"potentialAction\":[{\"@type\":\"SearchAction\",\"target\":{\"@type\":\"EntryPoint\",\"urlTemplate\":\"https:\/\/naisgarden.rs\/?s={search_term_string}\"},\"query-input\":{\"@type\":\"PropertyValueSpecification\",\"valueRequired\":true,\"valueName\":\"search_term_string\"}}],\"inLanguage\":\"sr-RS\"},{\"@type\":\"Organization\",\"@id\":\"https:\/\/naisgarden.rs\/#organization\",\"name\":\"Nais Garden\",\"url\":\"https:\/\/naisgarden.rs\/\",\"logo\":{\"@type\":\"ImageObject\",\"inLanguage\":\"sr-RS\",\"@id\":\"https:\/\/naisgarden.rs\/#\/schema\/logo\/image\/\",\"url\":\"https:\/\/naisgarden.rs\/wp-content\/uploads\/2024\/12\/logo_text_nais_garden-removebg-preview.png\",\"contentUrl\":\"https:\/\/naisgarden.rs\/wp-content\/uploads\/2024\/12\/logo_text_nais_garden-removebg-preview.png\",\"width\":560,\"height\":446,\"caption\":\"Nais Garden\"},\"image\":{\"@id\":\"https:\/\/naisgarden.rs\/#\/schema\/logo\/image\/\"},\"sameAs\":[\"https:\/\/www.facebook.com\/people\/Nais-Garden\/61564041879860\/\",\"https:\/\/www.instagram.com\/naisgarden.rs\/\"]}]}<\/script>\n<!-- \/ Yoast SEO plugin. -->","yoast_head_json":{"title":"Tsuga canadensis - Nais Garden","description":"Cenjena zbog svoje otpornosti na hladno\u0107u i dugove\u010dnosti, uz pravilnu negu postaje centralni dekorativni element u svakom pejza\u017eu","robots":{"index":"index","follow":"follow","max-snippet":"max-snippet:-1","max-image-preview":"max-image-preview:large","max-video-preview":"max-video-preview:-1"},"canonical":"https:\/\/naisgarden.rs\/index.php\/product\/tsuga-canadensis\/","og_locale":"sr_RS","og_type":"article","og_title":"Tsuga canadensis - Nais Garden","og_description":"Cenjena zbog svoje otpornosti na hladno\u0107u i dugove\u010dnosti, uz pravilnu negu postaje centralni dekorativni element u svakom pejza\u017eu","og_url":"https:\/\/naisgarden.rs\/index.php\/product\/tsuga-canadensis\/","og_site_name":"Nais Garden","article_publisher":"https:\/\/www.facebook.com\/people\/Nais-Garden\/61564041879860\/","og_image":[{"width":360,"height":336,"url":"https:\/\/naisgarden.rs\/wp-content\/uploads\/2025\/01\/tsuga3.jpg","type":"image\/jpeg"}],"twitter_card":"summary_large_image","twitter_misc":{"\u041f\u0440\u043e\u0446\u0435\u045a\u0435\u043d\u043e \u0432\u0440\u0435\u043c\u0435 \u0447\u0438\u0442\u0430\u045a\u0430":"1 \u043c\u0438\u043d\u0443\u0442"},"schema":{"@context":"https:\/\/schema.org","@graph":[{"@type":"WebPage","@id":"https:\/\/naisgarden.rs\/index.php\/product\/tsuga-canadensis\/","url":"https:\/\/naisgarden.rs\/index.php\/product\/tsuga-canadensis\/","name":"Tsuga canadensis - Nais Garden","isPartOf":{"@id":"https:\/\/naisgarden.rs\/#website"},"primaryImageOfPage":{"@id":"https:\/\/naisgarden.rs\/index.php\/product\/tsuga-canadensis\/#primaryimage"},"image":{"@id":"https:\/\/naisgarden.rs\/index.php\/product\/tsuga-canadensis\/#primaryimage"},"thumbnailUrl":"https:\/\/naisgarden.rs\/wp-content\/uploads\/2025\/01\/tsuga3.jpg","datePublished":"2025-01-08T11:27:24+00:00","description":"Cenjena zbog svoje otpornosti na hladno\u0107u i dugove\u010dnosti, uz pravilnu negu postaje centralni dekorativni element u svakom pejza\u017eu","breadcrumb":{"@id":"https:\/\/naisgarden.rs\/index.php\/product\/tsuga-canadensis\/#breadcrumb"},"inLanguage":"sr-RS","potentialAction":[{"@type":"ReadAction","target":["https:\/\/naisgarden.rs\/index.php\/product\/tsuga-canadensis\/"]}]},{"@type":"ImageObject","inLanguage":"sr-RS","@id":"https:\/\/naisgarden.rs\/index.php\/product\/tsuga-canadensis\/#primaryimage","url":"https:\/\/naisgarden.rs\/wp-content\/uploads\/2025\/01\/tsuga3.jpg","contentUrl":"https:\/\/naisgarden.rs\/wp-content\/uploads\/2025\/01\/tsuga3.jpg","width":360,"height":336,"caption":"nais-garden-tsuga-canadensis"},{"@type":"BreadcrumbList","@id":"https:\/\/naisgarden.rs\/index.php\/product\/tsuga-canadensis\/#breadcrumb","itemListElement":[{"@type":"ListItem","position":1,"name":"\u041f\u043e\u0447\u0435\u0442\u043d\u0430","item":"https:\/\/naisgarden.rs\/"},{"@type":"ListItem","position":2,"name":"Shop","item":"https:\/\/naisgarden.rs\/index.php\/shop\/"},{"@type":"ListItem","position":3,"name":"Tsuga canadensis"}]},{"@type":"WebSite","@id":"https:\/\/naisgarden.rs\/#website","url":"https:\/\/naisgarden.rs\/","name":"Nais Garden","description":"","publisher":{"@id":"https:\/\/naisgarden.rs\/#organization"},"potentialAction":[{"@type":"SearchAction","target":{"@type":"EntryPoint","urlTemplate":"https:\/\/naisgarden.rs\/?s={search_term_string}"},"query-input":{"@type":"PropertyValueSpecification","valueRequired":true,"valueName":"search_term_string"}}],"inLanguage":"sr-RS"},{"@type":"Organization","@id":"https:\/\/naisgarden.rs\/#organization","name":"Nais Garden","url":"https:\/\/naisgarden.rs\/","logo":{"@type":"ImageObject","inLanguage":"sr-RS","@id":"https:\/\/naisgarden.rs\/#\/schema\/logo\/image\/","url":"https:\/\/naisgarden.rs\/wp-content\/uploads\/2024\/12\/logo_text_nais_garden-removebg-preview.png","contentUrl":"https:\/\/naisgarden.rs\/wp-content\/uploads\/2024\/12\/logo_text_nais_garden-removebg-preview.png","width":560,"height":446,"caption":"Nais Garden"},"image":{"@id":"https:\/\/naisgarden.rs\/#\/schema\/logo\/image\/"},"sameAs":["https:\/\/www.facebook.com\/people\/Nais-Garden\/61564041879860\/","https:\/\/www.instagram.com\/naisgarden.rs\/"]}]}},"_links":{"self":[{"href":"https:\/\/naisgarden.rs\/index.php\/wp-json\/wp\/v2\/product\/508","targetHints":{"allow":["GET"]}}],"collection":[{"href":"https:\/\/naisgarden.rs\/index.php\/wp-json\/wp\/v2\/product"}],"about":[{"href":"https:\/\/naisgarden.rs\/index.php\/wp-json\/wp\/v2\/types\/product"}],"wp:featuredmedia":[{"embeddable":true,"href":"https:\/\/naisgarden.rs\/index.php\/wp-json\/wp\/v2\/media\/509"}],"wp:attachment":[{"href":"https:\/\/naisgarden.rs\/index.php\/wp-json\/wp\/v2\/media?parent=508"}],"wp:term":[{"taxonomy":"product_brand","embeddable":true,"href":"https:\/\/naisgarden.rs\/index.php\/wp-json\/wp\/v2\/product_brand?post=508"},{"taxonomy":"product_cat","embeddable":true,"href":"https:\/\/naisgarden.rs\/index.php\/wp-json\/wp\/v2\/product_cat?post=508"},{"taxonomy":"product_tag","embeddable":true,"href":"https:\/\/naisgarden.rs\/index.php\/wp-json\/wp\/v2\/product_tag?post=508"}],"curies":[{"name":"wp","href":"https:\/\/api.w.org\/{rel}","templated":true}]}}