{"id":505,"date":"2025-01-08T11:18:58","date_gmt":"2025-01-08T11:18:58","guid":{"rendered":"https:\/\/naisgarden.rs\/?post_type=product&#038;p=505"},"modified":"2025-01-08T11:18:58","modified_gmt":"2025-01-08T11:18:58","slug":"pinus-strobus-nana","status":"publish","type":"product","link":"https:\/\/naisgarden.rs\/index.php\/product\/pinus-strobus-nana\/","title":{"rendered":"Pinus strobus &#8216;Nana&#8217;"},"content":{"rendered":"<p>Pinus strobus &#8216;Nana&#8217;, poznata i kao patuljasta belogorica, je kompaktna varijanta belog bora poreklom iz Severne Amerike. Ova zimzelena biljka ima gust, zaobljen rast i meke, igli\u010daste listove u srebrnkasto-zelenim nijansama koji unose suptilnu eleganciju u svaki vrt. Zbog svog sporog rasta, &#8216;Nana&#8217; dosti\u017ee visinu od 1 do 1,5 metra, \u0161to je \u010dini idealnom za manje vrtove, kamenjare, niske granice ili sadnju u saksijama. Pinus strobus &#8216;Nana&#8217; preferira sun\u010dane polo\u017eaje i dobro drenirano zemlji\u0161te, a odlikuje se visokom otporno\u0161\u0107u na hladno\u0107u i minimalnim zahtevima za odr\u017eavanje. Ova biljka je odli\u010dan izbor za one koji \u017eele dugotrajnu dekoraciju sa izra\u017eenim teksturalnim kontrastom u pejza\u017enom dizajnu.<\/p>\n","protected":false},"excerpt":{"rendered":"<p>Pinus strobus &#8216;Nana&#8217; \u2013 patuljasti bor sa mekim iglicama koji unosi mir i teksturu u svaki vrt<\/p>\n","protected":false},"featured_media":506,"template":"","meta":[],"product_brand":[],"product_cat":[20,22],"product_tag":[85,153,155,152,75,151,156,154],"class_list":{"0":"post-505","1":"product","2":"type-product","3":"status-publish","4":"has-post-thumbnail","6":"product_cat-cetinari","7":"product_cat-niski-cetinari","8":"product_tag-dekorativno-zelenilo","9":"product_tag-kompaktni-bor","10":"product_tag-otporni-cetinari","11":"product_tag-patuljasti-cetinari","12":"product_tag-pejzazno-uredjenje","13":"product_tag-pinus-strobus-nana","14":"product_tag-srebrnozelene-iglicama","15":"product_tag-zimzeleni-niski-cetinari","17":"first","18":"instock","19":"shipping-taxable","20":"purchasable","21":"product-type-simple"},"yoast_head":"<!-- This site is optimized with the Yoast SEO plugin v24.8.1 - https:\/\/yoast.com\/wordpress\/plugins\/seo\/ -->\n<title>Pinus strobus &#039;Nana&#039; - Nais Garden<\/title>\n<meta name=\"description\" content=\"Preferira sun\u010dane polo\u017eaje i dobro drenirano zemlji\u0161te, a odlikuje se visokom otporno\u0161\u0107u na hladno\u0107u i minimalnim zahtevima za odr\u017eavanje\" \/>\n<meta name=\"robots\" content=\"index, follow, max-snippet:-1, max-image-preview:large, max-video-preview:-1\" \/>\n<link rel=\"canonical\" href=\"https:\/\/naisgarden.rs\/index.php\/product\/pinus-strobus-nana\/\" \/>\n<meta property=\"og:locale\" content=\"sr_RS\" \/>\n<meta property=\"og:type\" content=\"article\" \/>\n<meta property=\"og:title\" content=\"Pinus strobus &#039;Nana&#039; - Nais Garden\" \/>\n<meta property=\"og:description\" content=\"Preferira sun\u010dane polo\u017eaje i dobro drenirano zemlji\u0161te, a odlikuje se visokom otporno\u0161\u0107u na hladno\u0107u i minimalnim zahtevima za odr\u017eavanje\" \/>\n<meta property=\"og:url\" content=\"https:\/\/naisgarden.rs\/index.php\/product\/pinus-strobus-nana\/\" \/>\n<meta property=\"og:site_name\" content=\"Nais Garden\" \/>\n<meta property=\"article:publisher\" content=\"https:\/\/www.facebook.com\/people\/Nais-Garden\/61564041879860\/\" \/>\n<meta property=\"og:image\" content=\"https:\/\/naisgarden.rs\/wp-content\/uploads\/2025\/01\/nana2-scaled.jpg\" \/>\n\t<meta property=\"og:image:width\" content=\"2560\" \/>\n\t<meta property=\"og:image:height\" content=\"2560\" \/>\n\t<meta property=\"og:image:type\" content=\"image\/jpeg\" \/>\n<meta name=\"twitter:card\" content=\"summary_large_image\" \/>\n<meta name=\"twitter:label1\" content=\"\u041f\u0440\u043e\u0446\u0435\u045a\u0435\u043d\u043e \u0432\u0440\u0435\u043c\u0435 \u0447\u0438\u0442\u0430\u045a\u0430\" \/>\n\t<meta name=\"twitter:data1\" content=\"1 \u043c\u0438\u043d\u0443\u0442\" \/>\n<script type=\"application\/ld+json\" class=\"yoast-schema-graph\">{\"@context\":\"https:\/\/schema.org\",\"@graph\":[{\"@type\":\"WebPage\",\"@id\":\"https:\/\/naisgarden.rs\/index.php\/product\/pinus-strobus-nana\/\",\"url\":\"https:\/\/naisgarden.rs\/index.php\/product\/pinus-strobus-nana\/\",\"name\":\"Pinus strobus 'Nana' - Nais Garden\",\"isPartOf\":{\"@id\":\"https:\/\/naisgarden.rs\/#website\"},\"primaryImageOfPage\":{\"@id\":\"https:\/\/naisgarden.rs\/index.php\/product\/pinus-strobus-nana\/#primaryimage\"},\"image\":{\"@id\":\"https:\/\/naisgarden.rs\/index.php\/product\/pinus-strobus-nana\/#primaryimage\"},\"thumbnailUrl\":\"https:\/\/naisgarden.rs\/wp-content\/uploads\/2025\/01\/nana2-scaled.jpg\",\"datePublished\":\"2025-01-08T11:18:58+00:00\",\"description\":\"Preferira sun\u010dane polo\u017eaje i dobro drenirano zemlji\u0161te, a odlikuje se visokom otporno\u0161\u0107u na hladno\u0107u i minimalnim zahtevima za odr\u017eavanje\",\"breadcrumb\":{\"@id\":\"https:\/\/naisgarden.rs\/index.php\/product\/pinus-strobus-nana\/#breadcrumb\"},\"inLanguage\":\"sr-RS\",\"potentialAction\":[{\"@type\":\"ReadAction\",\"target\":[\"https:\/\/naisgarden.rs\/index.php\/product\/pinus-strobus-nana\/\"]}]},{\"@type\":\"ImageObject\",\"inLanguage\":\"sr-RS\",\"@id\":\"https:\/\/naisgarden.rs\/index.php\/product\/pinus-strobus-nana\/#primaryimage\",\"url\":\"https:\/\/naisgarden.rs\/wp-content\/uploads\/2025\/01\/nana2-scaled.jpg\",\"contentUrl\":\"https:\/\/naisgarden.rs\/wp-content\/uploads\/2025\/01\/nana2-scaled.jpg\",\"width\":2560,\"height\":2560,\"caption\":\"nais-garden-pinus-strobus-nana\"},{\"@type\":\"BreadcrumbList\",\"@id\":\"https:\/\/naisgarden.rs\/index.php\/product\/pinus-strobus-nana\/#breadcrumb\",\"itemListElement\":[{\"@type\":\"ListItem\",\"position\":1,\"name\":\"\u041f\u043e\u0447\u0435\u0442\u043d\u0430\",\"item\":\"https:\/\/naisgarden.rs\/\"},{\"@type\":\"ListItem\",\"position\":2,\"name\":\"Shop\",\"item\":\"https:\/\/naisgarden.rs\/index.php\/shop\/\"},{\"@type\":\"ListItem\",\"position\":3,\"name\":\"Pinus strobus &#8216;Nana&#8217;\"}]},{\"@type\":\"WebSite\",\"@id\":\"https:\/\/naisgarden.rs\/#website\",\"url\":\"https:\/\/naisgarden.rs\/\",\"name\":\"Nais Garden\",\"description\":\"\",\"publisher\":{\"@id\":\"https:\/\/naisgarden.rs\/#organization\"},\"potentialAction\":[{\"@type\":\"SearchAction\",\"target\":{\"@type\":\"EntryPoint\",\"urlTemplate\":\"https:\/\/naisgarden.rs\/?s={search_term_string}\"},\"query-input\":{\"@type\":\"PropertyValueSpecification\",\"valueRequired\":true,\"valueName\":\"search_term_string\"}}],\"inLanguage\":\"sr-RS\"},{\"@type\":\"Organization\",\"@id\":\"https:\/\/naisgarden.rs\/#organization\",\"name\":\"Nais Garden\",\"url\":\"https:\/\/naisgarden.rs\/\",\"logo\":{\"@type\":\"ImageObject\",\"inLanguage\":\"sr-RS\",\"@id\":\"https:\/\/naisgarden.rs\/#\/schema\/logo\/image\/\",\"url\":\"https:\/\/naisgarden.rs\/wp-content\/uploads\/2024\/12\/logo_text_nais_garden-removebg-preview.png\",\"contentUrl\":\"https:\/\/naisgarden.rs\/wp-content\/uploads\/2024\/12\/logo_text_nais_garden-removebg-preview.png\",\"width\":560,\"height\":446,\"caption\":\"Nais Garden\"},\"image\":{\"@id\":\"https:\/\/naisgarden.rs\/#\/schema\/logo\/image\/\"},\"sameAs\":[\"https:\/\/www.facebook.com\/people\/Nais-Garden\/61564041879860\/\",\"https:\/\/www.instagram.com\/naisgarden.rs\/\"]}]}<\/script>\n<!-- \/ Yoast SEO plugin. -->","yoast_head_json":{"title":"Pinus strobus 'Nana' - Nais Garden","description":"Preferira sun\u010dane polo\u017eaje i dobro drenirano zemlji\u0161te, a odlikuje se visokom otporno\u0161\u0107u na hladno\u0107u i minimalnim zahtevima za odr\u017eavanje","robots":{"index":"index","follow":"follow","max-snippet":"max-snippet:-1","max-image-preview":"max-image-preview:large","max-video-preview":"max-video-preview:-1"},"canonical":"https:\/\/naisgarden.rs\/index.php\/product\/pinus-strobus-nana\/","og_locale":"sr_RS","og_type":"article","og_title":"Pinus strobus 'Nana' - Nais Garden","og_description":"Preferira sun\u010dane polo\u017eaje i dobro drenirano zemlji\u0161te, a odlikuje se visokom otporno\u0161\u0107u na hladno\u0107u i minimalnim zahtevima za odr\u017eavanje","og_url":"https:\/\/naisgarden.rs\/index.php\/product\/pinus-strobus-nana\/","og_site_name":"Nais Garden","article_publisher":"https:\/\/www.facebook.com\/people\/Nais-Garden\/61564041879860\/","og_image":[{"width":2560,"height":2560,"url":"https:\/\/naisgarden.rs\/wp-content\/uploads\/2025\/01\/nana2-scaled.jpg","type":"image\/jpeg"}],"twitter_card":"summary_large_image","twitter_misc":{"\u041f\u0440\u043e\u0446\u0435\u045a\u0435\u043d\u043e \u0432\u0440\u0435\u043c\u0435 \u0447\u0438\u0442\u0430\u045a\u0430":"1 \u043c\u0438\u043d\u0443\u0442"},"schema":{"@context":"https:\/\/schema.org","@graph":[{"@type":"WebPage","@id":"https:\/\/naisgarden.rs\/index.php\/product\/pinus-strobus-nana\/","url":"https:\/\/naisgarden.rs\/index.php\/product\/pinus-strobus-nana\/","name":"Pinus strobus 'Nana' - Nais Garden","isPartOf":{"@id":"https:\/\/naisgarden.rs\/#website"},"primaryImageOfPage":{"@id":"https:\/\/naisgarden.rs\/index.php\/product\/pinus-strobus-nana\/#primaryimage"},"image":{"@id":"https:\/\/naisgarden.rs\/index.php\/product\/pinus-strobus-nana\/#primaryimage"},"thumbnailUrl":"https:\/\/naisgarden.rs\/wp-content\/uploads\/2025\/01\/nana2-scaled.jpg","datePublished":"2025-01-08T11:18:58+00:00","description":"Preferira sun\u010dane polo\u017eaje i dobro drenirano zemlji\u0161te, a odlikuje se visokom otporno\u0161\u0107u na hladno\u0107u i minimalnim zahtevima za odr\u017eavanje","breadcrumb":{"@id":"https:\/\/naisgarden.rs\/index.php\/product\/pinus-strobus-nana\/#breadcrumb"},"inLanguage":"sr-RS","potentialAction":[{"@type":"ReadAction","target":["https:\/\/naisgarden.rs\/index.php\/product\/pinus-strobus-nana\/"]}]},{"@type":"ImageObject","inLanguage":"sr-RS","@id":"https:\/\/naisgarden.rs\/index.php\/product\/pinus-strobus-nana\/#primaryimage","url":"https:\/\/naisgarden.rs\/wp-content\/uploads\/2025\/01\/nana2-scaled.jpg","contentUrl":"https:\/\/naisgarden.rs\/wp-content\/uploads\/2025\/01\/nana2-scaled.jpg","width":2560,"height":2560,"caption":"nais-garden-pinus-strobus-nana"},{"@type":"BreadcrumbList","@id":"https:\/\/naisgarden.rs\/index.php\/product\/pinus-strobus-nana\/#breadcrumb","itemListElement":[{"@type":"ListItem","position":1,"name":"\u041f\u043e\u0447\u0435\u0442\u043d\u0430","item":"https:\/\/naisgarden.rs\/"},{"@type":"ListItem","position":2,"name":"Shop","item":"https:\/\/naisgarden.rs\/index.php\/shop\/"},{"@type":"ListItem","position":3,"name":"Pinus strobus &#8216;Nana&#8217;"}]},{"@type":"WebSite","@id":"https:\/\/naisgarden.rs\/#website","url":"https:\/\/naisgarden.rs\/","name":"Nais Garden","description":"","publisher":{"@id":"https:\/\/naisgarden.rs\/#organization"},"potentialAction":[{"@type":"SearchAction","target":{"@type":"EntryPoint","urlTemplate":"https:\/\/naisgarden.rs\/?s={search_term_string}"},"query-input":{"@type":"PropertyValueSpecification","valueRequired":true,"valueName":"search_term_string"}}],"inLanguage":"sr-RS"},{"@type":"Organization","@id":"https:\/\/naisgarden.rs\/#organization","name":"Nais Garden","url":"https:\/\/naisgarden.rs\/","logo":{"@type":"ImageObject","inLanguage":"sr-RS","@id":"https:\/\/naisgarden.rs\/#\/schema\/logo\/image\/","url":"https:\/\/naisgarden.rs\/wp-content\/uploads\/2024\/12\/logo_text_nais_garden-removebg-preview.png","contentUrl":"https:\/\/naisgarden.rs\/wp-content\/uploads\/2024\/12\/logo_text_nais_garden-removebg-preview.png","width":560,"height":446,"caption":"Nais Garden"},"image":{"@id":"https:\/\/naisgarden.rs\/#\/schema\/logo\/image\/"},"sameAs":["https:\/\/www.facebook.com\/people\/Nais-Garden\/61564041879860\/","https:\/\/www.instagram.com\/naisgarden.rs\/"]}]}},"_links":{"self":[{"href":"https:\/\/naisgarden.rs\/index.php\/wp-json\/wp\/v2\/product\/505","targetHints":{"allow":["GET"]}}],"collection":[{"href":"https:\/\/naisgarden.rs\/index.php\/wp-json\/wp\/v2\/product"}],"about":[{"href":"https:\/\/naisgarden.rs\/index.php\/wp-json\/wp\/v2\/types\/product"}],"wp:featuredmedia":[{"embeddable":true,"href":"https:\/\/naisgarden.rs\/index.php\/wp-json\/wp\/v2\/media\/506"}],"wp:attachment":[{"href":"https:\/\/naisgarden.rs\/index.php\/wp-json\/wp\/v2\/media?parent=505"}],"wp:term":[{"taxonomy":"product_brand","embeddable":true,"href":"https:\/\/naisgarden.rs\/index.php\/wp-json\/wp\/v2\/product_brand?post=505"},{"taxonomy":"product_cat","embeddable":true,"href":"https:\/\/naisgarden.rs\/index.php\/wp-json\/wp\/v2\/product_cat?post=505"},{"taxonomy":"product_tag","embeddable":true,"href":"https:\/\/naisgarden.rs\/index.php\/wp-json\/wp\/v2\/product_tag?post=505"}],"curies":[{"name":"wp","href":"https:\/\/api.w.org\/{rel}","templated":true}]}}