{"id":452,"date":"2024-12-27T12:10:12","date_gmt":"2024-12-27T12:10:12","guid":{"rendered":"https:\/\/naisgarden.rs\/?post_type=product&#038;p=452"},"modified":"2025-01-03T10:02:53","modified_gmt":"2025-01-03T10:02:53","slug":"trachycarpus-fortunei","status":"publish","type":"product","link":"https:\/\/naisgarden.rs\/index.php\/product\/trachycarpus-fortunei\/","title":{"rendered":"Trachycarpus fortunei &#8216;Kineska palma&#8217;"},"content":{"rendered":"<p>Trachycarpus fortunei\u00a0 je elegantna palma poreklom iz isto\u010dne Azije, posebno iz Kine i Japana. Ovo zimzeleno drvo prepoznatljivo je po svom uspravnom stablu prekrivenom vlaknastim omota\u010dem i velikim, lepezastim, tamnozelenim listovima. Trachycarpus fortunei je jedna od najotpornijih vrsta palmi, sposobna da izdr\u017ei niske temperature, \u0161to je \u010dini savr\u0161enim izborom za kontinentalne ba\u0161te i pejza\u017ee. Mo\u017ee dosti\u0107i visinu od 10-15 metara u povoljnim uslovima, ali raste relativno sporo. Obi\u010dno se koristi kao ukrasna biljka u vrtovima, parkovima, pored bazena ili kao soliter koji dodaje tropsku notu prostoru. Zahteva sun\u010dano do delimi\u010dno zasenjeno mesto i dobro drenirano zemlji\u0161te, a otporna je na vetar i sneg, \u0161to je \u010dini izuzetno prilagodljivom i jednostavnom za odr\u017eavanje.<\/p>\n","protected":false},"excerpt":{"rendered":"<p>Trachycarpus fortunei \u2013 otporna palma koja donosi tropsku atmosferu i eleganciju \u010dak i u hladnije krajeve<\/p>\n","protected":false},"featured_media":453,"template":"","meta":[],"product_brand":[],"product_cat":[28],"product_tag":[85,72,96,94,130,131,124,132],"class_list":{"0":"post-452","1":"product","2":"type-product","3":"status-publish","4":"has-post-thumbnail","6":"product_cat-egzoticno-bilje","7":"product_tag-dekorativno-zelenilo","8":"product_tag-egzoticne-biljke","9":"product_tag-otporne-biljke","10":"product_tag-pajzazno-uredjenje","11":"product_tag-palma","12":"product_tag-trachycarpus-fortunei","13":"product_tag-tropske-biljke","14":"product_tag-ukrasne-palme-za-dvoriste","16":"first","17":"instock","18":"shipping-taxable","19":"purchasable","20":"product-type-simple"},"yoast_head":"<!-- This site is optimized with the Yoast SEO plugin v24.8.1 - https:\/\/yoast.com\/wordpress\/plugins\/seo\/ -->\n<title>Trachycarpus fortunei &#039;Kineska palma&#039; - Nais Garden<\/title>\n<meta name=\"description\" content=\"Trachycarpus fortunei \u2013 otporna palma koja donosi tropsku atmosferu i eleganciju \u010dak i u hladnije krajeve. Mo\u017ee dosti\u0107i visinu od 10-15 metara\" \/>\n<meta name=\"robots\" content=\"index, follow, max-snippet:-1, max-image-preview:large, max-video-preview:-1\" \/>\n<link rel=\"canonical\" href=\"https:\/\/naisgarden.rs\/index.php\/product\/trachycarpus-fortunei\/\" \/>\n<meta property=\"og:locale\" content=\"sr_RS\" \/>\n<meta property=\"og:type\" content=\"article\" \/>\n<meta property=\"og:title\" content=\"Trachycarpus fortunei &#039;Kineska palma&#039; - Nais Garden\" \/>\n<meta property=\"og:description\" content=\"Trachycarpus fortunei \u2013 otporna palma koja donosi tropsku atmosferu i eleganciju \u010dak i u hladnije krajeve. Mo\u017ee dosti\u0107i visinu od 10-15 metara\" \/>\n<meta property=\"og:url\" content=\"https:\/\/naisgarden.rs\/index.php\/product\/trachycarpus-fortunei\/\" \/>\n<meta property=\"og:site_name\" content=\"Nais Garden\" \/>\n<meta property=\"article:publisher\" content=\"https:\/\/www.facebook.com\/people\/Nais-Garden\/61564041879860\/\" \/>\n<meta property=\"article:modified_time\" content=\"2025-01-03T10:02:53+00:00\" \/>\n<meta property=\"og:image\" content=\"https:\/\/naisgarden.rs\/wp-content\/uploads\/2024\/12\/palm3-scaled.jpg\" \/>\n\t<meta property=\"og:image:width\" content=\"2560\" \/>\n\t<meta property=\"og:image:height\" content=\"2560\" \/>\n\t<meta property=\"og:image:type\" content=\"image\/jpeg\" \/>\n<meta name=\"twitter:card\" content=\"summary_large_image\" \/>\n<meta name=\"twitter:label1\" content=\"\u041f\u0440\u043e\u0446\u0435\u045a\u0435\u043d\u043e \u0432\u0440\u0435\u043c\u0435 \u0447\u0438\u0442\u0430\u045a\u0430\" \/>\n\t<meta name=\"twitter:data1\" content=\"1 \u043c\u0438\u043d\u0443\u0442\" \/>\n<script type=\"application\/ld+json\" class=\"yoast-schema-graph\">{\"@context\":\"https:\/\/schema.org\",\"@graph\":[{\"@type\":\"WebPage\",\"@id\":\"https:\/\/naisgarden.rs\/index.php\/product\/trachycarpus-fortunei\/\",\"url\":\"https:\/\/naisgarden.rs\/index.php\/product\/trachycarpus-fortunei\/\",\"name\":\"Trachycarpus fortunei 'Kineska palma' - Nais Garden\",\"isPartOf\":{\"@id\":\"https:\/\/naisgarden.rs\/#website\"},\"primaryImageOfPage\":{\"@id\":\"https:\/\/naisgarden.rs\/index.php\/product\/trachycarpus-fortunei\/#primaryimage\"},\"image\":{\"@id\":\"https:\/\/naisgarden.rs\/index.php\/product\/trachycarpus-fortunei\/#primaryimage\"},\"thumbnailUrl\":\"https:\/\/naisgarden.rs\/wp-content\/uploads\/2024\/12\/palm3-scaled.jpg\",\"datePublished\":\"2024-12-27T12:10:12+00:00\",\"dateModified\":\"2025-01-03T10:02:53+00:00\",\"description\":\"Trachycarpus fortunei \u2013 otporna palma koja donosi tropsku atmosferu i eleganciju \u010dak i u hladnije krajeve. Mo\u017ee dosti\u0107i visinu od 10-15 metara\",\"breadcrumb\":{\"@id\":\"https:\/\/naisgarden.rs\/index.php\/product\/trachycarpus-fortunei\/#breadcrumb\"},\"inLanguage\":\"sr-RS\",\"potentialAction\":[{\"@type\":\"ReadAction\",\"target\":[\"https:\/\/naisgarden.rs\/index.php\/product\/trachycarpus-fortunei\/\"]}]},{\"@type\":\"ImageObject\",\"inLanguage\":\"sr-RS\",\"@id\":\"https:\/\/naisgarden.rs\/index.php\/product\/trachycarpus-fortunei\/#primaryimage\",\"url\":\"https:\/\/naisgarden.rs\/wp-content\/uploads\/2024\/12\/palm3-scaled.jpg\",\"contentUrl\":\"https:\/\/naisgarden.rs\/wp-content\/uploads\/2024\/12\/palm3-scaled.jpg\",\"width\":2560,\"height\":2560,\"caption\":\"nais-garden-trachycarpus-fortunei\"},{\"@type\":\"BreadcrumbList\",\"@id\":\"https:\/\/naisgarden.rs\/index.php\/product\/trachycarpus-fortunei\/#breadcrumb\",\"itemListElement\":[{\"@type\":\"ListItem\",\"position\":1,\"name\":\"\u041f\u043e\u0447\u0435\u0442\u043d\u0430\",\"item\":\"https:\/\/naisgarden.rs\/\"},{\"@type\":\"ListItem\",\"position\":2,\"name\":\"Shop\",\"item\":\"https:\/\/naisgarden.rs\/index.php\/shop\/\"},{\"@type\":\"ListItem\",\"position\":3,\"name\":\"Trachycarpus fortunei &#8216;Kineska palma&#8217;\"}]},{\"@type\":\"WebSite\",\"@id\":\"https:\/\/naisgarden.rs\/#website\",\"url\":\"https:\/\/naisgarden.rs\/\",\"name\":\"Nais Garden\",\"description\":\"\",\"publisher\":{\"@id\":\"https:\/\/naisgarden.rs\/#organization\"},\"potentialAction\":[{\"@type\":\"SearchAction\",\"target\":{\"@type\":\"EntryPoint\",\"urlTemplate\":\"https:\/\/naisgarden.rs\/?s={search_term_string}\"},\"query-input\":{\"@type\":\"PropertyValueSpecification\",\"valueRequired\":true,\"valueName\":\"search_term_string\"}}],\"inLanguage\":\"sr-RS\"},{\"@type\":\"Organization\",\"@id\":\"https:\/\/naisgarden.rs\/#organization\",\"name\":\"Nais Garden\",\"url\":\"https:\/\/naisgarden.rs\/\",\"logo\":{\"@type\":\"ImageObject\",\"inLanguage\":\"sr-RS\",\"@id\":\"https:\/\/naisgarden.rs\/#\/schema\/logo\/image\/\",\"url\":\"https:\/\/naisgarden.rs\/wp-content\/uploads\/2024\/12\/logo_text_nais_garden-removebg-preview.png\",\"contentUrl\":\"https:\/\/naisgarden.rs\/wp-content\/uploads\/2024\/12\/logo_text_nais_garden-removebg-preview.png\",\"width\":560,\"height\":446,\"caption\":\"Nais Garden\"},\"image\":{\"@id\":\"https:\/\/naisgarden.rs\/#\/schema\/logo\/image\/\"},\"sameAs\":[\"https:\/\/www.facebook.com\/people\/Nais-Garden\/61564041879860\/\",\"https:\/\/www.instagram.com\/naisgarden.rs\/\"]}]}<\/script>\n<!-- \/ Yoast SEO plugin. -->","yoast_head_json":{"title":"Trachycarpus fortunei 'Kineska palma' - Nais Garden","description":"Trachycarpus fortunei \u2013 otporna palma koja donosi tropsku atmosferu i eleganciju \u010dak i u hladnije krajeve. Mo\u017ee dosti\u0107i visinu od 10-15 metara","robots":{"index":"index","follow":"follow","max-snippet":"max-snippet:-1","max-image-preview":"max-image-preview:large","max-video-preview":"max-video-preview:-1"},"canonical":"https:\/\/naisgarden.rs\/index.php\/product\/trachycarpus-fortunei\/","og_locale":"sr_RS","og_type":"article","og_title":"Trachycarpus fortunei 'Kineska palma' - Nais Garden","og_description":"Trachycarpus fortunei \u2013 otporna palma koja donosi tropsku atmosferu i eleganciju \u010dak i u hladnije krajeve. Mo\u017ee dosti\u0107i visinu od 10-15 metara","og_url":"https:\/\/naisgarden.rs\/index.php\/product\/trachycarpus-fortunei\/","og_site_name":"Nais Garden","article_publisher":"https:\/\/www.facebook.com\/people\/Nais-Garden\/61564041879860\/","article_modified_time":"2025-01-03T10:02:53+00:00","og_image":[{"width":2560,"height":2560,"url":"https:\/\/naisgarden.rs\/wp-content\/uploads\/2024\/12\/palm3-scaled.jpg","type":"image\/jpeg"}],"twitter_card":"summary_large_image","twitter_misc":{"\u041f\u0440\u043e\u0446\u0435\u045a\u0435\u043d\u043e \u0432\u0440\u0435\u043c\u0435 \u0447\u0438\u0442\u0430\u045a\u0430":"1 \u043c\u0438\u043d\u0443\u0442"},"schema":{"@context":"https:\/\/schema.org","@graph":[{"@type":"WebPage","@id":"https:\/\/naisgarden.rs\/index.php\/product\/trachycarpus-fortunei\/","url":"https:\/\/naisgarden.rs\/index.php\/product\/trachycarpus-fortunei\/","name":"Trachycarpus fortunei 'Kineska palma' - Nais Garden","isPartOf":{"@id":"https:\/\/naisgarden.rs\/#website"},"primaryImageOfPage":{"@id":"https:\/\/naisgarden.rs\/index.php\/product\/trachycarpus-fortunei\/#primaryimage"},"image":{"@id":"https:\/\/naisgarden.rs\/index.php\/product\/trachycarpus-fortunei\/#primaryimage"},"thumbnailUrl":"https:\/\/naisgarden.rs\/wp-content\/uploads\/2024\/12\/palm3-scaled.jpg","datePublished":"2024-12-27T12:10:12+00:00","dateModified":"2025-01-03T10:02:53+00:00","description":"Trachycarpus fortunei \u2013 otporna palma koja donosi tropsku atmosferu i eleganciju \u010dak i u hladnije krajeve. Mo\u017ee dosti\u0107i visinu od 10-15 metara","breadcrumb":{"@id":"https:\/\/naisgarden.rs\/index.php\/product\/trachycarpus-fortunei\/#breadcrumb"},"inLanguage":"sr-RS","potentialAction":[{"@type":"ReadAction","target":["https:\/\/naisgarden.rs\/index.php\/product\/trachycarpus-fortunei\/"]}]},{"@type":"ImageObject","inLanguage":"sr-RS","@id":"https:\/\/naisgarden.rs\/index.php\/product\/trachycarpus-fortunei\/#primaryimage","url":"https:\/\/naisgarden.rs\/wp-content\/uploads\/2024\/12\/palm3-scaled.jpg","contentUrl":"https:\/\/naisgarden.rs\/wp-content\/uploads\/2024\/12\/palm3-scaled.jpg","width":2560,"height":2560,"caption":"nais-garden-trachycarpus-fortunei"},{"@type":"BreadcrumbList","@id":"https:\/\/naisgarden.rs\/index.php\/product\/trachycarpus-fortunei\/#breadcrumb","itemListElement":[{"@type":"ListItem","position":1,"name":"\u041f\u043e\u0447\u0435\u0442\u043d\u0430","item":"https:\/\/naisgarden.rs\/"},{"@type":"ListItem","position":2,"name":"Shop","item":"https:\/\/naisgarden.rs\/index.php\/shop\/"},{"@type":"ListItem","position":3,"name":"Trachycarpus fortunei &#8216;Kineska palma&#8217;"}]},{"@type":"WebSite","@id":"https:\/\/naisgarden.rs\/#website","url":"https:\/\/naisgarden.rs\/","name":"Nais Garden","description":"","publisher":{"@id":"https:\/\/naisgarden.rs\/#organization"},"potentialAction":[{"@type":"SearchAction","target":{"@type":"EntryPoint","urlTemplate":"https:\/\/naisgarden.rs\/?s={search_term_string}"},"query-input":{"@type":"PropertyValueSpecification","valueRequired":true,"valueName":"search_term_string"}}],"inLanguage":"sr-RS"},{"@type":"Organization","@id":"https:\/\/naisgarden.rs\/#organization","name":"Nais Garden","url":"https:\/\/naisgarden.rs\/","logo":{"@type":"ImageObject","inLanguage":"sr-RS","@id":"https:\/\/naisgarden.rs\/#\/schema\/logo\/image\/","url":"https:\/\/naisgarden.rs\/wp-content\/uploads\/2024\/12\/logo_text_nais_garden-removebg-preview.png","contentUrl":"https:\/\/naisgarden.rs\/wp-content\/uploads\/2024\/12\/logo_text_nais_garden-removebg-preview.png","width":560,"height":446,"caption":"Nais Garden"},"image":{"@id":"https:\/\/naisgarden.rs\/#\/schema\/logo\/image\/"},"sameAs":["https:\/\/www.facebook.com\/people\/Nais-Garden\/61564041879860\/","https:\/\/www.instagram.com\/naisgarden.rs\/"]}]}},"_links":{"self":[{"href":"https:\/\/naisgarden.rs\/index.php\/wp-json\/wp\/v2\/product\/452","targetHints":{"allow":["GET"]}}],"collection":[{"href":"https:\/\/naisgarden.rs\/index.php\/wp-json\/wp\/v2\/product"}],"about":[{"href":"https:\/\/naisgarden.rs\/index.php\/wp-json\/wp\/v2\/types\/product"}],"wp:featuredmedia":[{"embeddable":true,"href":"https:\/\/naisgarden.rs\/index.php\/wp-json\/wp\/v2\/media\/453"}],"wp:attachment":[{"href":"https:\/\/naisgarden.rs\/index.php\/wp-json\/wp\/v2\/media?parent=452"}],"wp:term":[{"taxonomy":"product_brand","embeddable":true,"href":"https:\/\/naisgarden.rs\/index.php\/wp-json\/wp\/v2\/product_brand?post=452"},{"taxonomy":"product_cat","embeddable":true,"href":"https:\/\/naisgarden.rs\/index.php\/wp-json\/wp\/v2\/product_cat?post=452"},{"taxonomy":"product_tag","embeddable":true,"href":"https:\/\/naisgarden.rs\/index.php\/wp-json\/wp\/v2\/product_tag?post=452"}],"curies":[{"name":"wp","href":"https:\/\/api.w.org\/{rel}","templated":true}]}}