{"id":448,"date":"2024-12-27T12:04:36","date_gmt":"2024-12-27T12:04:36","guid":{"rendered":"https:\/\/naisgarden.rs\/?post_type=product&#038;p=448"},"modified":"2024-12-27T12:04:36","modified_gmt":"2024-12-27T12:04:36","slug":"taxus-media-groenland","status":"publish","type":"product","link":"https:\/\/naisgarden.rs\/index.php\/product\/taxus-media-groenland\/","title":{"rendered":"Taxus media &#8216;Groenland&#8217;"},"content":{"rendered":"<p>Taxus media &#8216;Groenland&#8217; je zimzeleni \u010dempresast \u017ebun poreklom iz porodice tisa (Taxaceae), poznat po svom kompaktnom i gustim rastu. Ova biljka ima tamnozelene, igli\u010daste listove koji zadr\u017eavaju boju tokom cele godine, \u010dine\u0107i je savr\u0161enim izborom za formalne \u017eivice, ukrasne granice ili kao pojedina\u010dni akcenat u vrtu. Taxus media &#8216;Groenland&#8217; je cenjena zbog svoje otpornosti i prilagodljivosti, jer mo\u017ee da raste u raznim uslovima, uklju\u010duju\u0107i sun\u010dana, polusenovita ili potpuno senovita mesta. Ova biljka raste sporije, \u0161to je \u010dini jednostavnom za odr\u017eavanje, uz minimalno orezivanje za o\u010duvanje oblika. U jesen mo\u017ee da proizvodi sitne crvene plodove, koji su dekorativni, ali otrovni, pa treba voditi ra\u010duna ako se uzgaja u blizini dece ili ku\u0107nih ljubimaca. Idealan je izbor za formiranje \u017eivica i prirodnih ograda.<\/p>\n","protected":false},"excerpt":{"rendered":"<p>Taxus media &#8216;Groenland&#8217; \u2013 zimzeleni klasik koji kombinuje eleganciju i dugotrajnu funkcionalnost u svakom vrtu<\/p>\n","protected":false},"featured_media":449,"template":"","meta":[],"product_brand":[],"product_cat":[20,22],"product_tag":[125,126,116,85,77,75,127,128,129,80],"class_list":{"0":"post-448","1":"product","2":"type-product","3":"status-publish","4":"has-post-thumbnail","6":"product_cat-cetinari","7":"product_cat-niski-cetinari","8":"product_tag-biljke-za-senku","9":"product_tag-cetinari","10":"product_tag-crveni-plodovi","11":"product_tag-dekorativno-zelenilo","12":"product_tag-niski-cetinari","13":"product_tag-pejzazno-uredjenje","14":"product_tag-spororastuci-cetinari","15":"product_tag-taxus-media-groenland","16":"product_tag-tisa","17":"product_tag-zimzelene-biljke","19":"first","20":"instock","21":"shipping-taxable","22":"purchasable","23":"product-type-simple"},"yoast_head":"<!-- This site is optimized with the Yoast SEO plugin v24.8.1 - https:\/\/yoast.com\/wordpress\/plugins\/seo\/ -->\n<title>Taxus media &#039;Groenland&#039; - Nais Garden<\/title>\n<meta name=\"description\" content=\"Taxus media &#039;Groenland&#039; \u2013 zimzeleni klasik koji kombinuje eleganciju i dugotrajnu funkcionalnost u svakom vrtu. Jednostavna za odr\u017eavanje.\" \/>\n<meta name=\"robots\" content=\"index, follow, max-snippet:-1, max-image-preview:large, max-video-preview:-1\" \/>\n<link rel=\"canonical\" href=\"https:\/\/naisgarden.rs\/index.php\/product\/taxus-media-groenland\/\" \/>\n<meta property=\"og:locale\" content=\"sr_RS\" \/>\n<meta property=\"og:type\" content=\"article\" \/>\n<meta property=\"og:title\" content=\"Taxus media &#039;Groenland&#039; - Nais Garden\" \/>\n<meta property=\"og:description\" content=\"Taxus media &#039;Groenland&#039; \u2013 zimzeleni klasik koji kombinuje eleganciju i dugotrajnu funkcionalnost u svakom vrtu. Jednostavna za odr\u017eavanje.\" \/>\n<meta property=\"og:url\" content=\"https:\/\/naisgarden.rs\/index.php\/product\/taxus-media-groenland\/\" \/>\n<meta property=\"og:site_name\" content=\"Nais Garden\" \/>\n<meta property=\"article:publisher\" content=\"https:\/\/www.facebook.com\/people\/Nais-Garden\/61564041879860\/\" \/>\n<meta property=\"og:image\" content=\"https:\/\/naisgarden.rs\/wp-content\/uploads\/2024\/12\/TAXUS-2-scaled.jpg\" \/>\n\t<meta property=\"og:image:width\" content=\"2560\" \/>\n\t<meta property=\"og:image:height\" content=\"2560\" \/>\n\t<meta property=\"og:image:type\" content=\"image\/jpeg\" \/>\n<meta name=\"twitter:card\" content=\"summary_large_image\" \/>\n<meta name=\"twitter:label1\" content=\"\u041f\u0440\u043e\u0446\u0435\u045a\u0435\u043d\u043e \u0432\u0440\u0435\u043c\u0435 \u0447\u0438\u0442\u0430\u045a\u0430\" \/>\n\t<meta name=\"twitter:data1\" content=\"1 \u043c\u0438\u043d\u0443\u0442\" \/>\n<script type=\"application\/ld+json\" class=\"yoast-schema-graph\">{\"@context\":\"https:\/\/schema.org\",\"@graph\":[{\"@type\":\"WebPage\",\"@id\":\"https:\/\/naisgarden.rs\/index.php\/product\/taxus-media-groenland\/\",\"url\":\"https:\/\/naisgarden.rs\/index.php\/product\/taxus-media-groenland\/\",\"name\":\"Taxus media 'Groenland' - Nais Garden\",\"isPartOf\":{\"@id\":\"https:\/\/naisgarden.rs\/#website\"},\"primaryImageOfPage\":{\"@id\":\"https:\/\/naisgarden.rs\/index.php\/product\/taxus-media-groenland\/#primaryimage\"},\"image\":{\"@id\":\"https:\/\/naisgarden.rs\/index.php\/product\/taxus-media-groenland\/#primaryimage\"},\"thumbnailUrl\":\"https:\/\/naisgarden.rs\/wp-content\/uploads\/2024\/12\/TAXUS-2-scaled.jpg\",\"datePublished\":\"2024-12-27T12:04:36+00:00\",\"description\":\"Taxus media 'Groenland' \u2013 zimzeleni klasik koji kombinuje eleganciju i dugotrajnu funkcionalnost u svakom vrtu. Jednostavna za odr\u017eavanje.\",\"breadcrumb\":{\"@id\":\"https:\/\/naisgarden.rs\/index.php\/product\/taxus-media-groenland\/#breadcrumb\"},\"inLanguage\":\"sr-RS\",\"potentialAction\":[{\"@type\":\"ReadAction\",\"target\":[\"https:\/\/naisgarden.rs\/index.php\/product\/taxus-media-groenland\/\"]}]},{\"@type\":\"ImageObject\",\"inLanguage\":\"sr-RS\",\"@id\":\"https:\/\/naisgarden.rs\/index.php\/product\/taxus-media-groenland\/#primaryimage\",\"url\":\"https:\/\/naisgarden.rs\/wp-content\/uploads\/2024\/12\/TAXUS-2-scaled.jpg\",\"contentUrl\":\"https:\/\/naisgarden.rs\/wp-content\/uploads\/2024\/12\/TAXUS-2-scaled.jpg\",\"width\":2560,\"height\":2560,\"caption\":\"nais-garden-taxus-media-groenland\"},{\"@type\":\"BreadcrumbList\",\"@id\":\"https:\/\/naisgarden.rs\/index.php\/product\/taxus-media-groenland\/#breadcrumb\",\"itemListElement\":[{\"@type\":\"ListItem\",\"position\":1,\"name\":\"\u041f\u043e\u0447\u0435\u0442\u043d\u0430\",\"item\":\"https:\/\/naisgarden.rs\/\"},{\"@type\":\"ListItem\",\"position\":2,\"name\":\"Shop\",\"item\":\"https:\/\/naisgarden.rs\/index.php\/shop\/\"},{\"@type\":\"ListItem\",\"position\":3,\"name\":\"Taxus media &#8216;Groenland&#8217;\"}]},{\"@type\":\"WebSite\",\"@id\":\"https:\/\/naisgarden.rs\/#website\",\"url\":\"https:\/\/naisgarden.rs\/\",\"name\":\"Nais Garden\",\"description\":\"\",\"publisher\":{\"@id\":\"https:\/\/naisgarden.rs\/#organization\"},\"potentialAction\":[{\"@type\":\"SearchAction\",\"target\":{\"@type\":\"EntryPoint\",\"urlTemplate\":\"https:\/\/naisgarden.rs\/?s={search_term_string}\"},\"query-input\":{\"@type\":\"PropertyValueSpecification\",\"valueRequired\":true,\"valueName\":\"search_term_string\"}}],\"inLanguage\":\"sr-RS\"},{\"@type\":\"Organization\",\"@id\":\"https:\/\/naisgarden.rs\/#organization\",\"name\":\"Nais Garden\",\"url\":\"https:\/\/naisgarden.rs\/\",\"logo\":{\"@type\":\"ImageObject\",\"inLanguage\":\"sr-RS\",\"@id\":\"https:\/\/naisgarden.rs\/#\/schema\/logo\/image\/\",\"url\":\"https:\/\/naisgarden.rs\/wp-content\/uploads\/2024\/12\/logo_text_nais_garden-removebg-preview.png\",\"contentUrl\":\"https:\/\/naisgarden.rs\/wp-content\/uploads\/2024\/12\/logo_text_nais_garden-removebg-preview.png\",\"width\":560,\"height\":446,\"caption\":\"Nais Garden\"},\"image\":{\"@id\":\"https:\/\/naisgarden.rs\/#\/schema\/logo\/image\/\"},\"sameAs\":[\"https:\/\/www.facebook.com\/people\/Nais-Garden\/61564041879860\/\",\"https:\/\/www.instagram.com\/naisgarden.rs\/\"]}]}<\/script>\n<!-- \/ Yoast SEO plugin. -->","yoast_head_json":{"title":"Taxus media 'Groenland' - Nais Garden","description":"Taxus media 'Groenland' \u2013 zimzeleni klasik koji kombinuje eleganciju i dugotrajnu funkcionalnost u svakom vrtu. Jednostavna za odr\u017eavanje.","robots":{"index":"index","follow":"follow","max-snippet":"max-snippet:-1","max-image-preview":"max-image-preview:large","max-video-preview":"max-video-preview:-1"},"canonical":"https:\/\/naisgarden.rs\/index.php\/product\/taxus-media-groenland\/","og_locale":"sr_RS","og_type":"article","og_title":"Taxus media 'Groenland' - Nais Garden","og_description":"Taxus media 'Groenland' \u2013 zimzeleni klasik koji kombinuje eleganciju i dugotrajnu funkcionalnost u svakom vrtu. Jednostavna za odr\u017eavanje.","og_url":"https:\/\/naisgarden.rs\/index.php\/product\/taxus-media-groenland\/","og_site_name":"Nais Garden","article_publisher":"https:\/\/www.facebook.com\/people\/Nais-Garden\/61564041879860\/","og_image":[{"width":2560,"height":2560,"url":"https:\/\/naisgarden.rs\/wp-content\/uploads\/2024\/12\/TAXUS-2-scaled.jpg","type":"image\/jpeg"}],"twitter_card":"summary_large_image","twitter_misc":{"\u041f\u0440\u043e\u0446\u0435\u045a\u0435\u043d\u043e \u0432\u0440\u0435\u043c\u0435 \u0447\u0438\u0442\u0430\u045a\u0430":"1 \u043c\u0438\u043d\u0443\u0442"},"schema":{"@context":"https:\/\/schema.org","@graph":[{"@type":"WebPage","@id":"https:\/\/naisgarden.rs\/index.php\/product\/taxus-media-groenland\/","url":"https:\/\/naisgarden.rs\/index.php\/product\/taxus-media-groenland\/","name":"Taxus media 'Groenland' - Nais Garden","isPartOf":{"@id":"https:\/\/naisgarden.rs\/#website"},"primaryImageOfPage":{"@id":"https:\/\/naisgarden.rs\/index.php\/product\/taxus-media-groenland\/#primaryimage"},"image":{"@id":"https:\/\/naisgarden.rs\/index.php\/product\/taxus-media-groenland\/#primaryimage"},"thumbnailUrl":"https:\/\/naisgarden.rs\/wp-content\/uploads\/2024\/12\/TAXUS-2-scaled.jpg","datePublished":"2024-12-27T12:04:36+00:00","description":"Taxus media 'Groenland' \u2013 zimzeleni klasik koji kombinuje eleganciju i dugotrajnu funkcionalnost u svakom vrtu. Jednostavna za odr\u017eavanje.","breadcrumb":{"@id":"https:\/\/naisgarden.rs\/index.php\/product\/taxus-media-groenland\/#breadcrumb"},"inLanguage":"sr-RS","potentialAction":[{"@type":"ReadAction","target":["https:\/\/naisgarden.rs\/index.php\/product\/taxus-media-groenland\/"]}]},{"@type":"ImageObject","inLanguage":"sr-RS","@id":"https:\/\/naisgarden.rs\/index.php\/product\/taxus-media-groenland\/#primaryimage","url":"https:\/\/naisgarden.rs\/wp-content\/uploads\/2024\/12\/TAXUS-2-scaled.jpg","contentUrl":"https:\/\/naisgarden.rs\/wp-content\/uploads\/2024\/12\/TAXUS-2-scaled.jpg","width":2560,"height":2560,"caption":"nais-garden-taxus-media-groenland"},{"@type":"BreadcrumbList","@id":"https:\/\/naisgarden.rs\/index.php\/product\/taxus-media-groenland\/#breadcrumb","itemListElement":[{"@type":"ListItem","position":1,"name":"\u041f\u043e\u0447\u0435\u0442\u043d\u0430","item":"https:\/\/naisgarden.rs\/"},{"@type":"ListItem","position":2,"name":"Shop","item":"https:\/\/naisgarden.rs\/index.php\/shop\/"},{"@type":"ListItem","position":3,"name":"Taxus media &#8216;Groenland&#8217;"}]},{"@type":"WebSite","@id":"https:\/\/naisgarden.rs\/#website","url":"https:\/\/naisgarden.rs\/","name":"Nais Garden","description":"","publisher":{"@id":"https:\/\/naisgarden.rs\/#organization"},"potentialAction":[{"@type":"SearchAction","target":{"@type":"EntryPoint","urlTemplate":"https:\/\/naisgarden.rs\/?s={search_term_string}"},"query-input":{"@type":"PropertyValueSpecification","valueRequired":true,"valueName":"search_term_string"}}],"inLanguage":"sr-RS"},{"@type":"Organization","@id":"https:\/\/naisgarden.rs\/#organization","name":"Nais Garden","url":"https:\/\/naisgarden.rs\/","logo":{"@type":"ImageObject","inLanguage":"sr-RS","@id":"https:\/\/naisgarden.rs\/#\/schema\/logo\/image\/","url":"https:\/\/naisgarden.rs\/wp-content\/uploads\/2024\/12\/logo_text_nais_garden-removebg-preview.png","contentUrl":"https:\/\/naisgarden.rs\/wp-content\/uploads\/2024\/12\/logo_text_nais_garden-removebg-preview.png","width":560,"height":446,"caption":"Nais Garden"},"image":{"@id":"https:\/\/naisgarden.rs\/#\/schema\/logo\/image\/"},"sameAs":["https:\/\/www.facebook.com\/people\/Nais-Garden\/61564041879860\/","https:\/\/www.instagram.com\/naisgarden.rs\/"]}]}},"_links":{"self":[{"href":"https:\/\/naisgarden.rs\/index.php\/wp-json\/wp\/v2\/product\/448","targetHints":{"allow":["GET"]}}],"collection":[{"href":"https:\/\/naisgarden.rs\/index.php\/wp-json\/wp\/v2\/product"}],"about":[{"href":"https:\/\/naisgarden.rs\/index.php\/wp-json\/wp\/v2\/types\/product"}],"wp:featuredmedia":[{"embeddable":true,"href":"https:\/\/naisgarden.rs\/index.php\/wp-json\/wp\/v2\/media\/449"}],"wp:attachment":[{"href":"https:\/\/naisgarden.rs\/index.php\/wp-json\/wp\/v2\/media?parent=448"}],"wp:term":[{"taxonomy":"product_brand","embeddable":true,"href":"https:\/\/naisgarden.rs\/index.php\/wp-json\/wp\/v2\/product_brand?post=448"},{"taxonomy":"product_cat","embeddable":true,"href":"https:\/\/naisgarden.rs\/index.php\/wp-json\/wp\/v2\/product_cat?post=448"},{"taxonomy":"product_tag","embeddable":true,"href":"https:\/\/naisgarden.rs\/index.php\/wp-json\/wp\/v2\/product_tag?post=448"}],"curies":[{"name":"wp","href":"https:\/\/api.w.org\/{rel}","templated":true}]}}