{"id":444,"date":"2024-12-27T12:00:27","date_gmt":"2024-12-27T12:00:27","guid":{"rendered":"https:\/\/naisgarden.rs\/?post_type=product&#038;p=444"},"modified":"2024-12-27T12:00:27","modified_gmt":"2024-12-27T12:00:27","slug":"strelitzia-reginae","status":"publish","type":"product","link":"https:\/\/naisgarden.rs\/index.php\/product\/strelitzia-reginae\/","title":{"rendered":"Strelitzia reginae"},"content":{"rendered":"<p>Strelitzia, poznata i kao &#8222;rajska ptica&#8220;, je egzoti\u010dna biljka poreklom iz ju\u017ene Afrike, koja se \u010desto koristi kao dekorativna biljka u enterijerima i eksterijerima. Naziv je dobila po svojim spektakularnim cvetovima, koji podse\u0107aju na glavu \u0161arene ptice u letu. Njeni veliki, ko\u017easti, tamnozeleni listovi pru\u017eaju tropski izgled, dok cvetovi u nijansama narand\u017easte, plave i ljubi\u010daste boje \u010dine ovu biljku pravim umetni\u010dkim delom prirode. Strelitzia obi\u010dno cveta zimi ili u rano prole\u0107e, donose\u0107i \u017eivost u svaki prostor. Za uspe\u0161an rast zahteva svetlo mesto s indirektnim sun\u010devim zracima i umereno zalivanje, pri \u010demu je va\u017eno izbe\u0107i prekomerno vla\u017eenje zemlje. \u010cesto se koristi u modernim enterijerima, ba\u0161tama i kao rezano cve\u0107e za luksuzne aran\u017emane.<\/p>\n","protected":false},"excerpt":{"rendered":"<p>Strelitzia \u2013 egzoti\u010dna ptica raja koja unosi tropsku eleganciju i boje u va\u0161 prostor<\/p>\n","protected":false},"featured_media":445,"template":"","meta":[],"product_brand":[],"product_cat":[28],"product_tag":[72,120,75,121,122,123,124],"class_list":{"0":"post-444","1":"product","2":"type-product","3":"status-publish","4":"has-post-thumbnail","6":"product_cat-egzoticno-bilje","7":"product_tag-egzoticne-biljke","8":"product_tag-luksuzno-cvece","9":"product_tag-pejzazno-uredjenje","10":"product_tag-rajska-ptica","11":"product_tag-sobne-biljke","12":"product_tag-strelitzia-reginae","13":"product_tag-tropske-biljke","15":"first","16":"instock","17":"shipping-taxable","18":"purchasable","19":"product-type-simple"},"yoast_head":"<!-- This site is optimized with the Yoast SEO plugin v24.8.1 - https:\/\/yoast.com\/wordpress\/plugins\/seo\/ -->\n<title>Strelitzia reginae - Nais Garden<\/title>\n<meta name=\"description\" content=\"Strelitzia \u2013 egzoti\u010dna ptica raja koja unosi tropsku eleganciju i boje u va\u0161 prostor. Obi\u010dno cveta zimi ili u rano prole\u0107e, donose\u0107i \u017eivost u svaki prostor.\" \/>\n<meta name=\"robots\" content=\"index, follow, max-snippet:-1, max-image-preview:large, max-video-preview:-1\" \/>\n<link rel=\"canonical\" href=\"https:\/\/naisgarden.rs\/index.php\/product\/strelitzia-reginae\/\" \/>\n<meta property=\"og:locale\" content=\"sr_RS\" \/>\n<meta property=\"og:type\" content=\"article\" \/>\n<meta property=\"og:title\" content=\"Strelitzia reginae - Nais Garden\" \/>\n<meta property=\"og:description\" content=\"Strelitzia \u2013 egzoti\u010dna ptica raja koja unosi tropsku eleganciju i boje u va\u0161 prostor. Obi\u010dno cveta zimi ili u rano prole\u0107e, donose\u0107i \u017eivost u svaki prostor.\" \/>\n<meta property=\"og:url\" content=\"https:\/\/naisgarden.rs\/index.php\/product\/strelitzia-reginae\/\" \/>\n<meta property=\"og:site_name\" content=\"Nais Garden\" \/>\n<meta property=\"article:publisher\" content=\"https:\/\/www.facebook.com\/people\/Nais-Garden\/61564041879860\/\" \/>\n<meta property=\"og:image\" content=\"https:\/\/naisgarden.rs\/wp-content\/uploads\/2024\/12\/streli3.jpg\" \/>\n\t<meta property=\"og:image:width\" content=\"720\" \/>\n\t<meta property=\"og:image:height\" content=\"720\" \/>\n\t<meta property=\"og:image:type\" content=\"image\/jpeg\" \/>\n<meta name=\"twitter:card\" content=\"summary_large_image\" \/>\n<meta name=\"twitter:label1\" content=\"\u041f\u0440\u043e\u0446\u0435\u045a\u0435\u043d\u043e \u0432\u0440\u0435\u043c\u0435 \u0447\u0438\u0442\u0430\u045a\u0430\" \/>\n\t<meta name=\"twitter:data1\" content=\"1 \u043c\u0438\u043d\u0443\u0442\" \/>\n<script type=\"application\/ld+json\" class=\"yoast-schema-graph\">{\"@context\":\"https:\/\/schema.org\",\"@graph\":[{\"@type\":\"WebPage\",\"@id\":\"https:\/\/naisgarden.rs\/index.php\/product\/strelitzia-reginae\/\",\"url\":\"https:\/\/naisgarden.rs\/index.php\/product\/strelitzia-reginae\/\",\"name\":\"Strelitzia reginae - Nais Garden\",\"isPartOf\":{\"@id\":\"https:\/\/naisgarden.rs\/#website\"},\"primaryImageOfPage\":{\"@id\":\"https:\/\/naisgarden.rs\/index.php\/product\/strelitzia-reginae\/#primaryimage\"},\"image\":{\"@id\":\"https:\/\/naisgarden.rs\/index.php\/product\/strelitzia-reginae\/#primaryimage\"},\"thumbnailUrl\":\"https:\/\/naisgarden.rs\/wp-content\/uploads\/2024\/12\/streli3.jpg\",\"datePublished\":\"2024-12-27T12:00:27+00:00\",\"description\":\"Strelitzia \u2013 egzoti\u010dna ptica raja koja unosi tropsku eleganciju i boje u va\u0161 prostor. Obi\u010dno cveta zimi ili u rano prole\u0107e, donose\u0107i \u017eivost u svaki prostor.\",\"breadcrumb\":{\"@id\":\"https:\/\/naisgarden.rs\/index.php\/product\/strelitzia-reginae\/#breadcrumb\"},\"inLanguage\":\"sr-RS\",\"potentialAction\":[{\"@type\":\"ReadAction\",\"target\":[\"https:\/\/naisgarden.rs\/index.php\/product\/strelitzia-reginae\/\"]}]},{\"@type\":\"ImageObject\",\"inLanguage\":\"sr-RS\",\"@id\":\"https:\/\/naisgarden.rs\/index.php\/product\/strelitzia-reginae\/#primaryimage\",\"url\":\"https:\/\/naisgarden.rs\/wp-content\/uploads\/2024\/12\/streli3.jpg\",\"contentUrl\":\"https:\/\/naisgarden.rs\/wp-content\/uploads\/2024\/12\/streli3.jpg\",\"width\":720,\"height\":720,\"caption\":\"nais-garden-strelitzia-reginae\"},{\"@type\":\"BreadcrumbList\",\"@id\":\"https:\/\/naisgarden.rs\/index.php\/product\/strelitzia-reginae\/#breadcrumb\",\"itemListElement\":[{\"@type\":\"ListItem\",\"position\":1,\"name\":\"\u041f\u043e\u0447\u0435\u0442\u043d\u0430\",\"item\":\"https:\/\/naisgarden.rs\/\"},{\"@type\":\"ListItem\",\"position\":2,\"name\":\"Shop\",\"item\":\"https:\/\/naisgarden.rs\/index.php\/shop\/\"},{\"@type\":\"ListItem\",\"position\":3,\"name\":\"Strelitzia reginae\"}]},{\"@type\":\"WebSite\",\"@id\":\"https:\/\/naisgarden.rs\/#website\",\"url\":\"https:\/\/naisgarden.rs\/\",\"name\":\"Nais Garden\",\"description\":\"\",\"publisher\":{\"@id\":\"https:\/\/naisgarden.rs\/#organization\"},\"potentialAction\":[{\"@type\":\"SearchAction\",\"target\":{\"@type\":\"EntryPoint\",\"urlTemplate\":\"https:\/\/naisgarden.rs\/?s={search_term_string}\"},\"query-input\":{\"@type\":\"PropertyValueSpecification\",\"valueRequired\":true,\"valueName\":\"search_term_string\"}}],\"inLanguage\":\"sr-RS\"},{\"@type\":\"Organization\",\"@id\":\"https:\/\/naisgarden.rs\/#organization\",\"name\":\"Nais Garden\",\"url\":\"https:\/\/naisgarden.rs\/\",\"logo\":{\"@type\":\"ImageObject\",\"inLanguage\":\"sr-RS\",\"@id\":\"https:\/\/naisgarden.rs\/#\/schema\/logo\/image\/\",\"url\":\"https:\/\/naisgarden.rs\/wp-content\/uploads\/2024\/12\/logo_text_nais_garden-removebg-preview.png\",\"contentUrl\":\"https:\/\/naisgarden.rs\/wp-content\/uploads\/2024\/12\/logo_text_nais_garden-removebg-preview.png\",\"width\":560,\"height\":446,\"caption\":\"Nais Garden\"},\"image\":{\"@id\":\"https:\/\/naisgarden.rs\/#\/schema\/logo\/image\/\"},\"sameAs\":[\"https:\/\/www.facebook.com\/people\/Nais-Garden\/61564041879860\/\",\"https:\/\/www.instagram.com\/naisgarden.rs\/\"]}]}<\/script>\n<!-- \/ Yoast SEO plugin. -->","yoast_head_json":{"title":"Strelitzia reginae - Nais Garden","description":"Strelitzia \u2013 egzoti\u010dna ptica raja koja unosi tropsku eleganciju i boje u va\u0161 prostor. Obi\u010dno cveta zimi ili u rano prole\u0107e, donose\u0107i \u017eivost u svaki prostor.","robots":{"index":"index","follow":"follow","max-snippet":"max-snippet:-1","max-image-preview":"max-image-preview:large","max-video-preview":"max-video-preview:-1"},"canonical":"https:\/\/naisgarden.rs\/index.php\/product\/strelitzia-reginae\/","og_locale":"sr_RS","og_type":"article","og_title":"Strelitzia reginae - Nais Garden","og_description":"Strelitzia \u2013 egzoti\u010dna ptica raja koja unosi tropsku eleganciju i boje u va\u0161 prostor. Obi\u010dno cveta zimi ili u rano prole\u0107e, donose\u0107i \u017eivost u svaki prostor.","og_url":"https:\/\/naisgarden.rs\/index.php\/product\/strelitzia-reginae\/","og_site_name":"Nais Garden","article_publisher":"https:\/\/www.facebook.com\/people\/Nais-Garden\/61564041879860\/","og_image":[{"width":720,"height":720,"url":"https:\/\/naisgarden.rs\/wp-content\/uploads\/2024\/12\/streli3.jpg","type":"image\/jpeg"}],"twitter_card":"summary_large_image","twitter_misc":{"\u041f\u0440\u043e\u0446\u0435\u045a\u0435\u043d\u043e \u0432\u0440\u0435\u043c\u0435 \u0447\u0438\u0442\u0430\u045a\u0430":"1 \u043c\u0438\u043d\u0443\u0442"},"schema":{"@context":"https:\/\/schema.org","@graph":[{"@type":"WebPage","@id":"https:\/\/naisgarden.rs\/index.php\/product\/strelitzia-reginae\/","url":"https:\/\/naisgarden.rs\/index.php\/product\/strelitzia-reginae\/","name":"Strelitzia reginae - Nais Garden","isPartOf":{"@id":"https:\/\/naisgarden.rs\/#website"},"primaryImageOfPage":{"@id":"https:\/\/naisgarden.rs\/index.php\/product\/strelitzia-reginae\/#primaryimage"},"image":{"@id":"https:\/\/naisgarden.rs\/index.php\/product\/strelitzia-reginae\/#primaryimage"},"thumbnailUrl":"https:\/\/naisgarden.rs\/wp-content\/uploads\/2024\/12\/streli3.jpg","datePublished":"2024-12-27T12:00:27+00:00","description":"Strelitzia \u2013 egzoti\u010dna ptica raja koja unosi tropsku eleganciju i boje u va\u0161 prostor. Obi\u010dno cveta zimi ili u rano prole\u0107e, donose\u0107i \u017eivost u svaki prostor.","breadcrumb":{"@id":"https:\/\/naisgarden.rs\/index.php\/product\/strelitzia-reginae\/#breadcrumb"},"inLanguage":"sr-RS","potentialAction":[{"@type":"ReadAction","target":["https:\/\/naisgarden.rs\/index.php\/product\/strelitzia-reginae\/"]}]},{"@type":"ImageObject","inLanguage":"sr-RS","@id":"https:\/\/naisgarden.rs\/index.php\/product\/strelitzia-reginae\/#primaryimage","url":"https:\/\/naisgarden.rs\/wp-content\/uploads\/2024\/12\/streli3.jpg","contentUrl":"https:\/\/naisgarden.rs\/wp-content\/uploads\/2024\/12\/streli3.jpg","width":720,"height":720,"caption":"nais-garden-strelitzia-reginae"},{"@type":"BreadcrumbList","@id":"https:\/\/naisgarden.rs\/index.php\/product\/strelitzia-reginae\/#breadcrumb","itemListElement":[{"@type":"ListItem","position":1,"name":"\u041f\u043e\u0447\u0435\u0442\u043d\u0430","item":"https:\/\/naisgarden.rs\/"},{"@type":"ListItem","position":2,"name":"Shop","item":"https:\/\/naisgarden.rs\/index.php\/shop\/"},{"@type":"ListItem","position":3,"name":"Strelitzia reginae"}]},{"@type":"WebSite","@id":"https:\/\/naisgarden.rs\/#website","url":"https:\/\/naisgarden.rs\/","name":"Nais Garden","description":"","publisher":{"@id":"https:\/\/naisgarden.rs\/#organization"},"potentialAction":[{"@type":"SearchAction","target":{"@type":"EntryPoint","urlTemplate":"https:\/\/naisgarden.rs\/?s={search_term_string}"},"query-input":{"@type":"PropertyValueSpecification","valueRequired":true,"valueName":"search_term_string"}}],"inLanguage":"sr-RS"},{"@type":"Organization","@id":"https:\/\/naisgarden.rs\/#organization","name":"Nais Garden","url":"https:\/\/naisgarden.rs\/","logo":{"@type":"ImageObject","inLanguage":"sr-RS","@id":"https:\/\/naisgarden.rs\/#\/schema\/logo\/image\/","url":"https:\/\/naisgarden.rs\/wp-content\/uploads\/2024\/12\/logo_text_nais_garden-removebg-preview.png","contentUrl":"https:\/\/naisgarden.rs\/wp-content\/uploads\/2024\/12\/logo_text_nais_garden-removebg-preview.png","width":560,"height":446,"caption":"Nais Garden"},"image":{"@id":"https:\/\/naisgarden.rs\/#\/schema\/logo\/image\/"},"sameAs":["https:\/\/www.facebook.com\/people\/Nais-Garden\/61564041879860\/","https:\/\/www.instagram.com\/naisgarden.rs\/"]}]}},"_links":{"self":[{"href":"https:\/\/naisgarden.rs\/index.php\/wp-json\/wp\/v2\/product\/444","targetHints":{"allow":["GET"]}}],"collection":[{"href":"https:\/\/naisgarden.rs\/index.php\/wp-json\/wp\/v2\/product"}],"about":[{"href":"https:\/\/naisgarden.rs\/index.php\/wp-json\/wp\/v2\/types\/product"}],"wp:featuredmedia":[{"embeddable":true,"href":"https:\/\/naisgarden.rs\/index.php\/wp-json\/wp\/v2\/media\/445"}],"wp:attachment":[{"href":"https:\/\/naisgarden.rs\/index.php\/wp-json\/wp\/v2\/media?parent=444"}],"wp:term":[{"taxonomy":"product_brand","embeddable":true,"href":"https:\/\/naisgarden.rs\/index.php\/wp-json\/wp\/v2\/product_brand?post=444"},{"taxonomy":"product_cat","embeddable":true,"href":"https:\/\/naisgarden.rs\/index.php\/wp-json\/wp\/v2\/product_cat?post=444"},{"taxonomy":"product_tag","embeddable":true,"href":"https:\/\/naisgarden.rs\/index.php\/wp-json\/wp\/v2\/product_tag?post=444"}],"curies":[{"name":"wp","href":"https:\/\/api.w.org\/{rel}","templated":true}]}}