{"id":390,"date":"2024-12-22T21:11:38","date_gmt":"2024-12-22T21:11:38","guid":{"rendered":"https:\/\/sofabatons.com\/wordpress\/?post_type=product&#038;p=390"},"modified":"2025-01-03T10:04:47","modified_gmt":"2025-01-03T10:04:47","slug":"photinia-fraseri-little-red-robin","status":"publish","type":"product","link":"https:\/\/naisgarden.rs\/index.php\/product\/photinia-fraseri-little-red-robin\/","title":{"rendered":"Photinia fraseri &#8216;Little Red Robin&#8217;"},"content":{"rendered":"<p><strong>Photinia fraseri &#8216;Little Red Robin&#8217;<\/strong> je kompaktna sorta poznate vrste <strong>Photinia fraseri<\/strong>, koja se isti\u010de svojom manjom veli\u010dinom i jednako upe\u010datljivim jarkocrvenim mladim li\u0161\u0107em. Ova biljka dosti\u017ee visinu od 60 do 100 cm, \u0161to je \u010dini idealnom za manje vrtove, staze, niske \u017eive ograde ili za sadnju u \u017eardinjerama. Listovi se s vremenom pretvaraju u tamnozelene, stvaraju\u0107i atraktivan kontrast boja. U prole\u0107e mo\u017ee cvetati sitnim belim cvetovima koji dodatno nagla\u0161avaju njenu dekorativnu vrednost. <strong>Little Red Robin<\/strong> voli sun\u010dane ili blago zasen\u010dene polo\u017eaje i dobro drenirano, umereno plodno tlo. Otporna je na su\u0161u, urbane uslove i zaga\u0111enje, \u0161to je \u010dini odli\u010dnim izborom za gradske vrtove. Redovna rezidba omogu\u0107ava oblikovanje i odr\u017eavanje guste forme. Ova sorta je savr\u0161ena za dodavanje boje i strukture malim pejza\u017eima ili dekorativnim aran\u017emanima.<\/p>\n","protected":false},"excerpt":{"rendered":"<p><strong>Photinia fraseri &#8216;Little Red Robin&#8217;<\/strong> \u2013 patuljasta verzija popularne biljke sa jarkocrvenim mladim listovima, savr\u0161ena za \u017eardinjere, granice ili male vrtove koji tra\u017ee \u017eivahnu boju i eleganciju tokom cele godine<\/p>\n","protected":false},"featured_media":391,"template":"","meta":[],"product_brand":[],"product_cat":[23,25],"product_tag":[87,82,109,85,111,110,75,83],"class_list":{"0":"post-390","1":"product","2":"type-product","3":"status-publish","4":"has-post-thumbnail","6":"product_cat-liscari","7":"product_cat-zbunje","8":"product_tag-biljke-za-granice","9":"product_tag-biljke-za-zardinjere","10":"product_tag-crveno-lisce","11":"product_tag-dekorativno-zelenilo","12":"product_tag-mali-vrt","13":"product_tag-patuljaste-biljke","14":"product_tag-pejzazno-uredjenje","15":"product_tag-zbunje","17":"first","18":"instock","19":"shipping-taxable","20":"purchasable","21":"product-type-simple"},"yoast_head":"<!-- This site is optimized with the Yoast SEO plugin v24.8.1 - https:\/\/yoast.com\/wordpress\/plugins\/seo\/ -->\n<title>Photinia fraseri &#039;Little Red Robin&#039; - Nais Garden<\/title>\n<meta name=\"description\" content=\"Ova biljka dosti\u017ee visinu od 60 do 100 cm, \u0161to je \u010dini idealnom za manje vrtove, staze, niske \u017eive ograde ili za sadnju u \u017eardinjerama.\" \/>\n<meta name=\"robots\" content=\"index, follow, max-snippet:-1, max-image-preview:large, max-video-preview:-1\" \/>\n<link rel=\"canonical\" href=\"https:\/\/naisgarden.rs\/index.php\/product\/photinia-fraseri-little-red-robin\/\" \/>\n<meta property=\"og:locale\" content=\"sr_RS\" \/>\n<meta property=\"og:type\" content=\"article\" \/>\n<meta property=\"og:title\" content=\"Photinia fraseri &#039;Little Red Robin&#039; - Nais Garden\" \/>\n<meta property=\"og:description\" content=\"Ova biljka dosti\u017ee visinu od 60 do 100 cm, \u0161to je \u010dini idealnom za manje vrtove, staze, niske \u017eive ograde ili za sadnju u \u017eardinjerama.\" \/>\n<meta property=\"og:url\" content=\"https:\/\/naisgarden.rs\/index.php\/product\/photinia-fraseri-little-red-robin\/\" \/>\n<meta property=\"og:site_name\" content=\"Nais Garden\" \/>\n<meta property=\"article:publisher\" content=\"https:\/\/www.facebook.com\/people\/Nais-Garden\/61564041879860\/\" \/>\n<meta property=\"article:modified_time\" content=\"2025-01-03T10:04:47+00:00\" \/>\n<meta property=\"og:image\" content=\"https:\/\/naisgarden.rs\/wp-content\/uploads\/2024\/12\/PHOTINIA-1-scaled.jpg\" \/>\n\t<meta property=\"og:image:width\" content=\"2560\" \/>\n\t<meta property=\"og:image:height\" content=\"2560\" \/>\n\t<meta property=\"og:image:type\" content=\"image\/jpeg\" \/>\n<meta name=\"twitter:card\" content=\"summary_large_image\" \/>\n<meta name=\"twitter:label1\" content=\"\u041f\u0440\u043e\u0446\u0435\u045a\u0435\u043d\u043e \u0432\u0440\u0435\u043c\u0435 \u0447\u0438\u0442\u0430\u045a\u0430\" \/>\n\t<meta name=\"twitter:data1\" content=\"1 \u043c\u0438\u043d\u0443\u0442\" \/>\n<script type=\"application\/ld+json\" class=\"yoast-schema-graph\">{\"@context\":\"https:\/\/schema.org\",\"@graph\":[{\"@type\":\"WebPage\",\"@id\":\"https:\/\/naisgarden.rs\/index.php\/product\/photinia-fraseri-little-red-robin\/\",\"url\":\"https:\/\/naisgarden.rs\/index.php\/product\/photinia-fraseri-little-red-robin\/\",\"name\":\"Photinia fraseri 'Little Red Robin' - Nais Garden\",\"isPartOf\":{\"@id\":\"https:\/\/naisgarden.rs\/#website\"},\"primaryImageOfPage\":{\"@id\":\"https:\/\/naisgarden.rs\/index.php\/product\/photinia-fraseri-little-red-robin\/#primaryimage\"},\"image\":{\"@id\":\"https:\/\/naisgarden.rs\/index.php\/product\/photinia-fraseri-little-red-robin\/#primaryimage\"},\"thumbnailUrl\":\"https:\/\/naisgarden.rs\/wp-content\/uploads\/2024\/12\/PHOTINIA-1-scaled.jpg\",\"datePublished\":\"2024-12-22T21:11:38+00:00\",\"dateModified\":\"2025-01-03T10:04:47+00:00\",\"description\":\"Ova biljka dosti\u017ee visinu od 60 do 100 cm, \u0161to je \u010dini idealnom za manje vrtove, staze, niske \u017eive ograde ili za sadnju u \u017eardinjerama.\",\"breadcrumb\":{\"@id\":\"https:\/\/naisgarden.rs\/index.php\/product\/photinia-fraseri-little-red-robin\/#breadcrumb\"},\"inLanguage\":\"sr-RS\",\"potentialAction\":[{\"@type\":\"ReadAction\",\"target\":[\"https:\/\/naisgarden.rs\/index.php\/product\/photinia-fraseri-little-red-robin\/\"]}]},{\"@type\":\"ImageObject\",\"inLanguage\":\"sr-RS\",\"@id\":\"https:\/\/naisgarden.rs\/index.php\/product\/photinia-fraseri-little-red-robin\/#primaryimage\",\"url\":\"https:\/\/naisgarden.rs\/wp-content\/uploads\/2024\/12\/PHOTINIA-1-scaled.jpg\",\"contentUrl\":\"https:\/\/naisgarden.rs\/wp-content\/uploads\/2024\/12\/PHOTINIA-1-scaled.jpg\",\"width\":2560,\"height\":2560,\"caption\":\"nais-garden-photinia-fraseri-little-red-robin\"},{\"@type\":\"BreadcrumbList\",\"@id\":\"https:\/\/naisgarden.rs\/index.php\/product\/photinia-fraseri-little-red-robin\/#breadcrumb\",\"itemListElement\":[{\"@type\":\"ListItem\",\"position\":1,\"name\":\"\u041f\u043e\u0447\u0435\u0442\u043d\u0430\",\"item\":\"https:\/\/naisgarden.rs\/\"},{\"@type\":\"ListItem\",\"position\":2,\"name\":\"Shop\",\"item\":\"https:\/\/naisgarden.rs\/index.php\/shop\/\"},{\"@type\":\"ListItem\",\"position\":3,\"name\":\"Photinia fraseri &#8216;Little Red Robin&#8217;\"}]},{\"@type\":\"WebSite\",\"@id\":\"https:\/\/naisgarden.rs\/#website\",\"url\":\"https:\/\/naisgarden.rs\/\",\"name\":\"Nais Garden\",\"description\":\"\",\"publisher\":{\"@id\":\"https:\/\/naisgarden.rs\/#organization\"},\"potentialAction\":[{\"@type\":\"SearchAction\",\"target\":{\"@type\":\"EntryPoint\",\"urlTemplate\":\"https:\/\/naisgarden.rs\/?s={search_term_string}\"},\"query-input\":{\"@type\":\"PropertyValueSpecification\",\"valueRequired\":true,\"valueName\":\"search_term_string\"}}],\"inLanguage\":\"sr-RS\"},{\"@type\":\"Organization\",\"@id\":\"https:\/\/naisgarden.rs\/#organization\",\"name\":\"Nais Garden\",\"url\":\"https:\/\/naisgarden.rs\/\",\"logo\":{\"@type\":\"ImageObject\",\"inLanguage\":\"sr-RS\",\"@id\":\"https:\/\/naisgarden.rs\/#\/schema\/logo\/image\/\",\"url\":\"https:\/\/naisgarden.rs\/wp-content\/uploads\/2024\/12\/logo_text_nais_garden-removebg-preview.png\",\"contentUrl\":\"https:\/\/naisgarden.rs\/wp-content\/uploads\/2024\/12\/logo_text_nais_garden-removebg-preview.png\",\"width\":560,\"height\":446,\"caption\":\"Nais Garden\"},\"image\":{\"@id\":\"https:\/\/naisgarden.rs\/#\/schema\/logo\/image\/\"},\"sameAs\":[\"https:\/\/www.facebook.com\/people\/Nais-Garden\/61564041879860\/\",\"https:\/\/www.instagram.com\/naisgarden.rs\/\"]}]}<\/script>\n<!-- \/ Yoast SEO plugin. -->","yoast_head_json":{"title":"Photinia fraseri 'Little Red Robin' - Nais Garden","description":"Ova biljka dosti\u017ee visinu od 60 do 100 cm, \u0161to je \u010dini idealnom za manje vrtove, staze, niske \u017eive ograde ili za sadnju u \u017eardinjerama.","robots":{"index":"index","follow":"follow","max-snippet":"max-snippet:-1","max-image-preview":"max-image-preview:large","max-video-preview":"max-video-preview:-1"},"canonical":"https:\/\/naisgarden.rs\/index.php\/product\/photinia-fraseri-little-red-robin\/","og_locale":"sr_RS","og_type":"article","og_title":"Photinia fraseri 'Little Red Robin' - Nais Garden","og_description":"Ova biljka dosti\u017ee visinu od 60 do 100 cm, \u0161to je \u010dini idealnom za manje vrtove, staze, niske \u017eive ograde ili za sadnju u \u017eardinjerama.","og_url":"https:\/\/naisgarden.rs\/index.php\/product\/photinia-fraseri-little-red-robin\/","og_site_name":"Nais Garden","article_publisher":"https:\/\/www.facebook.com\/people\/Nais-Garden\/61564041879860\/","article_modified_time":"2025-01-03T10:04:47+00:00","og_image":[{"width":2560,"height":2560,"url":"https:\/\/naisgarden.rs\/wp-content\/uploads\/2024\/12\/PHOTINIA-1-scaled.jpg","type":"image\/jpeg"}],"twitter_card":"summary_large_image","twitter_misc":{"\u041f\u0440\u043e\u0446\u0435\u045a\u0435\u043d\u043e \u0432\u0440\u0435\u043c\u0435 \u0447\u0438\u0442\u0430\u045a\u0430":"1 \u043c\u0438\u043d\u0443\u0442"},"schema":{"@context":"https:\/\/schema.org","@graph":[{"@type":"WebPage","@id":"https:\/\/naisgarden.rs\/index.php\/product\/photinia-fraseri-little-red-robin\/","url":"https:\/\/naisgarden.rs\/index.php\/product\/photinia-fraseri-little-red-robin\/","name":"Photinia fraseri 'Little Red Robin' - Nais Garden","isPartOf":{"@id":"https:\/\/naisgarden.rs\/#website"},"primaryImageOfPage":{"@id":"https:\/\/naisgarden.rs\/index.php\/product\/photinia-fraseri-little-red-robin\/#primaryimage"},"image":{"@id":"https:\/\/naisgarden.rs\/index.php\/product\/photinia-fraseri-little-red-robin\/#primaryimage"},"thumbnailUrl":"https:\/\/naisgarden.rs\/wp-content\/uploads\/2024\/12\/PHOTINIA-1-scaled.jpg","datePublished":"2024-12-22T21:11:38+00:00","dateModified":"2025-01-03T10:04:47+00:00","description":"Ova biljka dosti\u017ee visinu od 60 do 100 cm, \u0161to je \u010dini idealnom za manje vrtove, staze, niske \u017eive ograde ili za sadnju u \u017eardinjerama.","breadcrumb":{"@id":"https:\/\/naisgarden.rs\/index.php\/product\/photinia-fraseri-little-red-robin\/#breadcrumb"},"inLanguage":"sr-RS","potentialAction":[{"@type":"ReadAction","target":["https:\/\/naisgarden.rs\/index.php\/product\/photinia-fraseri-little-red-robin\/"]}]},{"@type":"ImageObject","inLanguage":"sr-RS","@id":"https:\/\/naisgarden.rs\/index.php\/product\/photinia-fraseri-little-red-robin\/#primaryimage","url":"https:\/\/naisgarden.rs\/wp-content\/uploads\/2024\/12\/PHOTINIA-1-scaled.jpg","contentUrl":"https:\/\/naisgarden.rs\/wp-content\/uploads\/2024\/12\/PHOTINIA-1-scaled.jpg","width":2560,"height":2560,"caption":"nais-garden-photinia-fraseri-little-red-robin"},{"@type":"BreadcrumbList","@id":"https:\/\/naisgarden.rs\/index.php\/product\/photinia-fraseri-little-red-robin\/#breadcrumb","itemListElement":[{"@type":"ListItem","position":1,"name":"\u041f\u043e\u0447\u0435\u0442\u043d\u0430","item":"https:\/\/naisgarden.rs\/"},{"@type":"ListItem","position":2,"name":"Shop","item":"https:\/\/naisgarden.rs\/index.php\/shop\/"},{"@type":"ListItem","position":3,"name":"Photinia fraseri &#8216;Little Red Robin&#8217;"}]},{"@type":"WebSite","@id":"https:\/\/naisgarden.rs\/#website","url":"https:\/\/naisgarden.rs\/","name":"Nais Garden","description":"","publisher":{"@id":"https:\/\/naisgarden.rs\/#organization"},"potentialAction":[{"@type":"SearchAction","target":{"@type":"EntryPoint","urlTemplate":"https:\/\/naisgarden.rs\/?s={search_term_string}"},"query-input":{"@type":"PropertyValueSpecification","valueRequired":true,"valueName":"search_term_string"}}],"inLanguage":"sr-RS"},{"@type":"Organization","@id":"https:\/\/naisgarden.rs\/#organization","name":"Nais Garden","url":"https:\/\/naisgarden.rs\/","logo":{"@type":"ImageObject","inLanguage":"sr-RS","@id":"https:\/\/naisgarden.rs\/#\/schema\/logo\/image\/","url":"https:\/\/naisgarden.rs\/wp-content\/uploads\/2024\/12\/logo_text_nais_garden-removebg-preview.png","contentUrl":"https:\/\/naisgarden.rs\/wp-content\/uploads\/2024\/12\/logo_text_nais_garden-removebg-preview.png","width":560,"height":446,"caption":"Nais Garden"},"image":{"@id":"https:\/\/naisgarden.rs\/#\/schema\/logo\/image\/"},"sameAs":["https:\/\/www.facebook.com\/people\/Nais-Garden\/61564041879860\/","https:\/\/www.instagram.com\/naisgarden.rs\/"]}]}},"_links":{"self":[{"href":"https:\/\/naisgarden.rs\/index.php\/wp-json\/wp\/v2\/product\/390","targetHints":{"allow":["GET"]}}],"collection":[{"href":"https:\/\/naisgarden.rs\/index.php\/wp-json\/wp\/v2\/product"}],"about":[{"href":"https:\/\/naisgarden.rs\/index.php\/wp-json\/wp\/v2\/types\/product"}],"wp:featuredmedia":[{"embeddable":true,"href":"https:\/\/naisgarden.rs\/index.php\/wp-json\/wp\/v2\/media\/391"}],"wp:attachment":[{"href":"https:\/\/naisgarden.rs\/index.php\/wp-json\/wp\/v2\/media?parent=390"}],"wp:term":[{"taxonomy":"product_brand","embeddable":true,"href":"https:\/\/naisgarden.rs\/index.php\/wp-json\/wp\/v2\/product_brand?post=390"},{"taxonomy":"product_cat","embeddable":true,"href":"https:\/\/naisgarden.rs\/index.php\/wp-json\/wp\/v2\/product_cat?post=390"},{"taxonomy":"product_tag","embeddable":true,"href":"https:\/\/naisgarden.rs\/index.php\/wp-json\/wp\/v2\/product_tag?post=390"}],"curies":[{"name":"wp","href":"https:\/\/api.w.org\/{rel}","templated":true}]}}