{"id":386,"date":"2024-12-22T21:03:13","date_gmt":"2024-12-22T21:03:13","guid":{"rendered":"https:\/\/sofabatons.com\/wordpress\/?post_type=product&#038;p=386"},"modified":"2025-01-03T10:05:59","modified_gmt":"2025-01-03T10:05:59","slug":"photinia-fraseri-red-robin","status":"publish","type":"product","link":"https:\/\/naisgarden.rs\/index.php\/product\/photinia-fraseri-red-robin\/","title":{"rendered":"Photinia Fraseri &#8216;Red Robin&#8217;"},"content":{"rendered":"<p><strong>Photinia fraseri &#8216;Red Robin&#8217;<\/strong> je zimzeleni ukrasni \u017ebun koji poti\u010de iz Azije. Ova biljka je poznata po svojoj spektakularnoj promeni boje li\u0161\u0107a \u2013 mladi izdanci su intenzivno crveni, dok sazrevanjem prelaze u sjajno tamnozelenu nijansu, stvaraju\u0107i zanimljiv kontrast tokom cele godine. U prole\u0107e mo\u017ee razviti male bele cvetove grupisane u cvasti, \u0161to dodatno doprinosi njenoj dekorativnoj vrednosti. <strong>Red Robin<\/strong> je vrlo popularan za formiranje gustih, atraktivnih \u017eivih ograda, ali se \u010desto koristi i kao soliter ili za dodavanje boje u pejza\u017eno ure\u0111enje. Voli sun\u010dane ili blago zasen\u010dene polo\u017eaje i plodno, dobro drenirano tlo. Lako se oblikuje rezidbom i otporna je na razli\u010dite vremenske uslove, \u0161to je \u010dini idealnim izborom za vrtove, staze i granice.<\/p>\n","protected":false},"excerpt":{"rendered":"<p><strong>Photinia fraseri &#8216;Red Robin&#8217;<\/strong> \u2013 prelepi zimzeleni \u017ebun sa upe\u010datljivim crvenkastim mladim listovima koji se kasnije pretvaraju u tamnozelene, savr\u0161en za \u017eive ograde, granice ili kao soliter u vrtu<\/p>\n","protected":false},"featured_media":387,"template":"","meta":[],"product_brand":[],"product_cat":[23,25],"product_tag":[84,109,85,75,83,80],"class_list":{"0":"post-386","1":"product","2":"type-product","3":"status-publish","4":"has-post-thumbnail","6":"product_cat-liscari","7":"product_cat-zbunje","8":"product_tag-biljke-za-zive-ograde","9":"product_tag-crveno-lisce","10":"product_tag-dekorativno-zelenilo","11":"product_tag-pejzazno-uredjenje","12":"product_tag-zbunje","13":"product_tag-zimzelene-biljke","15":"first","16":"instock","17":"shipping-taxable","18":"purchasable","19":"product-type-simple"},"yoast_head":"<!-- This site is optimized with the Yoast SEO plugin v24.8.1 - https:\/\/yoast.com\/wordpress\/plugins\/seo\/ -->\n<title>Photinia Fraseri &#039;Red Robin&#039; - Nais Garden<\/title>\n<meta name=\"description\" content=\"Ova biljka je poznata po svojoj spektakularnoj promeni boje li\u0161\u0107a mladi izdanci su intenzivno crveni, dok sazrevanjem prelaze u sjajno tamnozelenu nijansu.\" \/>\n<meta name=\"robots\" content=\"index, follow, max-snippet:-1, max-image-preview:large, max-video-preview:-1\" \/>\n<link rel=\"canonical\" href=\"https:\/\/naisgarden.rs\/index.php\/product\/photinia-fraseri-red-robin\/\" \/>\n<meta property=\"og:locale\" content=\"sr_RS\" \/>\n<meta property=\"og:type\" content=\"article\" \/>\n<meta property=\"og:title\" content=\"Photinia Fraseri &#039;Red Robin&#039; - Nais Garden\" \/>\n<meta property=\"og:description\" content=\"Ova biljka je poznata po svojoj spektakularnoj promeni boje li\u0161\u0107a mladi izdanci su intenzivno crveni, dok sazrevanjem prelaze u sjajno tamnozelenu nijansu.\" \/>\n<meta property=\"og:url\" content=\"https:\/\/naisgarden.rs\/index.php\/product\/photinia-fraseri-red-robin\/\" \/>\n<meta property=\"og:site_name\" content=\"Nais Garden\" \/>\n<meta property=\"article:publisher\" content=\"https:\/\/www.facebook.com\/people\/Nais-Garden\/61564041879860\/\" \/>\n<meta property=\"article:modified_time\" content=\"2025-01-03T10:05:59+00:00\" \/>\n<meta property=\"og:image\" content=\"https:\/\/naisgarden.rs\/wp-content\/uploads\/2024\/12\/photi1.jpg\" \/>\n\t<meta property=\"og:image:width\" content=\"950\" \/>\n\t<meta property=\"og:image:height\" content=\"950\" \/>\n\t<meta property=\"og:image:type\" content=\"image\/jpeg\" \/>\n<meta name=\"twitter:card\" content=\"summary_large_image\" \/>\n<meta name=\"twitter:label1\" content=\"\u041f\u0440\u043e\u0446\u0435\u045a\u0435\u043d\u043e \u0432\u0440\u0435\u043c\u0435 \u0447\u0438\u0442\u0430\u045a\u0430\" \/>\n\t<meta name=\"twitter:data1\" content=\"1 \u043c\u0438\u043d\u0443\u0442\" \/>\n<script type=\"application\/ld+json\" class=\"yoast-schema-graph\">{\"@context\":\"https:\/\/schema.org\",\"@graph\":[{\"@type\":\"WebPage\",\"@id\":\"https:\/\/naisgarden.rs\/index.php\/product\/photinia-fraseri-red-robin\/\",\"url\":\"https:\/\/naisgarden.rs\/index.php\/product\/photinia-fraseri-red-robin\/\",\"name\":\"Photinia Fraseri 'Red Robin' - Nais Garden\",\"isPartOf\":{\"@id\":\"https:\/\/naisgarden.rs\/#website\"},\"primaryImageOfPage\":{\"@id\":\"https:\/\/naisgarden.rs\/index.php\/product\/photinia-fraseri-red-robin\/#primaryimage\"},\"image\":{\"@id\":\"https:\/\/naisgarden.rs\/index.php\/product\/photinia-fraseri-red-robin\/#primaryimage\"},\"thumbnailUrl\":\"https:\/\/naisgarden.rs\/wp-content\/uploads\/2024\/12\/photi1.jpg\",\"datePublished\":\"2024-12-22T21:03:13+00:00\",\"dateModified\":\"2025-01-03T10:05:59+00:00\",\"description\":\"Ova biljka je poznata po svojoj spektakularnoj promeni boje li\u0161\u0107a mladi izdanci su intenzivno crveni, dok sazrevanjem prelaze u sjajno tamnozelenu nijansu.\",\"breadcrumb\":{\"@id\":\"https:\/\/naisgarden.rs\/index.php\/product\/photinia-fraseri-red-robin\/#breadcrumb\"},\"inLanguage\":\"sr-RS\",\"potentialAction\":[{\"@type\":\"ReadAction\",\"target\":[\"https:\/\/naisgarden.rs\/index.php\/product\/photinia-fraseri-red-robin\/\"]}]},{\"@type\":\"ImageObject\",\"inLanguage\":\"sr-RS\",\"@id\":\"https:\/\/naisgarden.rs\/index.php\/product\/photinia-fraseri-red-robin\/#primaryimage\",\"url\":\"https:\/\/naisgarden.rs\/wp-content\/uploads\/2024\/12\/photi1.jpg\",\"contentUrl\":\"https:\/\/naisgarden.rs\/wp-content\/uploads\/2024\/12\/photi1.jpg\",\"width\":950,\"height\":950,\"caption\":\"nais-garden-photinia-fraseri-red-robin\"},{\"@type\":\"BreadcrumbList\",\"@id\":\"https:\/\/naisgarden.rs\/index.php\/product\/photinia-fraseri-red-robin\/#breadcrumb\",\"itemListElement\":[{\"@type\":\"ListItem\",\"position\":1,\"name\":\"\u041f\u043e\u0447\u0435\u0442\u043d\u0430\",\"item\":\"https:\/\/naisgarden.rs\/\"},{\"@type\":\"ListItem\",\"position\":2,\"name\":\"Shop\",\"item\":\"https:\/\/naisgarden.rs\/index.php\/shop\/\"},{\"@type\":\"ListItem\",\"position\":3,\"name\":\"Photinia Fraseri &#8216;Red Robin&#8217;\"}]},{\"@type\":\"WebSite\",\"@id\":\"https:\/\/naisgarden.rs\/#website\",\"url\":\"https:\/\/naisgarden.rs\/\",\"name\":\"Nais Garden\",\"description\":\"\",\"publisher\":{\"@id\":\"https:\/\/naisgarden.rs\/#organization\"},\"potentialAction\":[{\"@type\":\"SearchAction\",\"target\":{\"@type\":\"EntryPoint\",\"urlTemplate\":\"https:\/\/naisgarden.rs\/?s={search_term_string}\"},\"query-input\":{\"@type\":\"PropertyValueSpecification\",\"valueRequired\":true,\"valueName\":\"search_term_string\"}}],\"inLanguage\":\"sr-RS\"},{\"@type\":\"Organization\",\"@id\":\"https:\/\/naisgarden.rs\/#organization\",\"name\":\"Nais Garden\",\"url\":\"https:\/\/naisgarden.rs\/\",\"logo\":{\"@type\":\"ImageObject\",\"inLanguage\":\"sr-RS\",\"@id\":\"https:\/\/naisgarden.rs\/#\/schema\/logo\/image\/\",\"url\":\"https:\/\/naisgarden.rs\/wp-content\/uploads\/2024\/12\/logo_text_nais_garden-removebg-preview.png\",\"contentUrl\":\"https:\/\/naisgarden.rs\/wp-content\/uploads\/2024\/12\/logo_text_nais_garden-removebg-preview.png\",\"width\":560,\"height\":446,\"caption\":\"Nais Garden\"},\"image\":{\"@id\":\"https:\/\/naisgarden.rs\/#\/schema\/logo\/image\/\"},\"sameAs\":[\"https:\/\/www.facebook.com\/people\/Nais-Garden\/61564041879860\/\",\"https:\/\/www.instagram.com\/naisgarden.rs\/\"]}]}<\/script>\n<!-- \/ Yoast SEO plugin. -->","yoast_head_json":{"title":"Photinia Fraseri 'Red Robin' - Nais Garden","description":"Ova biljka je poznata po svojoj spektakularnoj promeni boje li\u0161\u0107a mladi izdanci su intenzivno crveni, dok sazrevanjem prelaze u sjajno tamnozelenu nijansu.","robots":{"index":"index","follow":"follow","max-snippet":"max-snippet:-1","max-image-preview":"max-image-preview:large","max-video-preview":"max-video-preview:-1"},"canonical":"https:\/\/naisgarden.rs\/index.php\/product\/photinia-fraseri-red-robin\/","og_locale":"sr_RS","og_type":"article","og_title":"Photinia Fraseri 'Red Robin' - Nais Garden","og_description":"Ova biljka je poznata po svojoj spektakularnoj promeni boje li\u0161\u0107a mladi izdanci su intenzivno crveni, dok sazrevanjem prelaze u sjajno tamnozelenu nijansu.","og_url":"https:\/\/naisgarden.rs\/index.php\/product\/photinia-fraseri-red-robin\/","og_site_name":"Nais Garden","article_publisher":"https:\/\/www.facebook.com\/people\/Nais-Garden\/61564041879860\/","article_modified_time":"2025-01-03T10:05:59+00:00","og_image":[{"width":950,"height":950,"url":"https:\/\/naisgarden.rs\/wp-content\/uploads\/2024\/12\/photi1.jpg","type":"image\/jpeg"}],"twitter_card":"summary_large_image","twitter_misc":{"\u041f\u0440\u043e\u0446\u0435\u045a\u0435\u043d\u043e \u0432\u0440\u0435\u043c\u0435 \u0447\u0438\u0442\u0430\u045a\u0430":"1 \u043c\u0438\u043d\u0443\u0442"},"schema":{"@context":"https:\/\/schema.org","@graph":[{"@type":"WebPage","@id":"https:\/\/naisgarden.rs\/index.php\/product\/photinia-fraseri-red-robin\/","url":"https:\/\/naisgarden.rs\/index.php\/product\/photinia-fraseri-red-robin\/","name":"Photinia Fraseri 'Red Robin' - Nais Garden","isPartOf":{"@id":"https:\/\/naisgarden.rs\/#website"},"primaryImageOfPage":{"@id":"https:\/\/naisgarden.rs\/index.php\/product\/photinia-fraseri-red-robin\/#primaryimage"},"image":{"@id":"https:\/\/naisgarden.rs\/index.php\/product\/photinia-fraseri-red-robin\/#primaryimage"},"thumbnailUrl":"https:\/\/naisgarden.rs\/wp-content\/uploads\/2024\/12\/photi1.jpg","datePublished":"2024-12-22T21:03:13+00:00","dateModified":"2025-01-03T10:05:59+00:00","description":"Ova biljka je poznata po svojoj spektakularnoj promeni boje li\u0161\u0107a mladi izdanci su intenzivno crveni, dok sazrevanjem prelaze u sjajno tamnozelenu nijansu.","breadcrumb":{"@id":"https:\/\/naisgarden.rs\/index.php\/product\/photinia-fraseri-red-robin\/#breadcrumb"},"inLanguage":"sr-RS","potentialAction":[{"@type":"ReadAction","target":["https:\/\/naisgarden.rs\/index.php\/product\/photinia-fraseri-red-robin\/"]}]},{"@type":"ImageObject","inLanguage":"sr-RS","@id":"https:\/\/naisgarden.rs\/index.php\/product\/photinia-fraseri-red-robin\/#primaryimage","url":"https:\/\/naisgarden.rs\/wp-content\/uploads\/2024\/12\/photi1.jpg","contentUrl":"https:\/\/naisgarden.rs\/wp-content\/uploads\/2024\/12\/photi1.jpg","width":950,"height":950,"caption":"nais-garden-photinia-fraseri-red-robin"},{"@type":"BreadcrumbList","@id":"https:\/\/naisgarden.rs\/index.php\/product\/photinia-fraseri-red-robin\/#breadcrumb","itemListElement":[{"@type":"ListItem","position":1,"name":"\u041f\u043e\u0447\u0435\u0442\u043d\u0430","item":"https:\/\/naisgarden.rs\/"},{"@type":"ListItem","position":2,"name":"Shop","item":"https:\/\/naisgarden.rs\/index.php\/shop\/"},{"@type":"ListItem","position":3,"name":"Photinia Fraseri &#8216;Red Robin&#8217;"}]},{"@type":"WebSite","@id":"https:\/\/naisgarden.rs\/#website","url":"https:\/\/naisgarden.rs\/","name":"Nais Garden","description":"","publisher":{"@id":"https:\/\/naisgarden.rs\/#organization"},"potentialAction":[{"@type":"SearchAction","target":{"@type":"EntryPoint","urlTemplate":"https:\/\/naisgarden.rs\/?s={search_term_string}"},"query-input":{"@type":"PropertyValueSpecification","valueRequired":true,"valueName":"search_term_string"}}],"inLanguage":"sr-RS"},{"@type":"Organization","@id":"https:\/\/naisgarden.rs\/#organization","name":"Nais Garden","url":"https:\/\/naisgarden.rs\/","logo":{"@type":"ImageObject","inLanguage":"sr-RS","@id":"https:\/\/naisgarden.rs\/#\/schema\/logo\/image\/","url":"https:\/\/naisgarden.rs\/wp-content\/uploads\/2024\/12\/logo_text_nais_garden-removebg-preview.png","contentUrl":"https:\/\/naisgarden.rs\/wp-content\/uploads\/2024\/12\/logo_text_nais_garden-removebg-preview.png","width":560,"height":446,"caption":"Nais Garden"},"image":{"@id":"https:\/\/naisgarden.rs\/#\/schema\/logo\/image\/"},"sameAs":["https:\/\/www.facebook.com\/people\/Nais-Garden\/61564041879860\/","https:\/\/www.instagram.com\/naisgarden.rs\/"]}]}},"_links":{"self":[{"href":"https:\/\/naisgarden.rs\/index.php\/wp-json\/wp\/v2\/product\/386","targetHints":{"allow":["GET"]}}],"collection":[{"href":"https:\/\/naisgarden.rs\/index.php\/wp-json\/wp\/v2\/product"}],"about":[{"href":"https:\/\/naisgarden.rs\/index.php\/wp-json\/wp\/v2\/types\/product"}],"wp:featuredmedia":[{"embeddable":true,"href":"https:\/\/naisgarden.rs\/index.php\/wp-json\/wp\/v2\/media\/387"}],"wp:attachment":[{"href":"https:\/\/naisgarden.rs\/index.php\/wp-json\/wp\/v2\/media?parent=386"}],"wp:term":[{"taxonomy":"product_brand","embeddable":true,"href":"https:\/\/naisgarden.rs\/index.php\/wp-json\/wp\/v2\/product_brand?post=386"},{"taxonomy":"product_cat","embeddable":true,"href":"https:\/\/naisgarden.rs\/index.php\/wp-json\/wp\/v2\/product_cat?post=386"},{"taxonomy":"product_tag","embeddable":true,"href":"https:\/\/naisgarden.rs\/index.php\/wp-json\/wp\/v2\/product_tag?post=386"}],"curies":[{"name":"wp","href":"https:\/\/api.w.org\/{rel}","templated":true}]}}