{"id":373,"date":"2024-12-22T20:22:51","date_gmt":"2024-12-22T20:22:51","guid":{"rendered":"https:\/\/sofabatons.com\/wordpress\/?post_type=product&#038;p=373"},"modified":"2025-01-03T10:09:30","modified_gmt":"2025-01-03T10:09:30","slug":"cupressus-leylandii-pon-pon","status":"publish","type":"product","link":"https:\/\/naisgarden.rs\/index.php\/product\/cupressus-leylandii-pon-pon\/","title":{"rendered":"Cupressus leylandii Pon-pon"},"content":{"rendered":"<p><strong>Cupressus leylandii &#8216;Pon-Pon&#8217;<\/strong> poti\u010de od vrste <strong>Cupressus leylandii<\/strong>, hibrida poreklom iz Britanije. Njegova &#8216;Pon-Pon&#8217; forma nastaje stru\u010dno oblikovanjem, pri \u010demu se kro\u0161nja oblikuje u oblake ili loptaste strukture. Ovaj zimzeleni \u010dempres raste relativno brzo i gradi guste loptice koja ga \u010dini idealnim za soliterne sadnje ili akcentne ta\u010dke u modernim vrtovima i dvori\u0161tima. Naj\u010de\u0161\u0107e se koristi u dekorativne svrhe, za isticanje luksuznih pejza\u017enih detalja ili za dodavanje dinamike prostoru. Biljka voli sun\u010dane ili blago zasen\u010dene polo\u017eaje i dobro drenirano, plodno tlo. Otporna je na su\u0161u i vetar, \u0161to je \u010dini pogodnom i za manje povoljne klimatske uslove. Redovna rezidba je klju\u010dna za odr\u017eavanje specifi\u010dnog oblika i estetike.<\/p>\n","protected":false},"excerpt":{"rendered":"<p><strong>Cupressus leylandii &#8216;Pon-Pon&#8217;<\/strong> \u2013 unikatno oblikovan zimzeleni \u010dempres sa zanimljivom topijarnom formom, savr\u0161en za ljubitelje modernog dizajna vrtova i unikatne pejza\u017ene detalje<\/p>\n","protected":false},"featured_media":374,"template":"","meta":[],"product_brand":[],"product_cat":[20,22],"product_tag":[103,85,104,77,101,75,102],"class_list":{"0":"post-373","1":"product","2":"type-product","3":"status-publish","4":"has-post-thumbnail","6":"product_cat-cetinari","7":"product_cat-niski-cetinari","8":"product_tag-biljke-za-solitere","9":"product_tag-dekorativno-zelenilo","10":"product_tag-moderni-vrt","11":"product_tag-niski-cetinari","12":"product_tag-otpornost-na-susu","13":"product_tag-pejzazno-uredjenje","14":"product_tag-topijarne-biljke","16":"first","17":"instock","18":"shipping-taxable","19":"purchasable","20":"product-type-simple"},"yoast_head":"<!-- This site is optimized with the Yoast SEO plugin v24.8.1 - https:\/\/yoast.com\/wordpress\/plugins\/seo\/ -->\n<title>Cupressus leylandii Pon-pon - Nais Garden<\/title>\n<meta name=\"description\" content=\"Ovaj zimzeleni \u010dempres raste relativno brzo i gradi guste loptice koja ga \u010dini idealnim za soliterne sadnje ili akcentne ta\u010dke u modernim vrtovima.\" \/>\n<meta name=\"robots\" content=\"index, follow, max-snippet:-1, max-image-preview:large, max-video-preview:-1\" \/>\n<link rel=\"canonical\" href=\"https:\/\/naisgarden.rs\/index.php\/product\/cupressus-leylandii-pon-pon\/\" \/>\n<meta property=\"og:locale\" content=\"sr_RS\" \/>\n<meta property=\"og:type\" content=\"article\" \/>\n<meta property=\"og:title\" content=\"Cupressus leylandii Pon-pon - Nais Garden\" \/>\n<meta property=\"og:description\" content=\"Ovaj zimzeleni \u010dempres raste relativno brzo i gradi guste loptice koja ga \u010dini idealnim za soliterne sadnje ili akcentne ta\u010dke u modernim vrtovima.\" \/>\n<meta property=\"og:url\" content=\"https:\/\/naisgarden.rs\/index.php\/product\/cupressus-leylandii-pon-pon\/\" \/>\n<meta property=\"og:site_name\" content=\"Nais Garden\" \/>\n<meta property=\"article:publisher\" content=\"https:\/\/www.facebook.com\/people\/Nais-Garden\/61564041879860\/\" \/>\n<meta property=\"article:modified_time\" content=\"2025-01-03T10:09:30+00:00\" \/>\n<meta property=\"og:image\" content=\"https:\/\/naisgarden.rs\/wp-content\/uploads\/2024\/12\/LEYLANDII-1-scaled.jpg\" \/>\n\t<meta property=\"og:image:width\" content=\"2560\" \/>\n\t<meta property=\"og:image:height\" content=\"2560\" \/>\n\t<meta property=\"og:image:type\" content=\"image\/jpeg\" \/>\n<meta name=\"twitter:card\" content=\"summary_large_image\" \/>\n<meta name=\"twitter:label1\" content=\"\u041f\u0440\u043e\u0446\u0435\u045a\u0435\u043d\u043e \u0432\u0440\u0435\u043c\u0435 \u0447\u0438\u0442\u0430\u045a\u0430\" \/>\n\t<meta name=\"twitter:data1\" content=\"1 \u043c\u0438\u043d\u0443\u0442\" \/>\n<script type=\"application\/ld+json\" class=\"yoast-schema-graph\">{\"@context\":\"https:\/\/schema.org\",\"@graph\":[{\"@type\":\"WebPage\",\"@id\":\"https:\/\/naisgarden.rs\/index.php\/product\/cupressus-leylandii-pon-pon\/\",\"url\":\"https:\/\/naisgarden.rs\/index.php\/product\/cupressus-leylandii-pon-pon\/\",\"name\":\"Cupressus leylandii Pon-pon - Nais Garden\",\"isPartOf\":{\"@id\":\"https:\/\/naisgarden.rs\/#website\"},\"primaryImageOfPage\":{\"@id\":\"https:\/\/naisgarden.rs\/index.php\/product\/cupressus-leylandii-pon-pon\/#primaryimage\"},\"image\":{\"@id\":\"https:\/\/naisgarden.rs\/index.php\/product\/cupressus-leylandii-pon-pon\/#primaryimage\"},\"thumbnailUrl\":\"https:\/\/naisgarden.rs\/wp-content\/uploads\/2024\/12\/LEYLANDII-1-scaled.jpg\",\"datePublished\":\"2024-12-22T20:22:51+00:00\",\"dateModified\":\"2025-01-03T10:09:30+00:00\",\"description\":\"Ovaj zimzeleni \u010dempres raste relativno brzo i gradi guste loptice koja ga \u010dini idealnim za soliterne sadnje ili akcentne ta\u010dke u modernim vrtovima.\",\"breadcrumb\":{\"@id\":\"https:\/\/naisgarden.rs\/index.php\/product\/cupressus-leylandii-pon-pon\/#breadcrumb\"},\"inLanguage\":\"sr-RS\",\"potentialAction\":[{\"@type\":\"ReadAction\",\"target\":[\"https:\/\/naisgarden.rs\/index.php\/product\/cupressus-leylandii-pon-pon\/\"]}]},{\"@type\":\"ImageObject\",\"inLanguage\":\"sr-RS\",\"@id\":\"https:\/\/naisgarden.rs\/index.php\/product\/cupressus-leylandii-pon-pon\/#primaryimage\",\"url\":\"https:\/\/naisgarden.rs\/wp-content\/uploads\/2024\/12\/LEYLANDII-1-scaled.jpg\",\"contentUrl\":\"https:\/\/naisgarden.rs\/wp-content\/uploads\/2024\/12\/LEYLANDII-1-scaled.jpg\",\"width\":2560,\"height\":2560,\"caption\":\"nais-garden-cupressus-leylandii-pon-pon\"},{\"@type\":\"BreadcrumbList\",\"@id\":\"https:\/\/naisgarden.rs\/index.php\/product\/cupressus-leylandii-pon-pon\/#breadcrumb\",\"itemListElement\":[{\"@type\":\"ListItem\",\"position\":1,\"name\":\"\u041f\u043e\u0447\u0435\u0442\u043d\u0430\",\"item\":\"https:\/\/naisgarden.rs\/\"},{\"@type\":\"ListItem\",\"position\":2,\"name\":\"Shop\",\"item\":\"https:\/\/naisgarden.rs\/index.php\/shop\/\"},{\"@type\":\"ListItem\",\"position\":3,\"name\":\"Cupressus leylandii Pon-pon\"}]},{\"@type\":\"WebSite\",\"@id\":\"https:\/\/naisgarden.rs\/#website\",\"url\":\"https:\/\/naisgarden.rs\/\",\"name\":\"Nais Garden\",\"description\":\"\",\"publisher\":{\"@id\":\"https:\/\/naisgarden.rs\/#organization\"},\"potentialAction\":[{\"@type\":\"SearchAction\",\"target\":{\"@type\":\"EntryPoint\",\"urlTemplate\":\"https:\/\/naisgarden.rs\/?s={search_term_string}\"},\"query-input\":{\"@type\":\"PropertyValueSpecification\",\"valueRequired\":true,\"valueName\":\"search_term_string\"}}],\"inLanguage\":\"sr-RS\"},{\"@type\":\"Organization\",\"@id\":\"https:\/\/naisgarden.rs\/#organization\",\"name\":\"Nais Garden\",\"url\":\"https:\/\/naisgarden.rs\/\",\"logo\":{\"@type\":\"ImageObject\",\"inLanguage\":\"sr-RS\",\"@id\":\"https:\/\/naisgarden.rs\/#\/schema\/logo\/image\/\",\"url\":\"https:\/\/naisgarden.rs\/wp-content\/uploads\/2024\/12\/logo_text_nais_garden-removebg-preview.png\",\"contentUrl\":\"https:\/\/naisgarden.rs\/wp-content\/uploads\/2024\/12\/logo_text_nais_garden-removebg-preview.png\",\"width\":560,\"height\":446,\"caption\":\"Nais Garden\"},\"image\":{\"@id\":\"https:\/\/naisgarden.rs\/#\/schema\/logo\/image\/\"},\"sameAs\":[\"https:\/\/www.facebook.com\/people\/Nais-Garden\/61564041879860\/\",\"https:\/\/www.instagram.com\/naisgarden.rs\/\"]}]}<\/script>\n<!-- \/ Yoast SEO plugin. -->","yoast_head_json":{"title":"Cupressus leylandii Pon-pon - Nais Garden","description":"Ovaj zimzeleni \u010dempres raste relativno brzo i gradi guste loptice koja ga \u010dini idealnim za soliterne sadnje ili akcentne ta\u010dke u modernim vrtovima.","robots":{"index":"index","follow":"follow","max-snippet":"max-snippet:-1","max-image-preview":"max-image-preview:large","max-video-preview":"max-video-preview:-1"},"canonical":"https:\/\/naisgarden.rs\/index.php\/product\/cupressus-leylandii-pon-pon\/","og_locale":"sr_RS","og_type":"article","og_title":"Cupressus leylandii Pon-pon - Nais Garden","og_description":"Ovaj zimzeleni \u010dempres raste relativno brzo i gradi guste loptice koja ga \u010dini idealnim za soliterne sadnje ili akcentne ta\u010dke u modernim vrtovima.","og_url":"https:\/\/naisgarden.rs\/index.php\/product\/cupressus-leylandii-pon-pon\/","og_site_name":"Nais Garden","article_publisher":"https:\/\/www.facebook.com\/people\/Nais-Garden\/61564041879860\/","article_modified_time":"2025-01-03T10:09:30+00:00","og_image":[{"width":2560,"height":2560,"url":"https:\/\/naisgarden.rs\/wp-content\/uploads\/2024\/12\/LEYLANDII-1-scaled.jpg","type":"image\/jpeg"}],"twitter_card":"summary_large_image","twitter_misc":{"\u041f\u0440\u043e\u0446\u0435\u045a\u0435\u043d\u043e \u0432\u0440\u0435\u043c\u0435 \u0447\u0438\u0442\u0430\u045a\u0430":"1 \u043c\u0438\u043d\u0443\u0442"},"schema":{"@context":"https:\/\/schema.org","@graph":[{"@type":"WebPage","@id":"https:\/\/naisgarden.rs\/index.php\/product\/cupressus-leylandii-pon-pon\/","url":"https:\/\/naisgarden.rs\/index.php\/product\/cupressus-leylandii-pon-pon\/","name":"Cupressus leylandii Pon-pon - Nais Garden","isPartOf":{"@id":"https:\/\/naisgarden.rs\/#website"},"primaryImageOfPage":{"@id":"https:\/\/naisgarden.rs\/index.php\/product\/cupressus-leylandii-pon-pon\/#primaryimage"},"image":{"@id":"https:\/\/naisgarden.rs\/index.php\/product\/cupressus-leylandii-pon-pon\/#primaryimage"},"thumbnailUrl":"https:\/\/naisgarden.rs\/wp-content\/uploads\/2024\/12\/LEYLANDII-1-scaled.jpg","datePublished":"2024-12-22T20:22:51+00:00","dateModified":"2025-01-03T10:09:30+00:00","description":"Ovaj zimzeleni \u010dempres raste relativno brzo i gradi guste loptice koja ga \u010dini idealnim za soliterne sadnje ili akcentne ta\u010dke u modernim vrtovima.","breadcrumb":{"@id":"https:\/\/naisgarden.rs\/index.php\/product\/cupressus-leylandii-pon-pon\/#breadcrumb"},"inLanguage":"sr-RS","potentialAction":[{"@type":"ReadAction","target":["https:\/\/naisgarden.rs\/index.php\/product\/cupressus-leylandii-pon-pon\/"]}]},{"@type":"ImageObject","inLanguage":"sr-RS","@id":"https:\/\/naisgarden.rs\/index.php\/product\/cupressus-leylandii-pon-pon\/#primaryimage","url":"https:\/\/naisgarden.rs\/wp-content\/uploads\/2024\/12\/LEYLANDII-1-scaled.jpg","contentUrl":"https:\/\/naisgarden.rs\/wp-content\/uploads\/2024\/12\/LEYLANDII-1-scaled.jpg","width":2560,"height":2560,"caption":"nais-garden-cupressus-leylandii-pon-pon"},{"@type":"BreadcrumbList","@id":"https:\/\/naisgarden.rs\/index.php\/product\/cupressus-leylandii-pon-pon\/#breadcrumb","itemListElement":[{"@type":"ListItem","position":1,"name":"\u041f\u043e\u0447\u0435\u0442\u043d\u0430","item":"https:\/\/naisgarden.rs\/"},{"@type":"ListItem","position":2,"name":"Shop","item":"https:\/\/naisgarden.rs\/index.php\/shop\/"},{"@type":"ListItem","position":3,"name":"Cupressus leylandii Pon-pon"}]},{"@type":"WebSite","@id":"https:\/\/naisgarden.rs\/#website","url":"https:\/\/naisgarden.rs\/","name":"Nais Garden","description":"","publisher":{"@id":"https:\/\/naisgarden.rs\/#organization"},"potentialAction":[{"@type":"SearchAction","target":{"@type":"EntryPoint","urlTemplate":"https:\/\/naisgarden.rs\/?s={search_term_string}"},"query-input":{"@type":"PropertyValueSpecification","valueRequired":true,"valueName":"search_term_string"}}],"inLanguage":"sr-RS"},{"@type":"Organization","@id":"https:\/\/naisgarden.rs\/#organization","name":"Nais Garden","url":"https:\/\/naisgarden.rs\/","logo":{"@type":"ImageObject","inLanguage":"sr-RS","@id":"https:\/\/naisgarden.rs\/#\/schema\/logo\/image\/","url":"https:\/\/naisgarden.rs\/wp-content\/uploads\/2024\/12\/logo_text_nais_garden-removebg-preview.png","contentUrl":"https:\/\/naisgarden.rs\/wp-content\/uploads\/2024\/12\/logo_text_nais_garden-removebg-preview.png","width":560,"height":446,"caption":"Nais Garden"},"image":{"@id":"https:\/\/naisgarden.rs\/#\/schema\/logo\/image\/"},"sameAs":["https:\/\/www.facebook.com\/people\/Nais-Garden\/61564041879860\/","https:\/\/www.instagram.com\/naisgarden.rs\/"]}]}},"_links":{"self":[{"href":"https:\/\/naisgarden.rs\/index.php\/wp-json\/wp\/v2\/product\/373","targetHints":{"allow":["GET"]}}],"collection":[{"href":"https:\/\/naisgarden.rs\/index.php\/wp-json\/wp\/v2\/product"}],"about":[{"href":"https:\/\/naisgarden.rs\/index.php\/wp-json\/wp\/v2\/types\/product"}],"wp:featuredmedia":[{"embeddable":true,"href":"https:\/\/naisgarden.rs\/index.php\/wp-json\/wp\/v2\/media\/374"}],"wp:attachment":[{"href":"https:\/\/naisgarden.rs\/index.php\/wp-json\/wp\/v2\/media?parent=373"}],"wp:term":[{"taxonomy":"product_brand","embeddable":true,"href":"https:\/\/naisgarden.rs\/index.php\/wp-json\/wp\/v2\/product_brand?post=373"},{"taxonomy":"product_cat","embeddable":true,"href":"https:\/\/naisgarden.rs\/index.php\/wp-json\/wp\/v2\/product_cat?post=373"},{"taxonomy":"product_tag","embeddable":true,"href":"https:\/\/naisgarden.rs\/index.php\/wp-json\/wp\/v2\/product_tag?post=373"}],"curies":[{"name":"wp","href":"https:\/\/api.w.org\/{rel}","templated":true}]}}