{"id":368,"date":"2024-12-22T10:42:13","date_gmt":"2024-12-22T10:42:13","guid":{"rendered":"https:\/\/sofabatons.com\/wordpress\/?post_type=product&#038;p=368"},"modified":"2024-12-22T10:42:14","modified_gmt":"2024-12-22T10:42:14","slug":"lagerstroemia-indica","status":"publish","type":"product","link":"https:\/\/naisgarden.rs\/index.php\/product\/lagerstroemia-indica\/","title":{"rendered":"Lagerstroemia indica"},"content":{"rendered":"<p><strong>Lagerstroemia indica<\/strong> poti\u010de jugoisto\u010dne Azije, gde se vekovima uzgaja zbog svojih ukrasnih vrednosti. Ovo listopadno drvo ili \u017ebun prepoznatljivo je po svojoj glatkoj, lju\u0161te\u0107oj kori i dugotrajnim cvetovima koji cvetaju od leta do jeseni. Cvetovi dolaze u nijansama bele, ru\u017ei\u010daste, ljubi\u010daste i crvene, a skupljeni su u guste cvasti. Naj\u010de\u0161\u0107e se koristi kao soliter za dekoraciju dvori\u0161ta ili vrtova, u drvoredima, kao i za formiranje cvetnih \u017eivih ograda. <strong>Lagerstroemia indica<\/strong> voli sun\u010dane polo\u017eaje i dobro drenirano, plodno tlo, ali mo\u017ee podneti i su\u0161nije uslove. Umereno zalivanje i redovna rezidba nakon cvetanja poma\u017eu u oblikovanju kro\u0161nje i podsti\u010du bujnije cvetanje. Ova biljka je otporna na su\u0161u i veoma cenjena u pejza\u017enom ure\u0111enju zbog svoje estetike i jednostavnog odr\u017eavanja<\/p>\n","protected":false},"excerpt":{"rendered":"<p><strong>Lagerstroemia indica<\/strong> \u2013 poznata kao indijski jorgovan, ova rasko\u0161na biljka sa bogatim cvetovima u nijansama ljubi\u010daste, ru\u017ei\u010daste, bele ili crvene unosi eleganciju i \u017eivost u svaki vrt, savr\u0161ena za solitere ili \u017eive ograde!<\/p>\n","protected":false},"featured_media":369,"template":"","meta":[],"product_brand":[],"product_cat":[24,23],"product_tag":[84,99,100,97,101,75,98],"class_list":{"0":"post-368","1":"product","2":"type-product","3":"status-publish","4":"has-post-thumbnail","6":"product_cat-drvece","7":"product_cat-liscari","8":"product_tag-biljke-za-zive-ograde","9":"product_tag-cvetne-biljke","10":"product_tag-indijski-jorgovan","11":"product_tag-liscari","12":"product_tag-otpornost-na-susu","13":"product_tag-pejzazno-uredjenje","14":"product_tag-ukrasno-drvece-i-zbunje","16":"first","17":"instock","18":"shipping-taxable","19":"purchasable","20":"product-type-simple"},"yoast_head":"<!-- This site is optimized with the Yoast SEO plugin v24.8.1 - https:\/\/yoast.com\/wordpress\/plugins\/seo\/ -->\n<title>Lagerstroemia indica - Nais Garden<\/title>\n<meta name=\"robots\" content=\"index, follow, max-snippet:-1, max-image-preview:large, max-video-preview:-1\" \/>\n<link rel=\"canonical\" href=\"https:\/\/naisgarden.rs\/index.php\/product\/lagerstroemia-indica\/\" \/>\n<meta property=\"og:locale\" content=\"sr_RS\" \/>\n<meta property=\"og:type\" content=\"article\" \/>\n<meta property=\"og:title\" content=\"Lagerstroemia indica - Nais Garden\" \/>\n<meta property=\"og:description\" content=\"Lagerstroemia indica \u2013 poznata kao indijski jorgovan, ova rasko\u0161na biljka sa bogatim cvetovima u nijansama ljubi\u010daste, ru\u017ei\u010daste, bele ili crvene unosi eleganciju i \u017eivost u svaki vrt, savr\u0161ena za solitere ili \u017eive ograde!\" \/>\n<meta property=\"og:url\" content=\"https:\/\/naisgarden.rs\/index.php\/product\/lagerstroemia-indica\/\" \/>\n<meta property=\"og:site_name\" content=\"Nais Garden\" \/>\n<meta property=\"article:publisher\" content=\"https:\/\/www.facebook.com\/people\/Nais-Garden\/61564041879860\/\" \/>\n<meta property=\"article:modified_time\" content=\"2024-12-22T10:42:14+00:00\" \/>\n<meta property=\"og:image\" content=\"https:\/\/naisgarden.rs\/wp-content\/uploads\/2024\/12\/Lago2-scaled.jpg\" \/>\n\t<meta property=\"og:image:width\" content=\"2560\" \/>\n\t<meta property=\"og:image:height\" content=\"2560\" \/>\n\t<meta property=\"og:image:type\" content=\"image\/jpeg\" \/>\n<meta name=\"twitter:card\" content=\"summary_large_image\" \/>\n<meta name=\"twitter:label1\" content=\"\u041f\u0440\u043e\u0446\u0435\u045a\u0435\u043d\u043e \u0432\u0440\u0435\u043c\u0435 \u0447\u0438\u0442\u0430\u045a\u0430\" \/>\n\t<meta name=\"twitter:data1\" content=\"1 \u043c\u0438\u043d\u0443\u0442\" \/>\n<script type=\"application\/ld+json\" class=\"yoast-schema-graph\">{\"@context\":\"https:\/\/schema.org\",\"@graph\":[{\"@type\":\"WebPage\",\"@id\":\"https:\/\/naisgarden.rs\/index.php\/product\/lagerstroemia-indica\/\",\"url\":\"https:\/\/naisgarden.rs\/index.php\/product\/lagerstroemia-indica\/\",\"name\":\"Lagerstroemia indica - Nais Garden\",\"isPartOf\":{\"@id\":\"https:\/\/naisgarden.rs\/#website\"},\"primaryImageOfPage\":{\"@id\":\"https:\/\/naisgarden.rs\/index.php\/product\/lagerstroemia-indica\/#primaryimage\"},\"image\":{\"@id\":\"https:\/\/naisgarden.rs\/index.php\/product\/lagerstroemia-indica\/#primaryimage\"},\"thumbnailUrl\":\"https:\/\/naisgarden.rs\/wp-content\/uploads\/2024\/12\/Lago2-scaled.jpg\",\"datePublished\":\"2024-12-22T10:42:13+00:00\",\"dateModified\":\"2024-12-22T10:42:14+00:00\",\"breadcrumb\":{\"@id\":\"https:\/\/naisgarden.rs\/index.php\/product\/lagerstroemia-indica\/#breadcrumb\"},\"inLanguage\":\"sr-RS\",\"potentialAction\":[{\"@type\":\"ReadAction\",\"target\":[\"https:\/\/naisgarden.rs\/index.php\/product\/lagerstroemia-indica\/\"]}]},{\"@type\":\"ImageObject\",\"inLanguage\":\"sr-RS\",\"@id\":\"https:\/\/naisgarden.rs\/index.php\/product\/lagerstroemia-indica\/#primaryimage\",\"url\":\"https:\/\/naisgarden.rs\/wp-content\/uploads\/2024\/12\/Lago2-scaled.jpg\",\"contentUrl\":\"https:\/\/naisgarden.rs\/wp-content\/uploads\/2024\/12\/Lago2-scaled.jpg\",\"width\":2560,\"height\":2560,\"caption\":\"nais-garden-lagerstroemia-indica\"},{\"@type\":\"BreadcrumbList\",\"@id\":\"https:\/\/naisgarden.rs\/index.php\/product\/lagerstroemia-indica\/#breadcrumb\",\"itemListElement\":[{\"@type\":\"ListItem\",\"position\":1,\"name\":\"\u041f\u043e\u0447\u0435\u0442\u043d\u0430\",\"item\":\"https:\/\/naisgarden.rs\/\"},{\"@type\":\"ListItem\",\"position\":2,\"name\":\"Shop\",\"item\":\"https:\/\/naisgarden.rs\/index.php\/shop\/\"},{\"@type\":\"ListItem\",\"position\":3,\"name\":\"Lagerstroemia indica\"}]},{\"@type\":\"WebSite\",\"@id\":\"https:\/\/naisgarden.rs\/#website\",\"url\":\"https:\/\/naisgarden.rs\/\",\"name\":\"Nais Garden\",\"description\":\"\",\"publisher\":{\"@id\":\"https:\/\/naisgarden.rs\/#organization\"},\"potentialAction\":[{\"@type\":\"SearchAction\",\"target\":{\"@type\":\"EntryPoint\",\"urlTemplate\":\"https:\/\/naisgarden.rs\/?s={search_term_string}\"},\"query-input\":{\"@type\":\"PropertyValueSpecification\",\"valueRequired\":true,\"valueName\":\"search_term_string\"}}],\"inLanguage\":\"sr-RS\"},{\"@type\":\"Organization\",\"@id\":\"https:\/\/naisgarden.rs\/#organization\",\"name\":\"Nais Garden\",\"url\":\"https:\/\/naisgarden.rs\/\",\"logo\":{\"@type\":\"ImageObject\",\"inLanguage\":\"sr-RS\",\"@id\":\"https:\/\/naisgarden.rs\/#\/schema\/logo\/image\/\",\"url\":\"https:\/\/naisgarden.rs\/wp-content\/uploads\/2024\/12\/logo_text_nais_garden-removebg-preview.png\",\"contentUrl\":\"https:\/\/naisgarden.rs\/wp-content\/uploads\/2024\/12\/logo_text_nais_garden-removebg-preview.png\",\"width\":560,\"height\":446,\"caption\":\"Nais Garden\"},\"image\":{\"@id\":\"https:\/\/naisgarden.rs\/#\/schema\/logo\/image\/\"},\"sameAs\":[\"https:\/\/www.facebook.com\/people\/Nais-Garden\/61564041879860\/\",\"https:\/\/www.instagram.com\/naisgarden.rs\/\"]}]}<\/script>\n<!-- \/ Yoast SEO plugin. -->","yoast_head_json":{"title":"Lagerstroemia indica - Nais Garden","robots":{"index":"index","follow":"follow","max-snippet":"max-snippet:-1","max-image-preview":"max-image-preview:large","max-video-preview":"max-video-preview:-1"},"canonical":"https:\/\/naisgarden.rs\/index.php\/product\/lagerstroemia-indica\/","og_locale":"sr_RS","og_type":"article","og_title":"Lagerstroemia indica - Nais Garden","og_description":"Lagerstroemia indica \u2013 poznata kao indijski jorgovan, ova rasko\u0161na biljka sa bogatim cvetovima u nijansama ljubi\u010daste, ru\u017ei\u010daste, bele ili crvene unosi eleganciju i \u017eivost u svaki vrt, savr\u0161ena za solitere ili \u017eive ograde!","og_url":"https:\/\/naisgarden.rs\/index.php\/product\/lagerstroemia-indica\/","og_site_name":"Nais Garden","article_publisher":"https:\/\/www.facebook.com\/people\/Nais-Garden\/61564041879860\/","article_modified_time":"2024-12-22T10:42:14+00:00","og_image":[{"width":2560,"height":2560,"url":"https:\/\/naisgarden.rs\/wp-content\/uploads\/2024\/12\/Lago2-scaled.jpg","type":"image\/jpeg"}],"twitter_card":"summary_large_image","twitter_misc":{"\u041f\u0440\u043e\u0446\u0435\u045a\u0435\u043d\u043e \u0432\u0440\u0435\u043c\u0435 \u0447\u0438\u0442\u0430\u045a\u0430":"1 \u043c\u0438\u043d\u0443\u0442"},"schema":{"@context":"https:\/\/schema.org","@graph":[{"@type":"WebPage","@id":"https:\/\/naisgarden.rs\/index.php\/product\/lagerstroemia-indica\/","url":"https:\/\/naisgarden.rs\/index.php\/product\/lagerstroemia-indica\/","name":"Lagerstroemia indica - Nais Garden","isPartOf":{"@id":"https:\/\/naisgarden.rs\/#website"},"primaryImageOfPage":{"@id":"https:\/\/naisgarden.rs\/index.php\/product\/lagerstroemia-indica\/#primaryimage"},"image":{"@id":"https:\/\/naisgarden.rs\/index.php\/product\/lagerstroemia-indica\/#primaryimage"},"thumbnailUrl":"https:\/\/naisgarden.rs\/wp-content\/uploads\/2024\/12\/Lago2-scaled.jpg","datePublished":"2024-12-22T10:42:13+00:00","dateModified":"2024-12-22T10:42:14+00:00","breadcrumb":{"@id":"https:\/\/naisgarden.rs\/index.php\/product\/lagerstroemia-indica\/#breadcrumb"},"inLanguage":"sr-RS","potentialAction":[{"@type":"ReadAction","target":["https:\/\/naisgarden.rs\/index.php\/product\/lagerstroemia-indica\/"]}]},{"@type":"ImageObject","inLanguage":"sr-RS","@id":"https:\/\/naisgarden.rs\/index.php\/product\/lagerstroemia-indica\/#primaryimage","url":"https:\/\/naisgarden.rs\/wp-content\/uploads\/2024\/12\/Lago2-scaled.jpg","contentUrl":"https:\/\/naisgarden.rs\/wp-content\/uploads\/2024\/12\/Lago2-scaled.jpg","width":2560,"height":2560,"caption":"nais-garden-lagerstroemia-indica"},{"@type":"BreadcrumbList","@id":"https:\/\/naisgarden.rs\/index.php\/product\/lagerstroemia-indica\/#breadcrumb","itemListElement":[{"@type":"ListItem","position":1,"name":"\u041f\u043e\u0447\u0435\u0442\u043d\u0430","item":"https:\/\/naisgarden.rs\/"},{"@type":"ListItem","position":2,"name":"Shop","item":"https:\/\/naisgarden.rs\/index.php\/shop\/"},{"@type":"ListItem","position":3,"name":"Lagerstroemia indica"}]},{"@type":"WebSite","@id":"https:\/\/naisgarden.rs\/#website","url":"https:\/\/naisgarden.rs\/","name":"Nais Garden","description":"","publisher":{"@id":"https:\/\/naisgarden.rs\/#organization"},"potentialAction":[{"@type":"SearchAction","target":{"@type":"EntryPoint","urlTemplate":"https:\/\/naisgarden.rs\/?s={search_term_string}"},"query-input":{"@type":"PropertyValueSpecification","valueRequired":true,"valueName":"search_term_string"}}],"inLanguage":"sr-RS"},{"@type":"Organization","@id":"https:\/\/naisgarden.rs\/#organization","name":"Nais Garden","url":"https:\/\/naisgarden.rs\/","logo":{"@type":"ImageObject","inLanguage":"sr-RS","@id":"https:\/\/naisgarden.rs\/#\/schema\/logo\/image\/","url":"https:\/\/naisgarden.rs\/wp-content\/uploads\/2024\/12\/logo_text_nais_garden-removebg-preview.png","contentUrl":"https:\/\/naisgarden.rs\/wp-content\/uploads\/2024\/12\/logo_text_nais_garden-removebg-preview.png","width":560,"height":446,"caption":"Nais Garden"},"image":{"@id":"https:\/\/naisgarden.rs\/#\/schema\/logo\/image\/"},"sameAs":["https:\/\/www.facebook.com\/people\/Nais-Garden\/61564041879860\/","https:\/\/www.instagram.com\/naisgarden.rs\/"]}]}},"_links":{"self":[{"href":"https:\/\/naisgarden.rs\/index.php\/wp-json\/wp\/v2\/product\/368","targetHints":{"allow":["GET"]}}],"collection":[{"href":"https:\/\/naisgarden.rs\/index.php\/wp-json\/wp\/v2\/product"}],"about":[{"href":"https:\/\/naisgarden.rs\/index.php\/wp-json\/wp\/v2\/types\/product"}],"wp:featuredmedia":[{"embeddable":true,"href":"https:\/\/naisgarden.rs\/index.php\/wp-json\/wp\/v2\/media\/369"}],"wp:attachment":[{"href":"https:\/\/naisgarden.rs\/index.php\/wp-json\/wp\/v2\/media?parent=368"}],"wp:term":[{"taxonomy":"product_brand","embeddable":true,"href":"https:\/\/naisgarden.rs\/index.php\/wp-json\/wp\/v2\/product_brand?post=368"},{"taxonomy":"product_cat","embeddable":true,"href":"https:\/\/naisgarden.rs\/index.php\/wp-json\/wp\/v2\/product_cat?post=368"},{"taxonomy":"product_tag","embeddable":true,"href":"https:\/\/naisgarden.rs\/index.php\/wp-json\/wp\/v2\/product_tag?post=368"}],"curies":[{"name":"wp","href":"https:\/\/api.w.org\/{rel}","templated":true}]}}