{"id":351,"date":"2024-12-20T13:05:00","date_gmt":"2024-12-20T13:05:00","guid":{"rendered":"https:\/\/sofabatons.com\/wordpress\/?post_type=product&#038;p=351"},"modified":"2024-12-20T13:05:00","modified_gmt":"2024-12-20T13:05:00","slug":"ilex-carolina-sentinel","status":"publish","type":"product","link":"https:\/\/naisgarden.rs\/index.php\/product\/ilex-carolina-sentinel\/","title":{"rendered":"Ilex &#8222;Carolina Sentinel&#8220;"},"content":{"rendered":"<p>Ilex carolina, poznat kao bo\u017eikovina, je zimzeleni grm ili manje<br \/>\ndrvo poreklom iz jugoisto\u010dnih delova Sjedinjenih Ameri\u010dkih Dr\u017eava. Uspeva<br \/>\nu toplijoj umerenoj klimi, a preferira sun\u010dane do polusenovite polo\u017eaje i<br \/>\nvla\u017eno, dobro drenirano tlo.<\/p>\n<p>Njegovi sjajni, tamnozeleni listovi su ovalnog oblika i \u010desto imaju glatke<br \/>\nrubove, \u0161to ga izdvaja od drugih vrsta bo\u017eikovina sa bodljikavim listovima.<br \/>\nU prole\u0107e proizvodi sitne bele cvetove koji privla\u010de p\u010dele, dok u jesen i<br \/>\nzimu razvija jarko crvene bobice, koje su izuzetno dekorativne i privla\u010de<br \/>\nptice.<\/p>\n<p>Ova biljka se \u010desto koristi kao ukrasni grm u \u017eivim ogradama, kao soliter<br \/>\nili u grupnim sadnjama za dodavanje boje tokom zime. Ilex carolina je<br \/>\npoznata po svojoj otpornosti na su\u0161u i prilagodljivosti razli\u010ditim vrstama<br \/>\nzemlji\u0161ta.<\/p>\n","protected":false},"excerpt":{"rendered":"<p><strong>Ilex &#8216;Carolina Sentinel&#8217;<\/strong> \u2013 uspravna zimzelena biljka s gustim, tamnozelenim listovima, savr\u0161ena za \u017eive ograde, granice ili kao akcent u pejza\u017enom ure\u0111enju<\/p>\n","protected":false},"featured_media":352,"template":"","meta":[],"product_brand":[],"product_cat":[23,25],"product_tag":[87,84,85,75,86,83,80],"class_list":{"0":"post-351","1":"product","2":"type-product","3":"status-publish","4":"has-post-thumbnail","6":"product_cat-liscari","7":"product_cat-zbunje","8":"product_tag-biljke-za-granice","9":"product_tag-biljke-za-zive-ograde","10":"product_tag-dekorativno-zelenilo","11":"product_tag-pejzazno-uredjenje","12":"product_tag-uspravni-rast","13":"product_tag-zbunje","14":"product_tag-zimzelene-biljke","16":"first","17":"instock","18":"shipping-taxable","19":"purchasable","20":"product-type-simple"},"yoast_head":"<!-- This site is optimized with the Yoast SEO plugin v24.8.1 - https:\/\/yoast.com\/wordpress\/plugins\/seo\/ -->\n<title>Ilex &quot;Carolina Sentinel&quot; - Nais Garden<\/title>\n<meta name=\"robots\" content=\"index, follow, max-snippet:-1, max-image-preview:large, max-video-preview:-1\" \/>\n<link rel=\"canonical\" href=\"https:\/\/naisgarden.rs\/index.php\/product\/ilex-carolina-sentinel\/\" \/>\n<meta property=\"og:locale\" content=\"sr_RS\" \/>\n<meta property=\"og:type\" content=\"article\" \/>\n<meta property=\"og:title\" content=\"Ilex &quot;Carolina Sentinel&quot; - Nais Garden\" \/>\n<meta property=\"og:description\" content=\"Ilex &#039;Carolina Sentinel&#039; \u2013 uspravna zimzelena biljka s gustim, tamnozelenim listovima, savr\u0161ena za \u017eive ograde, granice ili kao akcent u pejza\u017enom ure\u0111enju\" \/>\n<meta property=\"og:url\" content=\"https:\/\/naisgarden.rs\/index.php\/product\/ilex-carolina-sentinel\/\" \/>\n<meta property=\"og:site_name\" content=\"Nais Garden\" \/>\n<meta property=\"article:publisher\" content=\"https:\/\/www.facebook.com\/people\/Nais-Garden\/61564041879860\/\" \/>\n<meta property=\"og:image\" content=\"https:\/\/naisgarden.rs\/wp-content\/uploads\/2024\/12\/ILEX1-scaled.jpg\" \/>\n\t<meta property=\"og:image:width\" content=\"2560\" \/>\n\t<meta property=\"og:image:height\" content=\"2560\" \/>\n\t<meta property=\"og:image:type\" content=\"image\/jpeg\" \/>\n<meta name=\"twitter:card\" content=\"summary_large_image\" \/>\n<meta name=\"twitter:label1\" content=\"\u041f\u0440\u043e\u0446\u0435\u045a\u0435\u043d\u043e \u0432\u0440\u0435\u043c\u0435 \u0447\u0438\u0442\u0430\u045a\u0430\" \/>\n\t<meta name=\"twitter:data1\" content=\"1 \u043c\u0438\u043d\u0443\u0442\" \/>\n<script type=\"application\/ld+json\" class=\"yoast-schema-graph\">{\"@context\":\"https:\/\/schema.org\",\"@graph\":[{\"@type\":\"WebPage\",\"@id\":\"https:\/\/naisgarden.rs\/index.php\/product\/ilex-carolina-sentinel\/\",\"url\":\"https:\/\/naisgarden.rs\/index.php\/product\/ilex-carolina-sentinel\/\",\"name\":\"Ilex \\\"Carolina Sentinel\\\" - Nais Garden\",\"isPartOf\":{\"@id\":\"https:\/\/naisgarden.rs\/#website\"},\"primaryImageOfPage\":{\"@id\":\"https:\/\/naisgarden.rs\/index.php\/product\/ilex-carolina-sentinel\/#primaryimage\"},\"image\":{\"@id\":\"https:\/\/naisgarden.rs\/index.php\/product\/ilex-carolina-sentinel\/#primaryimage\"},\"thumbnailUrl\":\"https:\/\/naisgarden.rs\/wp-content\/uploads\/2024\/12\/ILEX1-scaled.jpg\",\"datePublished\":\"2024-12-20T13:05:00+00:00\",\"breadcrumb\":{\"@id\":\"https:\/\/naisgarden.rs\/index.php\/product\/ilex-carolina-sentinel\/#breadcrumb\"},\"inLanguage\":\"sr-RS\",\"potentialAction\":[{\"@type\":\"ReadAction\",\"target\":[\"https:\/\/naisgarden.rs\/index.php\/product\/ilex-carolina-sentinel\/\"]}]},{\"@type\":\"ImageObject\",\"inLanguage\":\"sr-RS\",\"@id\":\"https:\/\/naisgarden.rs\/index.php\/product\/ilex-carolina-sentinel\/#primaryimage\",\"url\":\"https:\/\/naisgarden.rs\/wp-content\/uploads\/2024\/12\/ILEX1-scaled.jpg\",\"contentUrl\":\"https:\/\/naisgarden.rs\/wp-content\/uploads\/2024\/12\/ILEX1-scaled.jpg\",\"width\":2560,\"height\":2560,\"caption\":\"nais-garden-ilex-carolina-sentinel\"},{\"@type\":\"BreadcrumbList\",\"@id\":\"https:\/\/naisgarden.rs\/index.php\/product\/ilex-carolina-sentinel\/#breadcrumb\",\"itemListElement\":[{\"@type\":\"ListItem\",\"position\":1,\"name\":\"\u041f\u043e\u0447\u0435\u0442\u043d\u0430\",\"item\":\"https:\/\/naisgarden.rs\/\"},{\"@type\":\"ListItem\",\"position\":2,\"name\":\"Shop\",\"item\":\"https:\/\/naisgarden.rs\/index.php\/shop\/\"},{\"@type\":\"ListItem\",\"position\":3,\"name\":\"Ilex &#8222;Carolina Sentinel&#8220;\"}]},{\"@type\":\"WebSite\",\"@id\":\"https:\/\/naisgarden.rs\/#website\",\"url\":\"https:\/\/naisgarden.rs\/\",\"name\":\"Nais Garden\",\"description\":\"\",\"publisher\":{\"@id\":\"https:\/\/naisgarden.rs\/#organization\"},\"potentialAction\":[{\"@type\":\"SearchAction\",\"target\":{\"@type\":\"EntryPoint\",\"urlTemplate\":\"https:\/\/naisgarden.rs\/?s={search_term_string}\"},\"query-input\":{\"@type\":\"PropertyValueSpecification\",\"valueRequired\":true,\"valueName\":\"search_term_string\"}}],\"inLanguage\":\"sr-RS\"},{\"@type\":\"Organization\",\"@id\":\"https:\/\/naisgarden.rs\/#organization\",\"name\":\"Nais Garden\",\"url\":\"https:\/\/naisgarden.rs\/\",\"logo\":{\"@type\":\"ImageObject\",\"inLanguage\":\"sr-RS\",\"@id\":\"https:\/\/naisgarden.rs\/#\/schema\/logo\/image\/\",\"url\":\"https:\/\/naisgarden.rs\/wp-content\/uploads\/2024\/12\/logo_text_nais_garden-removebg-preview.png\",\"contentUrl\":\"https:\/\/naisgarden.rs\/wp-content\/uploads\/2024\/12\/logo_text_nais_garden-removebg-preview.png\",\"width\":560,\"height\":446,\"caption\":\"Nais Garden\"},\"image\":{\"@id\":\"https:\/\/naisgarden.rs\/#\/schema\/logo\/image\/\"},\"sameAs\":[\"https:\/\/www.facebook.com\/people\/Nais-Garden\/61564041879860\/\",\"https:\/\/www.instagram.com\/naisgarden.rs\/\"]}]}<\/script>\n<!-- \/ Yoast SEO plugin. -->","yoast_head_json":{"title":"Ilex \"Carolina Sentinel\" - Nais Garden","robots":{"index":"index","follow":"follow","max-snippet":"max-snippet:-1","max-image-preview":"max-image-preview:large","max-video-preview":"max-video-preview:-1"},"canonical":"https:\/\/naisgarden.rs\/index.php\/product\/ilex-carolina-sentinel\/","og_locale":"sr_RS","og_type":"article","og_title":"Ilex \"Carolina Sentinel\" - Nais Garden","og_description":"Ilex 'Carolina Sentinel' \u2013 uspravna zimzelena biljka s gustim, tamnozelenim listovima, savr\u0161ena za \u017eive ograde, granice ili kao akcent u pejza\u017enom ure\u0111enju","og_url":"https:\/\/naisgarden.rs\/index.php\/product\/ilex-carolina-sentinel\/","og_site_name":"Nais Garden","article_publisher":"https:\/\/www.facebook.com\/people\/Nais-Garden\/61564041879860\/","og_image":[{"width":2560,"height":2560,"url":"https:\/\/naisgarden.rs\/wp-content\/uploads\/2024\/12\/ILEX1-scaled.jpg","type":"image\/jpeg"}],"twitter_card":"summary_large_image","twitter_misc":{"\u041f\u0440\u043e\u0446\u0435\u045a\u0435\u043d\u043e \u0432\u0440\u0435\u043c\u0435 \u0447\u0438\u0442\u0430\u045a\u0430":"1 \u043c\u0438\u043d\u0443\u0442"},"schema":{"@context":"https:\/\/schema.org","@graph":[{"@type":"WebPage","@id":"https:\/\/naisgarden.rs\/index.php\/product\/ilex-carolina-sentinel\/","url":"https:\/\/naisgarden.rs\/index.php\/product\/ilex-carolina-sentinel\/","name":"Ilex \"Carolina Sentinel\" - Nais Garden","isPartOf":{"@id":"https:\/\/naisgarden.rs\/#website"},"primaryImageOfPage":{"@id":"https:\/\/naisgarden.rs\/index.php\/product\/ilex-carolina-sentinel\/#primaryimage"},"image":{"@id":"https:\/\/naisgarden.rs\/index.php\/product\/ilex-carolina-sentinel\/#primaryimage"},"thumbnailUrl":"https:\/\/naisgarden.rs\/wp-content\/uploads\/2024\/12\/ILEX1-scaled.jpg","datePublished":"2024-12-20T13:05:00+00:00","breadcrumb":{"@id":"https:\/\/naisgarden.rs\/index.php\/product\/ilex-carolina-sentinel\/#breadcrumb"},"inLanguage":"sr-RS","potentialAction":[{"@type":"ReadAction","target":["https:\/\/naisgarden.rs\/index.php\/product\/ilex-carolina-sentinel\/"]}]},{"@type":"ImageObject","inLanguage":"sr-RS","@id":"https:\/\/naisgarden.rs\/index.php\/product\/ilex-carolina-sentinel\/#primaryimage","url":"https:\/\/naisgarden.rs\/wp-content\/uploads\/2024\/12\/ILEX1-scaled.jpg","contentUrl":"https:\/\/naisgarden.rs\/wp-content\/uploads\/2024\/12\/ILEX1-scaled.jpg","width":2560,"height":2560,"caption":"nais-garden-ilex-carolina-sentinel"},{"@type":"BreadcrumbList","@id":"https:\/\/naisgarden.rs\/index.php\/product\/ilex-carolina-sentinel\/#breadcrumb","itemListElement":[{"@type":"ListItem","position":1,"name":"\u041f\u043e\u0447\u0435\u0442\u043d\u0430","item":"https:\/\/naisgarden.rs\/"},{"@type":"ListItem","position":2,"name":"Shop","item":"https:\/\/naisgarden.rs\/index.php\/shop\/"},{"@type":"ListItem","position":3,"name":"Ilex &#8222;Carolina Sentinel&#8220;"}]},{"@type":"WebSite","@id":"https:\/\/naisgarden.rs\/#website","url":"https:\/\/naisgarden.rs\/","name":"Nais Garden","description":"","publisher":{"@id":"https:\/\/naisgarden.rs\/#organization"},"potentialAction":[{"@type":"SearchAction","target":{"@type":"EntryPoint","urlTemplate":"https:\/\/naisgarden.rs\/?s={search_term_string}"},"query-input":{"@type":"PropertyValueSpecification","valueRequired":true,"valueName":"search_term_string"}}],"inLanguage":"sr-RS"},{"@type":"Organization","@id":"https:\/\/naisgarden.rs\/#organization","name":"Nais Garden","url":"https:\/\/naisgarden.rs\/","logo":{"@type":"ImageObject","inLanguage":"sr-RS","@id":"https:\/\/naisgarden.rs\/#\/schema\/logo\/image\/","url":"https:\/\/naisgarden.rs\/wp-content\/uploads\/2024\/12\/logo_text_nais_garden-removebg-preview.png","contentUrl":"https:\/\/naisgarden.rs\/wp-content\/uploads\/2024\/12\/logo_text_nais_garden-removebg-preview.png","width":560,"height":446,"caption":"Nais Garden"},"image":{"@id":"https:\/\/naisgarden.rs\/#\/schema\/logo\/image\/"},"sameAs":["https:\/\/www.facebook.com\/people\/Nais-Garden\/61564041879860\/","https:\/\/www.instagram.com\/naisgarden.rs\/"]}]}},"_links":{"self":[{"href":"https:\/\/naisgarden.rs\/index.php\/wp-json\/wp\/v2\/product\/351","targetHints":{"allow":["GET"]}}],"collection":[{"href":"https:\/\/naisgarden.rs\/index.php\/wp-json\/wp\/v2\/product"}],"about":[{"href":"https:\/\/naisgarden.rs\/index.php\/wp-json\/wp\/v2\/types\/product"}],"wp:featuredmedia":[{"embeddable":true,"href":"https:\/\/naisgarden.rs\/index.php\/wp-json\/wp\/v2\/media\/352"}],"wp:attachment":[{"href":"https:\/\/naisgarden.rs\/index.php\/wp-json\/wp\/v2\/media?parent=351"}],"wp:term":[{"taxonomy":"product_brand","embeddable":true,"href":"https:\/\/naisgarden.rs\/index.php\/wp-json\/wp\/v2\/product_brand?post=351"},{"taxonomy":"product_cat","embeddable":true,"href":"https:\/\/naisgarden.rs\/index.php\/wp-json\/wp\/v2\/product_cat?post=351"},{"taxonomy":"product_tag","embeddable":true,"href":"https:\/\/naisgarden.rs\/index.php\/wp-json\/wp\/v2\/product_tag?post=351"}],"curies":[{"name":"wp","href":"https:\/\/api.w.org\/{rel}","templated":true}]}}