{"id":348,"date":"2024-12-20T12:56:56","date_gmt":"2024-12-20T12:56:56","guid":{"rendered":"https:\/\/sofabatons.com\/wordpress\/?post_type=product&#038;p=348"},"modified":"2024-12-20T12:56:56","modified_gmt":"2024-12-20T12:56:56","slug":"thuja-occidentalis-globosa","status":"publish","type":"product","link":"https:\/\/naisgarden.rs\/index.php\/product\/thuja-occidentalis-globosa\/","title":{"rendered":"Thuja occidentalis &#8222;Globosa&#8220;"},"content":{"rendered":"<p>Thuja occidentalis &#8216;Globosa&#8217;, poznata kao kuglasta tuja, poreklom je iz<br \/>\nSeverne Amerike i pripada porodici \u010detinara. Ova kompaktna, zimzelena<br \/>\nbiljka ima prirodno zaobljen oblik, \u0161to je \u010dini idealnom za male vrtove,<br \/>\nstaze, bordure ili sadnju u saksijama.<\/p>\n<p>Njene mekane, tamnozelene ljuske-listovi zadr\u017eavaju boju tokom cele<br \/>\ngodine, dok zimi dobijaju blago bronzanu nijansu. Kuglasta tuja raste<br \/>\nsporo, dosti\u017eu\u0107i visinu i \u0161irinu od 1 do 1,5 metra, \u0161to zna\u010di da zahteva<br \/>\nminimalno orezivanje za odr\u017eavanje oblika.<\/p>\n<p>Voli sun\u010dane ili polusenovite polo\u017eaje i preferira vla\u017eno, dobro<br \/>\ndrenirano zemlji\u0161te, ali je tolerantna na razli\u010dite uslove, uklju\u010duju\u0107i<br \/>\nhladno\u0107u i urbanu sredinu. Thuja &#8216;Globosa&#8217; je savr\u0161en izbor za formalne<br \/>\nvrtove, kamenjare ili kao ukrasna biljka niskog odr\u017eavanja.<\/p>\n","protected":false},"excerpt":{"rendered":"<p><strong>Thuja occidentalis &#8216;Globosa&#8217;<\/strong> \u2013 kompaktna, kuglasta \u010detinarska biljka idealna za male vrtove, staze i \u017eardinjere, unosi strukturu i zelenu eleganciju tokom cele godine<\/p>\n","protected":false},"featured_media":349,"template":"","meta":[],"product_brand":[],"product_cat":[20,22],"product_tag":[81,82,79,77,75,78,80],"class_list":{"0":"post-348","1":"product","2":"type-product","3":"status-publish","4":"has-post-thumbnail","6":"product_cat-cetinari","7":"product_cat-niski-cetinari","8":"product_tag-biljke-za-staze","9":"product_tag-biljke-za-zardinjere","10":"product_tag-kompaktne-biljke","11":"product_tag-niski-cetinari","12":"product_tag-pejzazno-uredjenje","13":"product_tag-ukrasno-zelenilo","14":"product_tag-zimzelene-biljke","16":"first","17":"instock","18":"shipping-taxable","19":"purchasable","20":"product-type-simple"},"yoast_head":"<!-- This site is optimized with the Yoast SEO plugin v24.8.1 - https:\/\/yoast.com\/wordpress\/plugins\/seo\/ -->\n<title>Thuja occidentalis &quot;Globosa&quot; - Nais Garden<\/title>\n<meta name=\"robots\" content=\"index, follow, max-snippet:-1, max-image-preview:large, max-video-preview:-1\" \/>\n<link rel=\"canonical\" href=\"https:\/\/naisgarden.rs\/index.php\/product\/thuja-occidentalis-globosa\/\" \/>\n<meta property=\"og:locale\" content=\"sr_RS\" \/>\n<meta property=\"og:type\" content=\"article\" \/>\n<meta property=\"og:title\" content=\"Thuja occidentalis &quot;Globosa&quot; - Nais Garden\" \/>\n<meta property=\"og:description\" content=\"Thuja occidentalis &#039;Globosa&#039; \u2013 kompaktna, kuglasta \u010detinarska biljka idealna za male vrtove, staze i \u017eardinjere, unosi strukturu i zelenu eleganciju tokom cele godine\" \/>\n<meta property=\"og:url\" content=\"https:\/\/naisgarden.rs\/index.php\/product\/thuja-occidentalis-globosa\/\" \/>\n<meta property=\"og:site_name\" content=\"Nais Garden\" \/>\n<meta property=\"article:publisher\" content=\"https:\/\/www.facebook.com\/people\/Nais-Garden\/61564041879860\/\" \/>\n<meta property=\"og:image\" content=\"https:\/\/naisgarden.rs\/wp-content\/uploads\/2024\/12\/globosa1-scaled.jpg\" \/>\n\t<meta property=\"og:image:width\" content=\"2560\" \/>\n\t<meta property=\"og:image:height\" content=\"2560\" \/>\n\t<meta property=\"og:image:type\" content=\"image\/jpeg\" \/>\n<meta name=\"twitter:card\" content=\"summary_large_image\" \/>\n<meta name=\"twitter:label1\" content=\"\u041f\u0440\u043e\u0446\u0435\u045a\u0435\u043d\u043e \u0432\u0440\u0435\u043c\u0435 \u0447\u0438\u0442\u0430\u045a\u0430\" \/>\n\t<meta name=\"twitter:data1\" content=\"1 \u043c\u0438\u043d\u0443\u0442\" \/>\n<script type=\"application\/ld+json\" class=\"yoast-schema-graph\">{\"@context\":\"https:\/\/schema.org\",\"@graph\":[{\"@type\":\"WebPage\",\"@id\":\"https:\/\/naisgarden.rs\/index.php\/product\/thuja-occidentalis-globosa\/\",\"url\":\"https:\/\/naisgarden.rs\/index.php\/product\/thuja-occidentalis-globosa\/\",\"name\":\"Thuja occidentalis \\\"Globosa\\\" - Nais Garden\",\"isPartOf\":{\"@id\":\"https:\/\/naisgarden.rs\/#website\"},\"primaryImageOfPage\":{\"@id\":\"https:\/\/naisgarden.rs\/index.php\/product\/thuja-occidentalis-globosa\/#primaryimage\"},\"image\":{\"@id\":\"https:\/\/naisgarden.rs\/index.php\/product\/thuja-occidentalis-globosa\/#primaryimage\"},\"thumbnailUrl\":\"https:\/\/naisgarden.rs\/wp-content\/uploads\/2024\/12\/globosa1-scaled.jpg\",\"datePublished\":\"2024-12-20T12:56:56+00:00\",\"breadcrumb\":{\"@id\":\"https:\/\/naisgarden.rs\/index.php\/product\/thuja-occidentalis-globosa\/#breadcrumb\"},\"inLanguage\":\"sr-RS\",\"potentialAction\":[{\"@type\":\"ReadAction\",\"target\":[\"https:\/\/naisgarden.rs\/index.php\/product\/thuja-occidentalis-globosa\/\"]}]},{\"@type\":\"ImageObject\",\"inLanguage\":\"sr-RS\",\"@id\":\"https:\/\/naisgarden.rs\/index.php\/product\/thuja-occidentalis-globosa\/#primaryimage\",\"url\":\"https:\/\/naisgarden.rs\/wp-content\/uploads\/2024\/12\/globosa1-scaled.jpg\",\"contentUrl\":\"https:\/\/naisgarden.rs\/wp-content\/uploads\/2024\/12\/globosa1-scaled.jpg\",\"width\":2560,\"height\":2560,\"caption\":\"nais-garden-thuja-occidentalis-globosa\"},{\"@type\":\"BreadcrumbList\",\"@id\":\"https:\/\/naisgarden.rs\/index.php\/product\/thuja-occidentalis-globosa\/#breadcrumb\",\"itemListElement\":[{\"@type\":\"ListItem\",\"position\":1,\"name\":\"\u041f\u043e\u0447\u0435\u0442\u043d\u0430\",\"item\":\"https:\/\/naisgarden.rs\/\"},{\"@type\":\"ListItem\",\"position\":2,\"name\":\"Shop\",\"item\":\"https:\/\/naisgarden.rs\/index.php\/shop\/\"},{\"@type\":\"ListItem\",\"position\":3,\"name\":\"Thuja occidentalis &#8222;Globosa&#8220;\"}]},{\"@type\":\"WebSite\",\"@id\":\"https:\/\/naisgarden.rs\/#website\",\"url\":\"https:\/\/naisgarden.rs\/\",\"name\":\"Nais Garden\",\"description\":\"\",\"publisher\":{\"@id\":\"https:\/\/naisgarden.rs\/#organization\"},\"potentialAction\":[{\"@type\":\"SearchAction\",\"target\":{\"@type\":\"EntryPoint\",\"urlTemplate\":\"https:\/\/naisgarden.rs\/?s={search_term_string}\"},\"query-input\":{\"@type\":\"PropertyValueSpecification\",\"valueRequired\":true,\"valueName\":\"search_term_string\"}}],\"inLanguage\":\"sr-RS\"},{\"@type\":\"Organization\",\"@id\":\"https:\/\/naisgarden.rs\/#organization\",\"name\":\"Nais Garden\",\"url\":\"https:\/\/naisgarden.rs\/\",\"logo\":{\"@type\":\"ImageObject\",\"inLanguage\":\"sr-RS\",\"@id\":\"https:\/\/naisgarden.rs\/#\/schema\/logo\/image\/\",\"url\":\"https:\/\/naisgarden.rs\/wp-content\/uploads\/2024\/12\/logo_text_nais_garden-removebg-preview.png\",\"contentUrl\":\"https:\/\/naisgarden.rs\/wp-content\/uploads\/2024\/12\/logo_text_nais_garden-removebg-preview.png\",\"width\":560,\"height\":446,\"caption\":\"Nais Garden\"},\"image\":{\"@id\":\"https:\/\/naisgarden.rs\/#\/schema\/logo\/image\/\"},\"sameAs\":[\"https:\/\/www.facebook.com\/people\/Nais-Garden\/61564041879860\/\",\"https:\/\/www.instagram.com\/naisgarden.rs\/\"]}]}<\/script>\n<!-- \/ Yoast SEO plugin. -->","yoast_head_json":{"title":"Thuja occidentalis \"Globosa\" - Nais Garden","robots":{"index":"index","follow":"follow","max-snippet":"max-snippet:-1","max-image-preview":"max-image-preview:large","max-video-preview":"max-video-preview:-1"},"canonical":"https:\/\/naisgarden.rs\/index.php\/product\/thuja-occidentalis-globosa\/","og_locale":"sr_RS","og_type":"article","og_title":"Thuja occidentalis \"Globosa\" - Nais Garden","og_description":"Thuja occidentalis 'Globosa' \u2013 kompaktna, kuglasta \u010detinarska biljka idealna za male vrtove, staze i \u017eardinjere, unosi strukturu i zelenu eleganciju tokom cele godine","og_url":"https:\/\/naisgarden.rs\/index.php\/product\/thuja-occidentalis-globosa\/","og_site_name":"Nais Garden","article_publisher":"https:\/\/www.facebook.com\/people\/Nais-Garden\/61564041879860\/","og_image":[{"width":2560,"height":2560,"url":"https:\/\/naisgarden.rs\/wp-content\/uploads\/2024\/12\/globosa1-scaled.jpg","type":"image\/jpeg"}],"twitter_card":"summary_large_image","twitter_misc":{"\u041f\u0440\u043e\u0446\u0435\u045a\u0435\u043d\u043e \u0432\u0440\u0435\u043c\u0435 \u0447\u0438\u0442\u0430\u045a\u0430":"1 \u043c\u0438\u043d\u0443\u0442"},"schema":{"@context":"https:\/\/schema.org","@graph":[{"@type":"WebPage","@id":"https:\/\/naisgarden.rs\/index.php\/product\/thuja-occidentalis-globosa\/","url":"https:\/\/naisgarden.rs\/index.php\/product\/thuja-occidentalis-globosa\/","name":"Thuja occidentalis \"Globosa\" - Nais Garden","isPartOf":{"@id":"https:\/\/naisgarden.rs\/#website"},"primaryImageOfPage":{"@id":"https:\/\/naisgarden.rs\/index.php\/product\/thuja-occidentalis-globosa\/#primaryimage"},"image":{"@id":"https:\/\/naisgarden.rs\/index.php\/product\/thuja-occidentalis-globosa\/#primaryimage"},"thumbnailUrl":"https:\/\/naisgarden.rs\/wp-content\/uploads\/2024\/12\/globosa1-scaled.jpg","datePublished":"2024-12-20T12:56:56+00:00","breadcrumb":{"@id":"https:\/\/naisgarden.rs\/index.php\/product\/thuja-occidentalis-globosa\/#breadcrumb"},"inLanguage":"sr-RS","potentialAction":[{"@type":"ReadAction","target":["https:\/\/naisgarden.rs\/index.php\/product\/thuja-occidentalis-globosa\/"]}]},{"@type":"ImageObject","inLanguage":"sr-RS","@id":"https:\/\/naisgarden.rs\/index.php\/product\/thuja-occidentalis-globosa\/#primaryimage","url":"https:\/\/naisgarden.rs\/wp-content\/uploads\/2024\/12\/globosa1-scaled.jpg","contentUrl":"https:\/\/naisgarden.rs\/wp-content\/uploads\/2024\/12\/globosa1-scaled.jpg","width":2560,"height":2560,"caption":"nais-garden-thuja-occidentalis-globosa"},{"@type":"BreadcrumbList","@id":"https:\/\/naisgarden.rs\/index.php\/product\/thuja-occidentalis-globosa\/#breadcrumb","itemListElement":[{"@type":"ListItem","position":1,"name":"\u041f\u043e\u0447\u0435\u0442\u043d\u0430","item":"https:\/\/naisgarden.rs\/"},{"@type":"ListItem","position":2,"name":"Shop","item":"https:\/\/naisgarden.rs\/index.php\/shop\/"},{"@type":"ListItem","position":3,"name":"Thuja occidentalis &#8222;Globosa&#8220;"}]},{"@type":"WebSite","@id":"https:\/\/naisgarden.rs\/#website","url":"https:\/\/naisgarden.rs\/","name":"Nais Garden","description":"","publisher":{"@id":"https:\/\/naisgarden.rs\/#organization"},"potentialAction":[{"@type":"SearchAction","target":{"@type":"EntryPoint","urlTemplate":"https:\/\/naisgarden.rs\/?s={search_term_string}"},"query-input":{"@type":"PropertyValueSpecification","valueRequired":true,"valueName":"search_term_string"}}],"inLanguage":"sr-RS"},{"@type":"Organization","@id":"https:\/\/naisgarden.rs\/#organization","name":"Nais Garden","url":"https:\/\/naisgarden.rs\/","logo":{"@type":"ImageObject","inLanguage":"sr-RS","@id":"https:\/\/naisgarden.rs\/#\/schema\/logo\/image\/","url":"https:\/\/naisgarden.rs\/wp-content\/uploads\/2024\/12\/logo_text_nais_garden-removebg-preview.png","contentUrl":"https:\/\/naisgarden.rs\/wp-content\/uploads\/2024\/12\/logo_text_nais_garden-removebg-preview.png","width":560,"height":446,"caption":"Nais Garden"},"image":{"@id":"https:\/\/naisgarden.rs\/#\/schema\/logo\/image\/"},"sameAs":["https:\/\/www.facebook.com\/people\/Nais-Garden\/61564041879860\/","https:\/\/www.instagram.com\/naisgarden.rs\/"]}]}},"_links":{"self":[{"href":"https:\/\/naisgarden.rs\/index.php\/wp-json\/wp\/v2\/product\/348","targetHints":{"allow":["GET"]}}],"collection":[{"href":"https:\/\/naisgarden.rs\/index.php\/wp-json\/wp\/v2\/product"}],"about":[{"href":"https:\/\/naisgarden.rs\/index.php\/wp-json\/wp\/v2\/types\/product"}],"wp:featuredmedia":[{"embeddable":true,"href":"https:\/\/naisgarden.rs\/index.php\/wp-json\/wp\/v2\/media\/349"}],"wp:attachment":[{"href":"https:\/\/naisgarden.rs\/index.php\/wp-json\/wp\/v2\/media?parent=348"}],"wp:term":[{"taxonomy":"product_brand","embeddable":true,"href":"https:\/\/naisgarden.rs\/index.php\/wp-json\/wp\/v2\/product_brand?post=348"},{"taxonomy":"product_cat","embeddable":true,"href":"https:\/\/naisgarden.rs\/index.php\/wp-json\/wp\/v2\/product_cat?post=348"},{"taxonomy":"product_tag","embeddable":true,"href":"https:\/\/naisgarden.rs\/index.php\/wp-json\/wp\/v2\/product_tag?post=348"}],"curies":[{"name":"wp","href":"https:\/\/api.w.org\/{rel}","templated":true}]}}