{"id":216,"date":"2024-12-08T12:04:22","date_gmt":"2024-12-08T12:04:22","guid":{"rendered":"https:\/\/sofabatons.com\/wordpress\/?post_type=product&#038;p=216"},"modified":"2024-12-14T16:00:11","modified_gmt":"2024-12-14T16:00:11","slug":"euonymus-japonicus","status":"publish","type":"product","link":"https:\/\/naisgarden.rs\/index.php\/product\/euonymus-japonicus\/","title":{"rendered":"Euonymus japonicus"},"content":{"rendered":"<p>Euonymus japonicus je poreklom iz Japana, Koreje i Kine. Ovaj zimzeleni grm ili malo drvo uspeva u umerenoj klimi i prilago\u0111ava se \u0161irokom spektru uslova, uklju\u010duju\u0107i sun\u010dane, polusenovite i senovite polo\u017eaje. Preferira dobro drenirano zemlji\u0161te, ali je tolerantan na su\u0161u i zaga\u0111enje.<\/p>\n<p>Njegovi sjajni, tamnozeleni ili \u0161areni listovi daju mu atraktivan izgled tokom cele godine. Sorte sa \u0161arenim li\u0161\u0107em, poput zlatno-zelenih ili kremasto-belo-\u0161arenih varijacija, popularne su u dekorativnom vrtlarstvu. Euonymus japonicus raste sporo do srednje brzo i lako se oblikuje orezivanjem, pa je odli\u010dan izbor za \u017eivu ogradu, bordure ili saksijske biljke. Ova biljka je otporna na hladno\u0107u i lako se odr\u017eava, \u0161to je \u010dini pogodnom za urbane vrtove i pejza\u017ene projekte.<\/p>\n","protected":false},"excerpt":{"rendered":"<p>Ovaj zimzeleni grm ili malo drvo uspeva u umerenoj klimi i prilago\u0111ava se \u0161irokom spektru uslova, uklju\u010duju\u0107i sun\u010dane, polusenovite i senovite polo\u017eaje.<\/p>\n","protected":false},"featured_media":217,"template":"","meta":[],"product_brand":[],"product_cat":[24,23,70],"product_tag":[39,48,66,64,67,63,65],"class_list":{"0":"post-216","1":"product","2":"type-product","3":"status-publish","4":"has-post-thumbnail","6":"product_cat-drvece","7":"product_cat-liscari","8":"product_cat-svi-proizvodi","9":"product_tag-drvo","10":"product_tag-grm","11":"product_tag-klima","12":"product_tag-liscar","13":"product_tag-polusenovito","14":"product_tag-sunce","15":"product_tag-umerena","17":"first","18":"instock","19":"shipping-taxable","20":"purchasable","21":"product-type-simple"},"yoast_head":"<!-- This site is optimized with the Yoast SEO plugin v24.8.1 - https:\/\/yoast.com\/wordpress\/plugins\/seo\/ -->\n<title>Euonymus japonicus - Nais Garden<\/title>\n<meta name=\"robots\" content=\"index, follow, max-snippet:-1, max-image-preview:large, max-video-preview:-1\" \/>\n<link rel=\"canonical\" href=\"https:\/\/naisgarden.rs\/index.php\/product\/euonymus-japonicus\/\" \/>\n<meta property=\"og:locale\" content=\"sr_RS\" \/>\n<meta property=\"og:type\" content=\"article\" \/>\n<meta property=\"og:title\" content=\"Euonymus japonicus - Nais Garden\" \/>\n<meta property=\"og:description\" content=\"Ovaj zimzeleni grm ili malo drvo uspeva u umerenoj klimi i prilago\u0111ava se \u0161irokom spektru uslova, uklju\u010duju\u0107i sun\u010dane, polusenovite i senovite polo\u017eaje.\" \/>\n<meta property=\"og:url\" content=\"https:\/\/naisgarden.rs\/index.php\/product\/euonymus-japonicus\/\" \/>\n<meta property=\"og:site_name\" content=\"Nais Garden\" \/>\n<meta property=\"article:publisher\" content=\"https:\/\/www.facebook.com\/people\/Nais-Garden\/61564041879860\/\" \/>\n<meta property=\"article:modified_time\" content=\"2024-12-14T16:00:11+00:00\" \/>\n<meta property=\"og:image\" content=\"https:\/\/naisgarden.rs\/wp-content\/uploads\/2024\/12\/WhatsApp-Image-2024-12-08-at-12.44.16-1.jpeg\" \/>\n\t<meta property=\"og:image:width\" content=\"1600\" \/>\n\t<meta property=\"og:image:height\" content=\"1600\" \/>\n\t<meta property=\"og:image:type\" content=\"image\/jpeg\" \/>\n<meta name=\"twitter:card\" content=\"summary_large_image\" \/>\n<meta name=\"twitter:label1\" content=\"\u041f\u0440\u043e\u0446\u0435\u045a\u0435\u043d\u043e \u0432\u0440\u0435\u043c\u0435 \u0447\u0438\u0442\u0430\u045a\u0430\" \/>\n\t<meta name=\"twitter:data1\" content=\"1 \u043c\u0438\u043d\u0443\u0442\" \/>\n<script type=\"application\/ld+json\" class=\"yoast-schema-graph\">{\"@context\":\"https:\/\/schema.org\",\"@graph\":[{\"@type\":\"WebPage\",\"@id\":\"https:\/\/naisgarden.rs\/index.php\/product\/euonymus-japonicus\/\",\"url\":\"https:\/\/naisgarden.rs\/index.php\/product\/euonymus-japonicus\/\",\"name\":\"Euonymus japonicus - Nais Garden\",\"isPartOf\":{\"@id\":\"https:\/\/naisgarden.rs\/#website\"},\"primaryImageOfPage\":{\"@id\":\"https:\/\/naisgarden.rs\/index.php\/product\/euonymus-japonicus\/#primaryimage\"},\"image\":{\"@id\":\"https:\/\/naisgarden.rs\/index.php\/product\/euonymus-japonicus\/#primaryimage\"},\"thumbnailUrl\":\"https:\/\/naisgarden.rs\/wp-content\/uploads\/2024\/12\/WhatsApp-Image-2024-12-08-at-12.44.16-1.jpeg\",\"datePublished\":\"2024-12-08T12:04:22+00:00\",\"dateModified\":\"2024-12-14T16:00:11+00:00\",\"breadcrumb\":{\"@id\":\"https:\/\/naisgarden.rs\/index.php\/product\/euonymus-japonicus\/#breadcrumb\"},\"inLanguage\":\"sr-RS\",\"potentialAction\":[{\"@type\":\"ReadAction\",\"target\":[\"https:\/\/naisgarden.rs\/index.php\/product\/euonymus-japonicus\/\"]}]},{\"@type\":\"ImageObject\",\"inLanguage\":\"sr-RS\",\"@id\":\"https:\/\/naisgarden.rs\/index.php\/product\/euonymus-japonicus\/#primaryimage\",\"url\":\"https:\/\/naisgarden.rs\/wp-content\/uploads\/2024\/12\/WhatsApp-Image-2024-12-08-at-12.44.16-1.jpeg\",\"contentUrl\":\"https:\/\/naisgarden.rs\/wp-content\/uploads\/2024\/12\/WhatsApp-Image-2024-12-08-at-12.44.16-1.jpeg\",\"width\":1600,\"height\":1600,\"caption\":\"nais-garden-Euonymus-japonicus\"},{\"@type\":\"BreadcrumbList\",\"@id\":\"https:\/\/naisgarden.rs\/index.php\/product\/euonymus-japonicus\/#breadcrumb\",\"itemListElement\":[{\"@type\":\"ListItem\",\"position\":1,\"name\":\"\u041f\u043e\u0447\u0435\u0442\u043d\u0430\",\"item\":\"https:\/\/naisgarden.rs\/\"},{\"@type\":\"ListItem\",\"position\":2,\"name\":\"Shop\",\"item\":\"https:\/\/naisgarden.rs\/index.php\/shop\/\"},{\"@type\":\"ListItem\",\"position\":3,\"name\":\"Euonymus japonicus\"}]},{\"@type\":\"WebSite\",\"@id\":\"https:\/\/naisgarden.rs\/#website\",\"url\":\"https:\/\/naisgarden.rs\/\",\"name\":\"Nais Garden\",\"description\":\"\",\"publisher\":{\"@id\":\"https:\/\/naisgarden.rs\/#organization\"},\"potentialAction\":[{\"@type\":\"SearchAction\",\"target\":{\"@type\":\"EntryPoint\",\"urlTemplate\":\"https:\/\/naisgarden.rs\/?s={search_term_string}\"},\"query-input\":{\"@type\":\"PropertyValueSpecification\",\"valueRequired\":true,\"valueName\":\"search_term_string\"}}],\"inLanguage\":\"sr-RS\"},{\"@type\":\"Organization\",\"@id\":\"https:\/\/naisgarden.rs\/#organization\",\"name\":\"Nais Garden\",\"url\":\"https:\/\/naisgarden.rs\/\",\"logo\":{\"@type\":\"ImageObject\",\"inLanguage\":\"sr-RS\",\"@id\":\"https:\/\/naisgarden.rs\/#\/schema\/logo\/image\/\",\"url\":\"https:\/\/naisgarden.rs\/wp-content\/uploads\/2024\/12\/logo_text_nais_garden-removebg-preview.png\",\"contentUrl\":\"https:\/\/naisgarden.rs\/wp-content\/uploads\/2024\/12\/logo_text_nais_garden-removebg-preview.png\",\"width\":560,\"height\":446,\"caption\":\"Nais Garden\"},\"image\":{\"@id\":\"https:\/\/naisgarden.rs\/#\/schema\/logo\/image\/\"},\"sameAs\":[\"https:\/\/www.facebook.com\/people\/Nais-Garden\/61564041879860\/\",\"https:\/\/www.instagram.com\/naisgarden.rs\/\"]}]}<\/script>\n<!-- \/ Yoast SEO plugin. -->","yoast_head_json":{"title":"Euonymus japonicus - Nais Garden","robots":{"index":"index","follow":"follow","max-snippet":"max-snippet:-1","max-image-preview":"max-image-preview:large","max-video-preview":"max-video-preview:-1"},"canonical":"https:\/\/naisgarden.rs\/index.php\/product\/euonymus-japonicus\/","og_locale":"sr_RS","og_type":"article","og_title":"Euonymus japonicus - Nais Garden","og_description":"Ovaj zimzeleni grm ili malo drvo uspeva u umerenoj klimi i prilago\u0111ava se \u0161irokom spektru uslova, uklju\u010duju\u0107i sun\u010dane, polusenovite i senovite polo\u017eaje.","og_url":"https:\/\/naisgarden.rs\/index.php\/product\/euonymus-japonicus\/","og_site_name":"Nais Garden","article_publisher":"https:\/\/www.facebook.com\/people\/Nais-Garden\/61564041879860\/","article_modified_time":"2024-12-14T16:00:11+00:00","og_image":[{"width":1600,"height":1600,"url":"https:\/\/naisgarden.rs\/wp-content\/uploads\/2024\/12\/WhatsApp-Image-2024-12-08-at-12.44.16-1.jpeg","type":"image\/jpeg"}],"twitter_card":"summary_large_image","twitter_misc":{"\u041f\u0440\u043e\u0446\u0435\u045a\u0435\u043d\u043e \u0432\u0440\u0435\u043c\u0435 \u0447\u0438\u0442\u0430\u045a\u0430":"1 \u043c\u0438\u043d\u0443\u0442"},"schema":{"@context":"https:\/\/schema.org","@graph":[{"@type":"WebPage","@id":"https:\/\/naisgarden.rs\/index.php\/product\/euonymus-japonicus\/","url":"https:\/\/naisgarden.rs\/index.php\/product\/euonymus-japonicus\/","name":"Euonymus japonicus - Nais Garden","isPartOf":{"@id":"https:\/\/naisgarden.rs\/#website"},"primaryImageOfPage":{"@id":"https:\/\/naisgarden.rs\/index.php\/product\/euonymus-japonicus\/#primaryimage"},"image":{"@id":"https:\/\/naisgarden.rs\/index.php\/product\/euonymus-japonicus\/#primaryimage"},"thumbnailUrl":"https:\/\/naisgarden.rs\/wp-content\/uploads\/2024\/12\/WhatsApp-Image-2024-12-08-at-12.44.16-1.jpeg","datePublished":"2024-12-08T12:04:22+00:00","dateModified":"2024-12-14T16:00:11+00:00","breadcrumb":{"@id":"https:\/\/naisgarden.rs\/index.php\/product\/euonymus-japonicus\/#breadcrumb"},"inLanguage":"sr-RS","potentialAction":[{"@type":"ReadAction","target":["https:\/\/naisgarden.rs\/index.php\/product\/euonymus-japonicus\/"]}]},{"@type":"ImageObject","inLanguage":"sr-RS","@id":"https:\/\/naisgarden.rs\/index.php\/product\/euonymus-japonicus\/#primaryimage","url":"https:\/\/naisgarden.rs\/wp-content\/uploads\/2024\/12\/WhatsApp-Image-2024-12-08-at-12.44.16-1.jpeg","contentUrl":"https:\/\/naisgarden.rs\/wp-content\/uploads\/2024\/12\/WhatsApp-Image-2024-12-08-at-12.44.16-1.jpeg","width":1600,"height":1600,"caption":"nais-garden-Euonymus-japonicus"},{"@type":"BreadcrumbList","@id":"https:\/\/naisgarden.rs\/index.php\/product\/euonymus-japonicus\/#breadcrumb","itemListElement":[{"@type":"ListItem","position":1,"name":"\u041f\u043e\u0447\u0435\u0442\u043d\u0430","item":"https:\/\/naisgarden.rs\/"},{"@type":"ListItem","position":2,"name":"Shop","item":"https:\/\/naisgarden.rs\/index.php\/shop\/"},{"@type":"ListItem","position":3,"name":"Euonymus japonicus"}]},{"@type":"WebSite","@id":"https:\/\/naisgarden.rs\/#website","url":"https:\/\/naisgarden.rs\/","name":"Nais Garden","description":"","publisher":{"@id":"https:\/\/naisgarden.rs\/#organization"},"potentialAction":[{"@type":"SearchAction","target":{"@type":"EntryPoint","urlTemplate":"https:\/\/naisgarden.rs\/?s={search_term_string}"},"query-input":{"@type":"PropertyValueSpecification","valueRequired":true,"valueName":"search_term_string"}}],"inLanguage":"sr-RS"},{"@type":"Organization","@id":"https:\/\/naisgarden.rs\/#organization","name":"Nais Garden","url":"https:\/\/naisgarden.rs\/","logo":{"@type":"ImageObject","inLanguage":"sr-RS","@id":"https:\/\/naisgarden.rs\/#\/schema\/logo\/image\/","url":"https:\/\/naisgarden.rs\/wp-content\/uploads\/2024\/12\/logo_text_nais_garden-removebg-preview.png","contentUrl":"https:\/\/naisgarden.rs\/wp-content\/uploads\/2024\/12\/logo_text_nais_garden-removebg-preview.png","width":560,"height":446,"caption":"Nais Garden"},"image":{"@id":"https:\/\/naisgarden.rs\/#\/schema\/logo\/image\/"},"sameAs":["https:\/\/www.facebook.com\/people\/Nais-Garden\/61564041879860\/","https:\/\/www.instagram.com\/naisgarden.rs\/"]}]}},"_links":{"self":[{"href":"https:\/\/naisgarden.rs\/index.php\/wp-json\/wp\/v2\/product\/216","targetHints":{"allow":["GET"]}}],"collection":[{"href":"https:\/\/naisgarden.rs\/index.php\/wp-json\/wp\/v2\/product"}],"about":[{"href":"https:\/\/naisgarden.rs\/index.php\/wp-json\/wp\/v2\/types\/product"}],"wp:featuredmedia":[{"embeddable":true,"href":"https:\/\/naisgarden.rs\/index.php\/wp-json\/wp\/v2\/media\/217"}],"wp:attachment":[{"href":"https:\/\/naisgarden.rs\/index.php\/wp-json\/wp\/v2\/media?parent=216"}],"wp:term":[{"taxonomy":"product_brand","embeddable":true,"href":"https:\/\/naisgarden.rs\/index.php\/wp-json\/wp\/v2\/product_brand?post=216"},{"taxonomy":"product_cat","embeddable":true,"href":"https:\/\/naisgarden.rs\/index.php\/wp-json\/wp\/v2\/product_cat?post=216"},{"taxonomy":"product_tag","embeddable":true,"href":"https:\/\/naisgarden.rs\/index.php\/wp-json\/wp\/v2\/product_tag?post=216"}],"curies":[{"name":"wp","href":"https:\/\/api.w.org\/{rel}","templated":true}]}}