{"id":211,"date":"2024-12-08T11:59:22","date_gmt":"2024-12-08T11:59:22","guid":{"rendered":"https:\/\/sofabatons.com\/wordpress\/?post_type=product&#038;p=211"},"modified":"2025-01-03T09:56:00","modified_gmt":"2025-01-03T09:56:00","slug":"cupressocyparis-leylandii","status":"publish","type":"product","link":"https:\/\/naisgarden.rs\/index.php\/product\/cupressocyparis-leylandii\/","title":{"rendered":"Cupressocyparis leylandii &#8216;Leylandia&#8217;"},"content":{"rendered":"<p>Cupressocyparis leylandii ili Leylandijev \u010dempres je hibrid izme\u0111u Cupressus macrocarpa i Chamaecyparis nootkatensis. Poreklom je iz Velike Britanije, gde je nastao slu\u010dajnim ukr\u0161tanjem u 19. veku. Ovaj zimzeleni \u010detinar brzo raste i idealan je za umerenu klimu. Ima gustu, piramidalnu formu i tamnozelene iglice koje stvaraju gusti zid. Leylandii je popularan izbor za visoke \u017eive ograde jer brzo formira prirodnu barijeru za vetar i privatnost. Uspeva na razli\u010ditim tipovima zemlji\u0161ta, uklju\u010duju\u0107i siroma\u0161na, pod uslovom da je dobro drenirano. Biljka podnosi sunce, polusenku i povremeno orezivanje, \u0161to je \u010dini lakom za odr\u017eavanje. Me\u0111utim, zbog brzog rasta, zahteva redovno oblikovanje kako bi zadr\u017eala \u017eeljenu veli\u010dinu i gusto\u0107u. Leylandii je tako\u0111e otporan na zaga\u0111enje, \u0161to ga \u010dini idealnim za urbane i ruralne prostore.<\/p>\n","protected":false},"excerpt":{"rendered":"<p>Cupressocyparis leylandii ili Leylandijev \u010dempres je hibrid izme\u0111u Cupressus macrocarpa i Chamaecyparis nootkatensis.<\/p>\n","protected":false},"featured_media":212,"template":"","meta":[],"product_brand":[],"product_cat":[20,70,21],"product_tag":[42,60,54,55,39,61,62],"class_list":{"0":"post-211","1":"product","2":"type-product","3":"status-publish","4":"has-post-thumbnail","6":"product_cat-cetinari","7":"product_cat-svi-proizvodi","8":"product_cat-visoki-cetinari","9":"product_tag-biljka","10":"product_tag-cempres","11":"product_tag-cetinar","12":"product_tag-dekorativna","13":"product_tag-drvo","14":"product_tag-hibrid","15":"product_tag-zimzeleno","17":"first","18":"instock","19":"shipping-taxable","20":"purchasable","21":"product-type-simple"},"yoast_head":"<!-- This site is optimized with the Yoast SEO plugin v24.8.1 - https:\/\/yoast.com\/wordpress\/plugins\/seo\/ -->\n<title>Cupressocyparis leylandii &#039;Leylandia&#039; - Nais Garden<\/title>\n<meta name=\"robots\" content=\"index, follow, max-snippet:-1, max-image-preview:large, max-video-preview:-1\" \/>\n<link rel=\"canonical\" href=\"https:\/\/naisgarden.rs\/index.php\/product\/cupressocyparis-leylandii\/\" \/>\n<meta property=\"og:locale\" content=\"sr_RS\" \/>\n<meta property=\"og:type\" content=\"article\" \/>\n<meta property=\"og:title\" content=\"Cupressocyparis leylandii &#039;Leylandia&#039; - Nais Garden\" \/>\n<meta property=\"og:description\" content=\"Cupressocyparis leylandii ili Leylandijev \u010dempres je hibrid izme\u0111u Cupressus macrocarpa i Chamaecyparis nootkatensis.\" \/>\n<meta property=\"og:url\" content=\"https:\/\/naisgarden.rs\/index.php\/product\/cupressocyparis-leylandii\/\" \/>\n<meta property=\"og:site_name\" content=\"Nais Garden\" \/>\n<meta property=\"article:publisher\" content=\"https:\/\/www.facebook.com\/people\/Nais-Garden\/61564041879860\/\" \/>\n<meta property=\"article:modified_time\" content=\"2025-01-03T09:56:00+00:00\" \/>\n<meta property=\"og:image\" content=\"https:\/\/naisgarden.rs\/wp-content\/uploads\/2024\/12\/WhatsApp-Image-2024-12-08-at-12.43.37.jpeg\" \/>\n\t<meta property=\"og:image:width\" content=\"1600\" \/>\n\t<meta property=\"og:image:height\" content=\"1600\" \/>\n\t<meta property=\"og:image:type\" content=\"image\/jpeg\" \/>\n<meta name=\"twitter:card\" content=\"summary_large_image\" \/>\n<meta name=\"twitter:label1\" content=\"\u041f\u0440\u043e\u0446\u0435\u045a\u0435\u043d\u043e \u0432\u0440\u0435\u043c\u0435 \u0447\u0438\u0442\u0430\u045a\u0430\" \/>\n\t<meta name=\"twitter:data1\" content=\"1 \u043c\u0438\u043d\u0443\u0442\" \/>\n<script type=\"application\/ld+json\" class=\"yoast-schema-graph\">{\"@context\":\"https:\/\/schema.org\",\"@graph\":[{\"@type\":\"WebPage\",\"@id\":\"https:\/\/naisgarden.rs\/index.php\/product\/cupressocyparis-leylandii\/\",\"url\":\"https:\/\/naisgarden.rs\/index.php\/product\/cupressocyparis-leylandii\/\",\"name\":\"Cupressocyparis leylandii 'Leylandia' - Nais Garden\",\"isPartOf\":{\"@id\":\"https:\/\/naisgarden.rs\/#website\"},\"primaryImageOfPage\":{\"@id\":\"https:\/\/naisgarden.rs\/index.php\/product\/cupressocyparis-leylandii\/#primaryimage\"},\"image\":{\"@id\":\"https:\/\/naisgarden.rs\/index.php\/product\/cupressocyparis-leylandii\/#primaryimage\"},\"thumbnailUrl\":\"https:\/\/naisgarden.rs\/wp-content\/uploads\/2024\/12\/WhatsApp-Image-2024-12-08-at-12.43.37.jpeg\",\"datePublished\":\"2024-12-08T11:59:22+00:00\",\"dateModified\":\"2025-01-03T09:56:00+00:00\",\"breadcrumb\":{\"@id\":\"https:\/\/naisgarden.rs\/index.php\/product\/cupressocyparis-leylandii\/#breadcrumb\"},\"inLanguage\":\"sr-RS\",\"potentialAction\":[{\"@type\":\"ReadAction\",\"target\":[\"https:\/\/naisgarden.rs\/index.php\/product\/cupressocyparis-leylandii\/\"]}]},{\"@type\":\"ImageObject\",\"inLanguage\":\"sr-RS\",\"@id\":\"https:\/\/naisgarden.rs\/index.php\/product\/cupressocyparis-leylandii\/#primaryimage\",\"url\":\"https:\/\/naisgarden.rs\/wp-content\/uploads\/2024\/12\/WhatsApp-Image-2024-12-08-at-12.43.37.jpeg\",\"contentUrl\":\"https:\/\/naisgarden.rs\/wp-content\/uploads\/2024\/12\/WhatsApp-Image-2024-12-08-at-12.43.37.jpeg\",\"width\":1600,\"height\":1600,\"caption\":\"nais-garden-Cupressocyparis\"},{\"@type\":\"BreadcrumbList\",\"@id\":\"https:\/\/naisgarden.rs\/index.php\/product\/cupressocyparis-leylandii\/#breadcrumb\",\"itemListElement\":[{\"@type\":\"ListItem\",\"position\":1,\"name\":\"\u041f\u043e\u0447\u0435\u0442\u043d\u0430\",\"item\":\"https:\/\/naisgarden.rs\/\"},{\"@type\":\"ListItem\",\"position\":2,\"name\":\"Shop\",\"item\":\"https:\/\/naisgarden.rs\/index.php\/shop\/\"},{\"@type\":\"ListItem\",\"position\":3,\"name\":\"Cupressocyparis leylandii &#8216;Leylandia&#8217;\"}]},{\"@type\":\"WebSite\",\"@id\":\"https:\/\/naisgarden.rs\/#website\",\"url\":\"https:\/\/naisgarden.rs\/\",\"name\":\"Nais Garden\",\"description\":\"\",\"publisher\":{\"@id\":\"https:\/\/naisgarden.rs\/#organization\"},\"potentialAction\":[{\"@type\":\"SearchAction\",\"target\":{\"@type\":\"EntryPoint\",\"urlTemplate\":\"https:\/\/naisgarden.rs\/?s={search_term_string}\"},\"query-input\":{\"@type\":\"PropertyValueSpecification\",\"valueRequired\":true,\"valueName\":\"search_term_string\"}}],\"inLanguage\":\"sr-RS\"},{\"@type\":\"Organization\",\"@id\":\"https:\/\/naisgarden.rs\/#organization\",\"name\":\"Nais Garden\",\"url\":\"https:\/\/naisgarden.rs\/\",\"logo\":{\"@type\":\"ImageObject\",\"inLanguage\":\"sr-RS\",\"@id\":\"https:\/\/naisgarden.rs\/#\/schema\/logo\/image\/\",\"url\":\"https:\/\/naisgarden.rs\/wp-content\/uploads\/2024\/12\/logo_text_nais_garden-removebg-preview.png\",\"contentUrl\":\"https:\/\/naisgarden.rs\/wp-content\/uploads\/2024\/12\/logo_text_nais_garden-removebg-preview.png\",\"width\":560,\"height\":446,\"caption\":\"Nais Garden\"},\"image\":{\"@id\":\"https:\/\/naisgarden.rs\/#\/schema\/logo\/image\/\"},\"sameAs\":[\"https:\/\/www.facebook.com\/people\/Nais-Garden\/61564041879860\/\",\"https:\/\/www.instagram.com\/naisgarden.rs\/\"]}]}<\/script>\n<!-- \/ Yoast SEO plugin. -->","yoast_head_json":{"title":"Cupressocyparis leylandii 'Leylandia' - Nais Garden","robots":{"index":"index","follow":"follow","max-snippet":"max-snippet:-1","max-image-preview":"max-image-preview:large","max-video-preview":"max-video-preview:-1"},"canonical":"https:\/\/naisgarden.rs\/index.php\/product\/cupressocyparis-leylandii\/","og_locale":"sr_RS","og_type":"article","og_title":"Cupressocyparis leylandii 'Leylandia' - Nais Garden","og_description":"Cupressocyparis leylandii ili Leylandijev \u010dempres je hibrid izme\u0111u Cupressus macrocarpa i Chamaecyparis nootkatensis.","og_url":"https:\/\/naisgarden.rs\/index.php\/product\/cupressocyparis-leylandii\/","og_site_name":"Nais Garden","article_publisher":"https:\/\/www.facebook.com\/people\/Nais-Garden\/61564041879860\/","article_modified_time":"2025-01-03T09:56:00+00:00","og_image":[{"width":1600,"height":1600,"url":"https:\/\/naisgarden.rs\/wp-content\/uploads\/2024\/12\/WhatsApp-Image-2024-12-08-at-12.43.37.jpeg","type":"image\/jpeg"}],"twitter_card":"summary_large_image","twitter_misc":{"\u041f\u0440\u043e\u0446\u0435\u045a\u0435\u043d\u043e \u0432\u0440\u0435\u043c\u0435 \u0447\u0438\u0442\u0430\u045a\u0430":"1 \u043c\u0438\u043d\u0443\u0442"},"schema":{"@context":"https:\/\/schema.org","@graph":[{"@type":"WebPage","@id":"https:\/\/naisgarden.rs\/index.php\/product\/cupressocyparis-leylandii\/","url":"https:\/\/naisgarden.rs\/index.php\/product\/cupressocyparis-leylandii\/","name":"Cupressocyparis leylandii 'Leylandia' - Nais Garden","isPartOf":{"@id":"https:\/\/naisgarden.rs\/#website"},"primaryImageOfPage":{"@id":"https:\/\/naisgarden.rs\/index.php\/product\/cupressocyparis-leylandii\/#primaryimage"},"image":{"@id":"https:\/\/naisgarden.rs\/index.php\/product\/cupressocyparis-leylandii\/#primaryimage"},"thumbnailUrl":"https:\/\/naisgarden.rs\/wp-content\/uploads\/2024\/12\/WhatsApp-Image-2024-12-08-at-12.43.37.jpeg","datePublished":"2024-12-08T11:59:22+00:00","dateModified":"2025-01-03T09:56:00+00:00","breadcrumb":{"@id":"https:\/\/naisgarden.rs\/index.php\/product\/cupressocyparis-leylandii\/#breadcrumb"},"inLanguage":"sr-RS","potentialAction":[{"@type":"ReadAction","target":["https:\/\/naisgarden.rs\/index.php\/product\/cupressocyparis-leylandii\/"]}]},{"@type":"ImageObject","inLanguage":"sr-RS","@id":"https:\/\/naisgarden.rs\/index.php\/product\/cupressocyparis-leylandii\/#primaryimage","url":"https:\/\/naisgarden.rs\/wp-content\/uploads\/2024\/12\/WhatsApp-Image-2024-12-08-at-12.43.37.jpeg","contentUrl":"https:\/\/naisgarden.rs\/wp-content\/uploads\/2024\/12\/WhatsApp-Image-2024-12-08-at-12.43.37.jpeg","width":1600,"height":1600,"caption":"nais-garden-Cupressocyparis"},{"@type":"BreadcrumbList","@id":"https:\/\/naisgarden.rs\/index.php\/product\/cupressocyparis-leylandii\/#breadcrumb","itemListElement":[{"@type":"ListItem","position":1,"name":"\u041f\u043e\u0447\u0435\u0442\u043d\u0430","item":"https:\/\/naisgarden.rs\/"},{"@type":"ListItem","position":2,"name":"Shop","item":"https:\/\/naisgarden.rs\/index.php\/shop\/"},{"@type":"ListItem","position":3,"name":"Cupressocyparis leylandii &#8216;Leylandia&#8217;"}]},{"@type":"WebSite","@id":"https:\/\/naisgarden.rs\/#website","url":"https:\/\/naisgarden.rs\/","name":"Nais Garden","description":"","publisher":{"@id":"https:\/\/naisgarden.rs\/#organization"},"potentialAction":[{"@type":"SearchAction","target":{"@type":"EntryPoint","urlTemplate":"https:\/\/naisgarden.rs\/?s={search_term_string}"},"query-input":{"@type":"PropertyValueSpecification","valueRequired":true,"valueName":"search_term_string"}}],"inLanguage":"sr-RS"},{"@type":"Organization","@id":"https:\/\/naisgarden.rs\/#organization","name":"Nais Garden","url":"https:\/\/naisgarden.rs\/","logo":{"@type":"ImageObject","inLanguage":"sr-RS","@id":"https:\/\/naisgarden.rs\/#\/schema\/logo\/image\/","url":"https:\/\/naisgarden.rs\/wp-content\/uploads\/2024\/12\/logo_text_nais_garden-removebg-preview.png","contentUrl":"https:\/\/naisgarden.rs\/wp-content\/uploads\/2024\/12\/logo_text_nais_garden-removebg-preview.png","width":560,"height":446,"caption":"Nais Garden"},"image":{"@id":"https:\/\/naisgarden.rs\/#\/schema\/logo\/image\/"},"sameAs":["https:\/\/www.facebook.com\/people\/Nais-Garden\/61564041879860\/","https:\/\/www.instagram.com\/naisgarden.rs\/"]}]}},"_links":{"self":[{"href":"https:\/\/naisgarden.rs\/index.php\/wp-json\/wp\/v2\/product\/211","targetHints":{"allow":["GET"]}}],"collection":[{"href":"https:\/\/naisgarden.rs\/index.php\/wp-json\/wp\/v2\/product"}],"about":[{"href":"https:\/\/naisgarden.rs\/index.php\/wp-json\/wp\/v2\/types\/product"}],"wp:featuredmedia":[{"embeddable":true,"href":"https:\/\/naisgarden.rs\/index.php\/wp-json\/wp\/v2\/media\/212"}],"wp:attachment":[{"href":"https:\/\/naisgarden.rs\/index.php\/wp-json\/wp\/v2\/media?parent=211"}],"wp:term":[{"taxonomy":"product_brand","embeddable":true,"href":"https:\/\/naisgarden.rs\/index.php\/wp-json\/wp\/v2\/product_brand?post=211"},{"taxonomy":"product_cat","embeddable":true,"href":"https:\/\/naisgarden.rs\/index.php\/wp-json\/wp\/v2\/product_cat?post=211"},{"taxonomy":"product_tag","embeddable":true,"href":"https:\/\/naisgarden.rs\/index.php\/wp-json\/wp\/v2\/product_tag?post=211"}],"curies":[{"name":"wp","href":"https:\/\/api.w.org\/{rel}","templated":true}]}}