{"id":105,"date":"2024-12-07T15:20:21","date_gmt":"2024-12-07T15:20:21","guid":{"rendered":"https:\/\/sofabatons.com\/wordpress\/?page_id=105"},"modified":"2024-12-23T19:33:05","modified_gmt":"2024-12-23T19:33:05","slug":"o-nama","status":"publish","type":"page","link":"https:\/\/naisgarden.rs\/index.php\/o-nama\/","title":{"rendered":"O nama"},"content":{"rendered":"<h2 class=\"wp-block-gutenverse-heading guten-element guten-dS6BtH\">Dobrodo\u0161li u Nais Garden \u2013 mesto gde znanje i kreativnost zajedno stvaraju zelene oaze!<\/h2><p aria-label=\"Text Paragraph\" class=\"guten-element gutenverse-text guten-H6O0Ak\"><mark style=\"background-color:rgba(0, 0, 0, 0)\" class=\"has-inline-color has-waterlava-ninth-color\">Na\u0161a pri\u010da<span id=\"guten-811Cul\"><span class=\"guten-text-highlight guten-FzcpPG\" id=\"guten-OlaE65\"> <\/span><\/span>nastala je iz ljubavi prema biljkama i prirodi, vo\u0111ena idejom da kvalitet i posve\u0107enost uvek budu na prvom mestu.Nais Garden je zami\u0161ljen kao rasadnik u kojem svako mo\u017ee prona\u0107i inspiraciju i re\u0161enja za stvaranje jedinstvenih zelenih prostora. <br><\/mark><br><\/p><p aria-label=\"Text Paragraph\" class=\"guten-element gutenverse-text guten-YveZAA\">Na\u0161a <mark style=\"background-color:rgba(0, 0, 0, 0)\" class=\"has-inline-color has-waterlava-ninth-color\">misija <\/mark>je da vam pru\u017eimo pa\u017eljivo odabran sadni materijal, visokog kvaliteta, iz proverenih izvora. Pored pomo\u0107i oko odabira materiala, na\u0161 tim vam nudi i savete oko odr\u017eavanja zelenila.<\/p><div class=\"guten-element guten-spacer guten-G0N8DI\"><\/div><p aria-label=\"Text Paragraph\" class=\"guten-element gutenverse-text guten-JVtdgQ\"><mark style=\"background-color:rgba(0, 0, 0, 0)\" class=\"has-inline-color has-waterlava-ninth-color\">U na\u0161oj ponudi nalaze se:<\/mark><\/p><div class=\"guten-element guten-spacer guten-RvlizB\"><\/div><p aria-label=\"Text Paragraph\" class=\"guten-element gutenverse-text guten-iLQrvj\"><mark style=\"background-color:rgba(0, 0, 0, 0)\" class=\"has-inline-color has-waterlava-ninth-color\">Ukrasno drve\u0107e i \u017ebunje,<br>Sezonsko i egzoti\u010dno cve\u0107e,<br>Ba\u0161tenski mobilijar poput prskalica,<br>Visokokvalitetni supstrati i mal\u010d.<\/mark><\/p><div class=\"guten-element guten-spacer guten-CYsv1Z\"><\/div><p aria-label=\"Text Paragraph\" class=\"guten-element gutenverse-text guten-gSXHLa\"><mark style=\"background-color:rgba(0, 0, 0, 0)\" class=\"has-inline-color has-waterlava-ninth-color\">Bez obzira na to da li \u017eelite da osve\u017eite svoju ba\u0161tu, kreirate inspirativan ambijent ili unesete prirodu u svoj dom, Nais Garden je tu da vam pomogne da va\u0161e ideje postanu stvarnost.<\/mark><\/p><div class=\"guten-element guten-spacer guten-DAX3XP\"><\/div><p aria-label=\"Text Paragraph\" class=\"guten-element gutenverse-text guten-80yXS0\"><mark style=\"background-color:rgba(0, 0, 0, 0)\" class=\"has-inline-color has-waterlava-ninth-color\">S ljubavlju,<br>Va\u0161&nbsp;Nais&nbsp;Garden<\/mark><\/p>","protected":false},"excerpt":{"rendered":"","protected":false},"author":1,"featured_media":0,"parent":0,"menu_order":0,"comment_status":"closed","ping_status":"closed","template":"","meta":{"footnotes":""},"class_list":["post-105","page","type-page","status-publish","hentry"],"yoast_head":"<!-- This site is optimized with the Yoast SEO plugin v24.8.1 - https:\/\/yoast.com\/wordpress\/plugins\/seo\/ -->\n<title>O nama - Nais Garden<\/title>\n<meta name=\"description\" content=\"Na\u0161a pri\u010da nastala je iz ljubavi prema biljkama i prirodi, vo\u0111ena idejom da kvalitet i posve\u0107enost uvek budu na prvom mestu.\" \/>\n<meta name=\"robots\" content=\"index, follow, max-snippet:-1, max-image-preview:large, max-video-preview:-1\" \/>\n<link rel=\"canonical\" href=\"https:\/\/naisgarden.rs\/index.php\/o-nama\/\" \/>\n<meta property=\"og:locale\" content=\"sr_RS\" \/>\n<meta property=\"og:type\" content=\"article\" \/>\n<meta property=\"og:title\" content=\"O nama - Nais Garden\" \/>\n<meta property=\"og:description\" content=\"Na\u0161a pri\u010da nastala je iz ljubavi prema biljkama i prirodi, vo\u0111ena idejom da kvalitet i posve\u0107enost uvek budu na prvom mestu.\" \/>\n<meta property=\"og:url\" content=\"https:\/\/naisgarden.rs\/index.php\/o-nama\/\" \/>\n<meta property=\"og:site_name\" content=\"Nais Garden\" \/>\n<meta property=\"article:publisher\" content=\"https:\/\/www.facebook.com\/people\/Nais-Garden\/61564041879860\/\" \/>\n<meta property=\"article:modified_time\" content=\"2024-12-23T19:33:05+00:00\" \/>\n<meta name=\"twitter:card\" content=\"summary_large_image\" \/>\n<meta name=\"twitter:label1\" content=\"\u041f\u0440\u043e\u0446\u0435\u045a\u0435\u043d\u043e \u0432\u0440\u0435\u043c\u0435 \u0447\u0438\u0442\u0430\u045a\u0430\" \/>\n\t<meta name=\"twitter:data1\" content=\"1 \u043c\u0438\u043d\u0443\u0442\" \/>\n<script type=\"application\/ld+json\" class=\"yoast-schema-graph\">{\"@context\":\"https:\/\/schema.org\",\"@graph\":[{\"@type\":\"WebPage\",\"@id\":\"https:\/\/naisgarden.rs\/index.php\/o-nama\/\",\"url\":\"https:\/\/naisgarden.rs\/index.php\/o-nama\/\",\"name\":\"O nama - Nais Garden\",\"isPartOf\":{\"@id\":\"https:\/\/naisgarden.rs\/#website\"},\"datePublished\":\"2024-12-07T15:20:21+00:00\",\"dateModified\":\"2024-12-23T19:33:05+00:00\",\"description\":\"Na\u0161a pri\u010da nastala je iz ljubavi prema biljkama i prirodi, vo\u0111ena idejom da kvalitet i posve\u0107enost uvek budu na prvom mestu.\",\"breadcrumb\":{\"@id\":\"https:\/\/naisgarden.rs\/index.php\/o-nama\/#breadcrumb\"},\"inLanguage\":\"sr-RS\",\"potentialAction\":[{\"@type\":\"ReadAction\",\"target\":[\"https:\/\/naisgarden.rs\/index.php\/o-nama\/\"]}]},{\"@type\":\"BreadcrumbList\",\"@id\":\"https:\/\/naisgarden.rs\/index.php\/o-nama\/#breadcrumb\",\"itemListElement\":[{\"@type\":\"ListItem\",\"position\":1,\"name\":\"\u041f\u043e\u0447\u0435\u0442\u043d\u0430\",\"item\":\"https:\/\/naisgarden.rs\/\"},{\"@type\":\"ListItem\",\"position\":2,\"name\":\"O nama\"}]},{\"@type\":\"WebSite\",\"@id\":\"https:\/\/naisgarden.rs\/#website\",\"url\":\"https:\/\/naisgarden.rs\/\",\"name\":\"Nais Garden\",\"description\":\"\",\"publisher\":{\"@id\":\"https:\/\/naisgarden.rs\/#organization\"},\"potentialAction\":[{\"@type\":\"SearchAction\",\"target\":{\"@type\":\"EntryPoint\",\"urlTemplate\":\"https:\/\/naisgarden.rs\/?s={search_term_string}\"},\"query-input\":{\"@type\":\"PropertyValueSpecification\",\"valueRequired\":true,\"valueName\":\"search_term_string\"}}],\"inLanguage\":\"sr-RS\"},{\"@type\":\"Organization\",\"@id\":\"https:\/\/naisgarden.rs\/#organization\",\"name\":\"Nais Garden\",\"url\":\"https:\/\/naisgarden.rs\/\",\"logo\":{\"@type\":\"ImageObject\",\"inLanguage\":\"sr-RS\",\"@id\":\"https:\/\/naisgarden.rs\/#\/schema\/logo\/image\/\",\"url\":\"https:\/\/naisgarden.rs\/wp-content\/uploads\/2024\/12\/logo_text_nais_garden-removebg-preview.png\",\"contentUrl\":\"https:\/\/naisgarden.rs\/wp-content\/uploads\/2024\/12\/logo_text_nais_garden-removebg-preview.png\",\"width\":560,\"height\":446,\"caption\":\"Nais Garden\"},\"image\":{\"@id\":\"https:\/\/naisgarden.rs\/#\/schema\/logo\/image\/\"},\"sameAs\":[\"https:\/\/www.facebook.com\/people\/Nais-Garden\/61564041879860\/\",\"https:\/\/www.instagram.com\/naisgarden.rs\/\"]}]}<\/script>\n<!-- \/ Yoast SEO plugin. -->","yoast_head_json":{"title":"O nama - Nais Garden","description":"Na\u0161a pri\u010da nastala je iz ljubavi prema biljkama i prirodi, vo\u0111ena idejom da kvalitet i posve\u0107enost uvek budu na prvom mestu.","robots":{"index":"index","follow":"follow","max-snippet":"max-snippet:-1","max-image-preview":"max-image-preview:large","max-video-preview":"max-video-preview:-1"},"canonical":"https:\/\/naisgarden.rs\/index.php\/o-nama\/","og_locale":"sr_RS","og_type":"article","og_title":"O nama - Nais Garden","og_description":"Na\u0161a pri\u010da nastala je iz ljubavi prema biljkama i prirodi, vo\u0111ena idejom da kvalitet i posve\u0107enost uvek budu na prvom mestu.","og_url":"https:\/\/naisgarden.rs\/index.php\/o-nama\/","og_site_name":"Nais Garden","article_publisher":"https:\/\/www.facebook.com\/people\/Nais-Garden\/61564041879860\/","article_modified_time":"2024-12-23T19:33:05+00:00","twitter_card":"summary_large_image","twitter_misc":{"\u041f\u0440\u043e\u0446\u0435\u045a\u0435\u043d\u043e \u0432\u0440\u0435\u043c\u0435 \u0447\u0438\u0442\u0430\u045a\u0430":"1 \u043c\u0438\u043d\u0443\u0442"},"schema":{"@context":"https:\/\/schema.org","@graph":[{"@type":"WebPage","@id":"https:\/\/naisgarden.rs\/index.php\/o-nama\/","url":"https:\/\/naisgarden.rs\/index.php\/o-nama\/","name":"O nama - Nais Garden","isPartOf":{"@id":"https:\/\/naisgarden.rs\/#website"},"datePublished":"2024-12-07T15:20:21+00:00","dateModified":"2024-12-23T19:33:05+00:00","description":"Na\u0161a pri\u010da nastala je iz ljubavi prema biljkama i prirodi, vo\u0111ena idejom da kvalitet i posve\u0107enost uvek budu na prvom mestu.","breadcrumb":{"@id":"https:\/\/naisgarden.rs\/index.php\/o-nama\/#breadcrumb"},"inLanguage":"sr-RS","potentialAction":[{"@type":"ReadAction","target":["https:\/\/naisgarden.rs\/index.php\/o-nama\/"]}]},{"@type":"BreadcrumbList","@id":"https:\/\/naisgarden.rs\/index.php\/o-nama\/#breadcrumb","itemListElement":[{"@type":"ListItem","position":1,"name":"\u041f\u043e\u0447\u0435\u0442\u043d\u0430","item":"https:\/\/naisgarden.rs\/"},{"@type":"ListItem","position":2,"name":"O nama"}]},{"@type":"WebSite","@id":"https:\/\/naisgarden.rs\/#website","url":"https:\/\/naisgarden.rs\/","name":"Nais Garden","description":"","publisher":{"@id":"https:\/\/naisgarden.rs\/#organization"},"potentialAction":[{"@type":"SearchAction","target":{"@type":"EntryPoint","urlTemplate":"https:\/\/naisgarden.rs\/?s={search_term_string}"},"query-input":{"@type":"PropertyValueSpecification","valueRequired":true,"valueName":"search_term_string"}}],"inLanguage":"sr-RS"},{"@type":"Organization","@id":"https:\/\/naisgarden.rs\/#organization","name":"Nais Garden","url":"https:\/\/naisgarden.rs\/","logo":{"@type":"ImageObject","inLanguage":"sr-RS","@id":"https:\/\/naisgarden.rs\/#\/schema\/logo\/image\/","url":"https:\/\/naisgarden.rs\/wp-content\/uploads\/2024\/12\/logo_text_nais_garden-removebg-preview.png","contentUrl":"https:\/\/naisgarden.rs\/wp-content\/uploads\/2024\/12\/logo_text_nais_garden-removebg-preview.png","width":560,"height":446,"caption":"Nais Garden"},"image":{"@id":"https:\/\/naisgarden.rs\/#\/schema\/logo\/image\/"},"sameAs":["https:\/\/www.facebook.com\/people\/Nais-Garden\/61564041879860\/","https:\/\/www.instagram.com\/naisgarden.rs\/"]}]}},"_links":{"self":[{"href":"https:\/\/naisgarden.rs\/index.php\/wp-json\/wp\/v2\/pages\/105","targetHints":{"allow":["GET"]}}],"collection":[{"href":"https:\/\/naisgarden.rs\/index.php\/wp-json\/wp\/v2\/pages"}],"about":[{"href":"https:\/\/naisgarden.rs\/index.php\/wp-json\/wp\/v2\/types\/page"}],"author":[{"embeddable":true,"href":"https:\/\/naisgarden.rs\/index.php\/wp-json\/wp\/v2\/users\/1"}],"replies":[{"embeddable":true,"href":"https:\/\/naisgarden.rs\/index.php\/wp-json\/wp\/v2\/comments?post=105"}],"version-history":[{"count":8,"href":"https:\/\/naisgarden.rs\/index.php\/wp-json\/wp\/v2\/pages\/105\/revisions"}],"predecessor-version":[{"id":245,"href":"https:\/\/naisgarden.rs\/index.php\/wp-json\/wp\/v2\/pages\/105\/revisions\/245"}],"wp:attachment":[{"href":"https:\/\/naisgarden.rs\/index.php\/wp-json\/wp\/v2\/media?parent=105"}],"curies":[{"name":"wp","href":"https:\/\/api.w.org\/{rel}","templated":true}]}}